{"id":1077,"date":"2025-01-17T07:53:35","date_gmt":"2025-01-17T07:53:35","guid":{"rendered":"https:\/\/foto.chorzow.pl\/?page_id=1077"},"modified":"2026-05-11T08:04:28","modified_gmt":"2026-05-11T08:04:28","slug":"oferta-zdjecia-dron","status":"publish","type":"page","link":"https:\/\/foto.chorzow.pl\/?page_id=1077","title":{"rendered":"DRON"},"content":{"rendered":"\n<p>Fotografie wykonywane za pomoc\u0105 <strong>drona<\/strong> mog\u0105 by\u0107 wykorzystane w reklamie prowadzonej dzia\u0142alno\u015bci, pozwalaj\u0105 wykona\u0107 ciekawe uj\u0119cia &#8222;z lotu ptaka&#8221; w trakcie imprez, ale mog\u0105 te\u017c pom\u00f3c w ocenie stanu dachu budynku i wykry\u0107 ewentualne zagro\u017cenia (uszkodzona papa, dach\u00f3wki, obr\u00f3bki blacharskie, ubytki tynku, ro\u015blinno\u015b\u0107). Ta ostatnia us\u0142uga polecana jest w przypadku sko\u015bnych, trudnodost\u0119pnych dach\u00f3w. <\/p>\n\n\n\n<p>Zdj\u0119cia dokumentuj\u0105 remonty, wyburzanie lub budow\u0119 budowli, mog\u0105 zosta\u0107 wykorzystane w dokumentacji przed i powykonawczej przeprowadzanych inwestycji lub w materia\u0142ach inwestorskich. Mo\u017cliwa jest inspekcja farm fotowoltaiki i innych trudnodost\u0119pnych miejsc. Fotografie mog\u0105 r\u00f3wnie\u017c s\u0142u\u017cy\u0107 jako dow\u00f3d np. wykonania prac od\u015bnie\u017cania podczas zimy.<\/p>\n\n\n\n<p>&#8211; rozdzielczo\u015b\u0107 zdj\u0119\u0107 12 MP;<\/p>\n\n\n\n<p>&#8211; do\u015bwiadczony pilot <strong>drona <\/strong>z uprawnieniami;<\/p>\n\n\n\n<p>&#8211; rozliczenia faktur\u0105 VAT;<\/p>\n\n\n\n<p>&#8211; indywidualne wyceny dla ka\u017cdego klienta;<\/p>\n\n\n\n<p>&#8211; wykonanie zdj\u0119\u0107 mo\u017cliwe pod warunkiem sprzyjaj\u0105cej pogody i braku stref ograniczaj\u0105cych mo\u017cliwo\u015bci lotu <strong>dronem<\/strong>.<\/p>\n\n\n\n<p>Kontakt pod nr tel. 601197056.<\/p>\n\n\n\n<figure class=\"wp-block-image size-full\"><img loading=\"lazy\" decoding=\"async\" width=\"1200\" height=\"800\" src=\"https:\/\/foto.chorzow.pl\/wp-content\/uploads\/2025\/01\/DJI_0046.jpg\" alt=\"Zdj\u0119cie wykonane dronem.\" class=\"wp-image-1078\" srcset=\"https:\/\/foto.chorzow.pl\/wp-content\/uploads\/2025\/01\/DJI_0046.jpg 1200w, https:\/\/foto.chorzow.pl\/wp-content\/uploads\/2025\/01\/DJI_0046-300x200.jpg 300w, https:\/\/foto.chorzow.pl\/wp-content\/uploads\/2025\/01\/DJI_0046-1024x683.jpg 1024w, https:\/\/foto.chorzow.pl\/wp-content\/uploads\/2025\/01\/DJI_0046-768x512.jpg 768w, https:\/\/foto.chorzow.pl\/wp-content\/uploads\/2025\/01\/DJI_0046-450x300.jpg 450w\" sizes=\"auto, (max-width: 1200px) 100vw, 1200px\" \/><\/figure>\n\n\n\n<figure class=\"wp-block-image size-full\"><img loading=\"lazy\" decoding=\"async\" width=\"900\" height=\"600\" src=\"https:\/\/foto.chorzow.pl\/wp-content\/uploads\/2025\/06\/adok20241127kat4.jpg\" alt=\"\" class=\"wp-image-1232\" srcset=\"https:\/\/foto.chorzow.pl\/wp-content\/uploads\/2025\/06\/adok20241127kat4.jpg 900w, https:\/\/foto.chorzow.pl\/wp-content\/uploads\/2025\/06\/adok20241127kat4-300x200.jpg 300w, https:\/\/foto.chorzow.pl\/wp-content\/uploads\/2025\/06\/adok20241127kat4-768x512.jpg 768w, https:\/\/foto.chorzow.pl\/wp-content\/uploads\/2025\/06\/adok20241127kat4-450x300.jpg 450w\" sizes=\"auto, (max-width: 900px) 100vw, 900px\" \/><\/figure>\n\n\n\n<figure class=\"wp-block-image size-full\"><img loading=\"lazy\" decoding=\"async\" width=\"1200\" height=\"800\" src=\"https:\/\/foto.chorzow.pl\/wp-content\/uploads\/2025\/01\/DJI_0780.jpg\" alt=\"Zdj\u0119cie wykonane dronem.\" class=\"wp-image-1082\" srcset=\"https:\/\/foto.chorzow.pl\/wp-content\/uploads\/2025\/01\/DJI_0780.jpg 1200w, https:\/\/foto.chorzow.pl\/wp-content\/uploads\/2025\/01\/DJI_0780-300x200.jpg 300w, https:\/\/foto.chorzow.pl\/wp-content\/uploads\/2025\/01\/DJI_0780-1024x683.jpg 1024w, https:\/\/foto.chorzow.pl\/wp-content\/uploads\/2025\/01\/DJI_0780-768x512.jpg 768w, https:\/\/foto.chorzow.pl\/wp-content\/uploads\/2025\/01\/DJI_0780-450x300.jpg 450w\" sizes=\"auto, (max-width: 1200px) 100vw, 1200px\" \/><\/figure>\n\n\n\n<figure class=\"wp-block-image size-full\"><img loading=\"lazy\" decoding=\"async\" width=\"900\" height=\"600\" src=\"https:\/\/foto.chorzow.pl\/wp-content\/uploads\/2025\/02\/adok20241101c16.jpg\" alt=\"\" class=\"wp-image-1142\" srcset=\"https:\/\/foto.chorzow.pl\/wp-content\/uploads\/2025\/02\/adok20241101c16.jpg 900w, https:\/\/foto.chorzow.pl\/wp-content\/uploads\/2025\/02\/adok20241101c16-300x200.jpg 300w, https:\/\/foto.chorzow.pl\/wp-content\/uploads\/2025\/02\/adok20241101c16-768x512.jpg 768w, https:\/\/foto.chorzow.pl\/wp-content\/uploads\/2025\/02\/adok20241101c16-450x300.jpg 450w\" sizes=\"auto, (max-width: 900px) 100vw, 900px\" \/><\/figure>\n\n\n\n<figure class=\"wp-block-image size-full\"><img loading=\"lazy\" decoding=\"async\" width=\"900\" height=\"675\" src=\"https:\/\/foto.chorzow.pl\/wp-content\/uploads\/2025\/02\/adok20241129kt2.jpg\" alt=\"\" class=\"wp-image-1143\" srcset=\"https:\/\/foto.chorzow.pl\/wp-content\/uploads\/2025\/02\/adok20241129kt2.jpg 900w, https:\/\/foto.chorzow.pl\/wp-content\/uploads\/2025\/02\/adok20241129kt2-300x225.jpg 300w, https:\/\/foto.chorzow.pl\/wp-content\/uploads\/2025\/02\/adok20241129kt2-768x576.jpg 768w, https:\/\/foto.chorzow.pl\/wp-content\/uploads\/2025\/02\/adok20241129kt2-400x300.jpg 400w\" sizes=\"auto, (max-width: 900px) 100vw, 900px\" \/><\/figure>\n\n\n\n<figure class=\"wp-block-image size-full\"><img loading=\"lazy\" decoding=\"async\" width=\"900\" height=\"600\" src=\"https:\/\/foto.chorzow.pl\/wp-content\/uploads\/2025\/02\/adok20241213ch06.jpg\" alt=\"\" class=\"wp-image-1144\" srcset=\"https:\/\/foto.chorzow.pl\/wp-content\/uploads\/2025\/02\/adok20241213ch06.jpg 900w, https:\/\/foto.chorzow.pl\/wp-content\/uploads\/2025\/02\/adok20241213ch06-300x200.jpg 300w, https:\/\/foto.chorzow.pl\/wp-content\/uploads\/2025\/02\/adok20241213ch06-768x512.jpg 768w, https:\/\/foto.chorzow.pl\/wp-content\/uploads\/2025\/02\/adok20241213ch06-450x300.jpg 450w\" sizes=\"auto, (max-width: 900px) 100vw, 900px\" \/><\/figure>\n\n\n\n<figure class=\"wp-block-image size-full\"><img loading=\"lazy\" decoding=\"async\" width=\"900\" height=\"600\" src=\"https:\/\/foto.chorzow.pl\/wp-content\/uploads\/2025\/02\/adok20241220kn09.jpg\" alt=\"\" class=\"wp-image-1145\" srcset=\"https:\/\/foto.chorzow.pl\/wp-content\/uploads\/2025\/02\/adok20241220kn09.jpg 900w, https:\/\/foto.chorzow.pl\/wp-content\/uploads\/2025\/02\/adok20241220kn09-300x200.jpg 300w, https:\/\/foto.chorzow.pl\/wp-content\/uploads\/2025\/02\/adok20241220kn09-768x512.jpg 768w, https:\/\/foto.chorzow.pl\/wp-content\/uploads\/2025\/02\/adok20241220kn09-450x300.jpg 450w\" sizes=\"auto, (max-width: 900px) 100vw, 900px\" \/><\/figure>\n\n\n\n<figure class=\"wp-block-image size-full\"><img loading=\"lazy\" decoding=\"async\" width=\"900\" height=\"600\" src=\"https:\/\/foto.chorzow.pl\/wp-content\/uploads\/2025\/03\/adok20250318nikisz10.jpg\" alt=\"\" class=\"wp-image-1168\" srcset=\"https:\/\/foto.chorzow.pl\/wp-content\/uploads\/2025\/03\/adok20250318nikisz10.jpg 900w, https:\/\/foto.chorzow.pl\/wp-content\/uploads\/2025\/03\/adok20250318nikisz10-300x200.jpg 300w, https:\/\/foto.chorzow.pl\/wp-content\/uploads\/2025\/03\/adok20250318nikisz10-768x512.jpg 768w, https:\/\/foto.chorzow.pl\/wp-content\/uploads\/2025\/03\/adok20250318nikisz10-450x300.jpg 450w\" sizes=\"auto, (max-width: 900px) 100vw, 900px\" \/><\/figure>\n\n\n\n<figure class=\"wp-block-image size-full\"><img loading=\"lazy\" decoding=\"async\" width=\"900\" height=\"600\" src=\"https:\/\/foto.chorzow.pl\/wp-content\/uploads\/2025\/03\/adok20241023ecocity.jpg\" alt=\"\" class=\"wp-image-1170\" srcset=\"https:\/\/foto.chorzow.pl\/wp-content\/uploads\/2025\/03\/adok20241023ecocity.jpg 900w, https:\/\/foto.chorzow.pl\/wp-content\/uploads\/2025\/03\/adok20241023ecocity-300x200.jpg 300w, https:\/\/foto.chorzow.pl\/wp-content\/uploads\/2025\/03\/adok20241023ecocity-768x512.jpg 768w, https:\/\/foto.chorzow.pl\/wp-content\/uploads\/2025\/03\/adok20241023ecocity-450x300.jpg 450w\" sizes=\"auto, (max-width: 900px) 100vw, 900px\" \/><\/figure>\n\n\n\n<figure class=\"wp-block-image size-full\"><img loading=\"lazy\" decoding=\"async\" width=\"900\" height=\"675\" src=\"https:\/\/foto.chorzow.pl\/wp-content\/uploads\/2025\/03\/adok20241211scc06.jpg\" alt=\"\" class=\"wp-image-1171\" srcset=\"https:\/\/foto.chorzow.pl\/wp-content\/uploads\/2025\/03\/adok20241211scc06.jpg 900w, https:\/\/foto.chorzow.pl\/wp-content\/uploads\/2025\/03\/adok20241211scc06-300x225.jpg 300w, https:\/\/foto.chorzow.pl\/wp-content\/uploads\/2025\/03\/adok20241211scc06-768x576.jpg 768w, https:\/\/foto.chorzow.pl\/wp-content\/uploads\/2025\/03\/adok20241211scc06-400x300.jpg 400w\" sizes=\"auto, (max-width: 900px) 100vw, 900px\" \/><\/figure>\n\n\n\n<figure class=\"wp-block-image size-full\"><img loading=\"lazy\" decoding=\"async\" width=\"900\" height=\"600\" src=\"https:\/\/foto.chorzow.pl\/wp-content\/uploads\/2025\/03\/adok20241228z1.jpg\" alt=\"\" class=\"wp-image-1173\" srcset=\"https:\/\/foto.chorzow.pl\/wp-content\/uploads\/2025\/03\/adok20241228z1.jpg 900w, https:\/\/foto.chorzow.pl\/wp-content\/uploads\/2025\/03\/adok20241228z1-300x200.jpg 300w, https:\/\/foto.chorzow.pl\/wp-content\/uploads\/2025\/03\/adok20241228z1-768x512.jpg 768w, https:\/\/foto.chorzow.pl\/wp-content\/uploads\/2025\/03\/adok20241228z1-450x300.jpg 450w\" sizes=\"auto, (max-width: 900px) 100vw, 900px\" \/><\/figure>\n\n\n\n<figure class=\"wp-block-image size-full\"><img loading=\"lazy\" decoding=\"async\" width=\"900\" height=\"600\" src=\"https:\/\/foto.chorzow.pl\/wp-content\/uploads\/2025\/05\/adok20250503rzepak03.jpg\" alt=\"\" class=\"wp-image-1215\" srcset=\"https:\/\/foto.chorzow.pl\/wp-content\/uploads\/2025\/05\/adok20250503rzepak03.jpg 900w, https:\/\/foto.chorzow.pl\/wp-content\/uploads\/2025\/05\/adok20250503rzepak03-300x200.jpg 300w, https:\/\/foto.chorzow.pl\/wp-content\/uploads\/2025\/05\/adok20250503rzepak03-768x512.jpg 768w, https:\/\/foto.chorzow.pl\/wp-content\/uploads\/2025\/05\/adok20250503rzepak03-450x300.jpg 450w\" sizes=\"auto, (max-width: 900px) 100vw, 900px\" \/><\/figure>\n\n\n\n<figure class=\"wp-block-image size-full\"><img loading=\"lazy\" decoding=\"async\" width=\"900\" height=\"600\" src=\"https:\/\/foto.chorzow.pl\/wp-content\/uploads\/2025\/06\/adok20250620zd08fb.jpg\" alt=\"\" class=\"wp-image-1228\" srcset=\"https:\/\/foto.chorzow.pl\/wp-content\/uploads\/2025\/06\/adok20250620zd08fb.jpg 900w, https:\/\/foto.chorzow.pl\/wp-content\/uploads\/2025\/06\/adok20250620zd08fb-300x200.jpg 300w, https:\/\/foto.chorzow.pl\/wp-content\/uploads\/2025\/06\/adok20250620zd08fb-768x512.jpg 768w, https:\/\/foto.chorzow.pl\/wp-content\/uploads\/2025\/06\/adok20250620zd08fb-450x300.jpg 450w\" sizes=\"auto, (max-width: 900px) 100vw, 900px\" \/><\/figure>\n\n\n\n<figure class=\"wp-block-image size-full\"><img loading=\"lazy\" decoding=\"async\" width=\"900\" height=\"600\" src=\"https:\/\/foto.chorzow.pl\/wp-content\/uploads\/2025\/06\/adok20241201mm02.jpg\" alt=\"\" class=\"wp-image-1231\" srcset=\"https:\/\/foto.chorzow.pl\/wp-content\/uploads\/2025\/06\/adok20241201mm02.jpg 900w, https:\/\/foto.chorzow.pl\/wp-content\/uploads\/2025\/06\/adok20241201mm02-300x200.jpg 300w, https:\/\/foto.chorzow.pl\/wp-content\/uploads\/2025\/06\/adok20241201mm02-768x512.jpg 768w, https:\/\/foto.chorzow.pl\/wp-content\/uploads\/2025\/06\/adok20241201mm02-450x300.jpg 450w\" sizes=\"auto, (max-width: 900px) 100vw, 900px\" \/><\/figure>\n\n\n\n<figure class=\"wp-block-image size-full\"><img loading=\"lazy\" decoding=\"async\" width=\"900\" height=\"600\" src=\"https:\/\/foto.chorzow.pl\/wp-content\/uploads\/2025\/07\/adok20250725zam03.jpg\" alt=\"\" class=\"wp-image-1256\" srcset=\"https:\/\/foto.chorzow.pl\/wp-content\/uploads\/2025\/07\/adok20250725zam03.jpg 900w, https:\/\/foto.chorzow.pl\/wp-content\/uploads\/2025\/07\/adok20250725zam03-300x200.jpg 300w, https:\/\/foto.chorzow.pl\/wp-content\/uploads\/2025\/07\/adok20250725zam03-768x512.jpg 768w, https:\/\/foto.chorzow.pl\/wp-content\/uploads\/2025\/07\/adok20250725zam03-450x300.jpg 450w\" sizes=\"auto, (max-width: 900px) 100vw, 900px\" \/><\/figure>\n","protected":false},"excerpt":{"rendered":"<p>Fotografie wykonywane za pomoc\u0105 drona mog\u0105 by\u0107 wykorzystane w reklamie prowadzonej dzia\u0142alno\u015bci, pozwalaj\u0105 wykona\u0107 ciekawe uj\u0119cia &#8222;z lotu ptaka&#8221; w trakcie imprez, ale mog\u0105 te\u017c pom\u00f3c w ocenie stanu dachu budynku i wykry\u0107 ewentualne zagro\u017cenia (uszkodzona papa, dach\u00f3wki, obr\u00f3bki blacharskie, &hellip; <a href=\"https:\/\/foto.chorzow.pl\/?page_id=1077\">Czytaj dalej <span class=\"meta-nav\">&rarr;<\/span><\/a><\/p>\n","protected":false},"author":1,"featured_media":1230,"parent":0,"menu_order":0,"comment_status":"closed","ping_status":"closed","template":"","meta":{"footnotes":""},"class_list":["post-1077","page","type-page","status-publish","has-post-thumbnail","hentry"],"yoast_head":"<!-- This site is optimized with the Yoast SEO plugin v27.6 - https:\/\/yoast.com\/product\/yoast-seo-wordpress\/ -->\n<title>DRON - Adrian \u015al\u0105zok Fotografia<\/title>\n<meta name=\"description\" content=\"Oferta zdj\u0119\u0107 robionych dronem: nieruchomo\u015bci, budynki, dachy, drogi, parkingi, fotowoltaika, budowa, remonty, inwestycje, oferty, reklama.\" \/>\n<meta name=\"robots\" content=\"index, follow, max-snippet:-1, max-image-preview:large, max-video-preview:-1\" \/>\n<link rel=\"canonical\" href=\"https:\/\/foto.chorzow.pl\/?page_id=1077\" \/>\n<meta property=\"og:locale\" content=\"pl_PL\" \/>\n<meta property=\"og:type\" content=\"article\" \/>\n<meta property=\"og:title\" content=\"DRON - Adrian \u015al\u0105zok Fotografia\" \/>\n<meta property=\"og:description\" content=\"Oferta zdj\u0119\u0107 robionych dronem: nieruchomo\u015bci, budynki, dachy, drogi, parkingi, fotowoltaika, budowa, remonty, inwestycje, oferty, reklama.\" \/>\n<meta property=\"og:url\" content=\"https:\/\/foto.chorzow.pl\/?page_id=1077\" \/>\n<meta property=\"og:site_name\" content=\"Adrian \u015al\u0105zok Fotografia\" \/>\n<meta property=\"article:modified_time\" content=\"2026-05-11T08:04:28+00:00\" \/>\n<meta property=\"og:image\" content=\"https:\/\/foto.chorzow.pl\/wp-content\/uploads\/2025\/06\/adok20250620zd08-scaled.jpg\" \/>\n\t<meta property=\"og:image:width\" content=\"2560\" \/>\n\t<meta property=\"og:image:height\" content=\"1707\" \/>\n\t<meta property=\"og:image:type\" content=\"image\/jpeg\" \/>\n<meta name=\"twitter:card\" content=\"summary_large_image\" \/>\n<meta name=\"twitter:label1\" content=\"Szacowany czas czytania\" \/>\n\t<meta name=\"twitter:data1\" content=\"4 minuty\" \/>\n<script type=\"application\/ld+json\" class=\"yoast-schema-graph\">{\"@context\":\"https:\\\/\\\/schema.org\",\"@graph\":[{\"@type\":\"WebPage\",\"@id\":\"https:\\\/\\\/foto.chorzow.pl\\\/?page_id=1077\",\"url\":\"https:\\\/\\\/foto.chorzow.pl\\\/?page_id=1077\",\"name\":\"DRON - Adrian \u015al\u0105zok Fotografia\",\"isPartOf\":{\"@id\":\"https:\\\/\\\/foto.chorzow.pl\\\/#website\"},\"primaryImageOfPage\":{\"@id\":\"https:\\\/\\\/foto.chorzow.pl\\\/?page_id=1077#primaryimage\"},\"image\":{\"@id\":\"https:\\\/\\\/foto.chorzow.pl\\\/?page_id=1077#primaryimage\"},\"thumbnailUrl\":\"https:\\\/\\\/foto.chorzow.pl\\\/wp-content\\\/uploads\\\/2025\\\/06\\\/adok20250620zd08-scaled.jpg\",\"datePublished\":\"2025-01-17T07:53:35+00:00\",\"dateModified\":\"2026-05-11T08:04:28+00:00\",\"description\":\"Oferta zdj\u0119\u0107 robionych dronem: nieruchomo\u015bci, budynki, dachy, drogi, parkingi, fotowoltaika, budowa, remonty, inwestycje, oferty, reklama.\",\"breadcrumb\":{\"@id\":\"https:\\\/\\\/foto.chorzow.pl\\\/?page_id=1077#breadcrumb\"},\"inLanguage\":\"pl-PL\",\"potentialAction\":[{\"@type\":\"ReadAction\",\"target\":[\"https:\\\/\\\/foto.chorzow.pl\\\/?page_id=1077\"]}]},{\"@type\":\"ImageObject\",\"inLanguage\":\"pl-PL\",\"@id\":\"https:\\\/\\\/foto.chorzow.pl\\\/?page_id=1077#primaryimage\",\"url\":\"https:\\\/\\\/foto.chorzow.pl\\\/wp-content\\\/uploads\\\/2025\\\/06\\\/adok20250620zd08-scaled.jpg\",\"contentUrl\":\"https:\\\/\\\/foto.chorzow.pl\\\/wp-content\\\/uploads\\\/2025\\\/06\\\/adok20250620zd08-scaled.jpg\",\"width\":2560,\"height\":1707,\"caption\":\"Type=N, Mode=P, DE=None\"},{\"@type\":\"BreadcrumbList\",\"@id\":\"https:\\\/\\\/foto.chorzow.pl\\\/?page_id=1077#breadcrumb\",\"itemListElement\":[{\"@type\":\"ListItem\",\"position\":1,\"name\":\"Strona g\u0142\u00f3wna\",\"item\":\"https:\\\/\\\/foto.chorzow.pl\\\/\"},{\"@type\":\"ListItem\",\"position\":2,\"name\":\"DRON\"}]},{\"@type\":\"WebSite\",\"@id\":\"https:\\\/\\\/foto.chorzow.pl\\\/#website\",\"url\":\"https:\\\/\\\/foto.chorzow.pl\\\/\",\"name\":\"Adrian \u015al\u0105zok Fotografia\",\"description\":\"Adrian Slazok Photography\",\"potentialAction\":[{\"@type\":\"SearchAction\",\"target\":{\"@type\":\"EntryPoint\",\"urlTemplate\":\"https:\\\/\\\/foto.chorzow.pl\\\/?s={search_term_string}\"},\"query-input\":{\"@type\":\"PropertyValueSpecification\",\"valueRequired\":true,\"valueName\":\"search_term_string\"}}],\"inLanguage\":\"pl-PL\"}]}<\/script>\n<!-- \/ Yoast SEO plugin. -->","yoast_head_json":{"title":"DRON - Adrian \u015al\u0105zok Fotografia","description":"Oferta zdj\u0119\u0107 robionych dronem: nieruchomo\u015bci, budynki, dachy, drogi, parkingi, fotowoltaika, budowa, remonty, inwestycje, oferty, reklama.","robots":{"index":"index","follow":"follow","max-snippet":"max-snippet:-1","max-image-preview":"max-image-preview:large","max-video-preview":"max-video-preview:-1"},"canonical":"https:\/\/foto.chorzow.pl\/?page_id=1077","og_locale":"pl_PL","og_type":"article","og_title":"DRON - Adrian \u015al\u0105zok Fotografia","og_description":"Oferta zdj\u0119\u0107 robionych dronem: nieruchomo\u015bci, budynki, dachy, drogi, parkingi, fotowoltaika, budowa, remonty, inwestycje, oferty, reklama.","og_url":"https:\/\/foto.chorzow.pl\/?page_id=1077","og_site_name":"Adrian \u015al\u0105zok Fotografia","article_modified_time":"2026-05-11T08:04:28+00:00","og_image":[{"width":2560,"height":1707,"url":"https:\/\/foto.chorzow.pl\/wp-content\/uploads\/2025\/06\/adok20250620zd08-scaled.jpg","type":"image\/jpeg"}],"twitter_card":"summary_large_image","twitter_misc":{"Szacowany czas czytania":"4 minuty"},"schema":{"@context":"https:\/\/schema.org","@graph":[{"@type":"WebPage","@id":"https:\/\/foto.chorzow.pl\/?page_id=1077","url":"https:\/\/foto.chorzow.pl\/?page_id=1077","name":"DRON - Adrian \u015al\u0105zok Fotografia","isPartOf":{"@id":"https:\/\/foto.chorzow.pl\/#website"},"primaryImageOfPage":{"@id":"https:\/\/foto.chorzow.pl\/?page_id=1077#primaryimage"},"image":{"@id":"https:\/\/foto.chorzow.pl\/?page_id=1077#primaryimage"},"thumbnailUrl":"https:\/\/foto.chorzow.pl\/wp-content\/uploads\/2025\/06\/adok20250620zd08-scaled.jpg","datePublished":"2025-01-17T07:53:35+00:00","dateModified":"2026-05-11T08:04:28+00:00","description":"Oferta zdj\u0119\u0107 robionych dronem: nieruchomo\u015bci, budynki, dachy, drogi, parkingi, fotowoltaika, budowa, remonty, inwestycje, oferty, reklama.","breadcrumb":{"@id":"https:\/\/foto.chorzow.pl\/?page_id=1077#breadcrumb"},"inLanguage":"pl-PL","potentialAction":[{"@type":"ReadAction","target":["https:\/\/foto.chorzow.pl\/?page_id=1077"]}]},{"@type":"ImageObject","inLanguage":"pl-PL","@id":"https:\/\/foto.chorzow.pl\/?page_id=1077#primaryimage","url":"https:\/\/foto.chorzow.pl\/wp-content\/uploads\/2025\/06\/adok20250620zd08-scaled.jpg","contentUrl":"https:\/\/foto.chorzow.pl\/wp-content\/uploads\/2025\/06\/adok20250620zd08-scaled.jpg","width":2560,"height":1707,"caption":"Type=N, Mode=P, DE=None"},{"@type":"BreadcrumbList","@id":"https:\/\/foto.chorzow.pl\/?page_id=1077#breadcrumb","itemListElement":[{"@type":"ListItem","position":1,"name":"Strona g\u0142\u00f3wna","item":"https:\/\/foto.chorzow.pl\/"},{"@type":"ListItem","position":2,"name":"DRON"}]},{"@type":"WebSite","@id":"https:\/\/foto.chorzow.pl\/#website","url":"https:\/\/foto.chorzow.pl\/","name":"Adrian \u015al\u0105zok Fotografia","description":"Adrian Slazok Photography","potentialAction":[{"@type":"SearchAction","target":{"@type":"EntryPoint","urlTemplate":"https:\/\/foto.chorzow.pl\/?s={search_term_string}"},"query-input":{"@type":"PropertyValueSpecification","valueRequired":true,"valueName":"search_term_string"}}],"inLanguage":"pl-PL"}]}},"_links":{"self":[{"href":"https:\/\/foto.chorzow.pl\/index.php?rest_route=\/wp\/v2\/pages\/1077","targetHints":{"allow":["GET"]}}],"collection":[{"href":"https:\/\/foto.chorzow.pl\/index.php?rest_route=\/wp\/v2\/pages"}],"about":[{"href":"https:\/\/foto.chorzow.pl\/index.php?rest_route=\/wp\/v2\/types\/page"}],"author":[{"embeddable":true,"href":"https:\/\/foto.chorzow.pl\/index.php?rest_route=\/wp\/v2\/users\/1"}],"replies":[{"embeddable":true,"href":"https:\/\/foto.chorzow.pl\/index.php?rest_route=%2Fwp%2Fv2%2Fcomments&post=1077"}],"version-history":[{"count":12,"href":"https:\/\/foto.chorzow.pl\/index.php?rest_route=\/wp\/v2\/pages\/1077\/revisions"}],"predecessor-version":[{"id":1413,"href":"https:\/\/foto.chorzow.pl\/index.php?rest_route=\/wp\/v2\/pages\/1077\/revisions\/1413"}],"wp:featuredmedia":[{"embeddable":true,"href":"https:\/\/foto.chorzow.pl\/index.php?rest_route=\/wp\/v2\/media\/1230"}],"wp:attachment":[{"href":"https:\/\/foto.chorzow.pl\/index.php?rest_route=%2Fwp%2Fv2%2Fmedia&parent=1077"}],"curies":[{"name":"wp","href":"https:\/\/api.w.org\/{rel}","templated":true}]}}