{"id":1295,"date":"2025-09-11T15:30:14","date_gmt":"2025-09-11T15:30:14","guid":{"rendered":"https:\/\/foto.chorzow.pl\/?page_id=1295"},"modified":"2025-09-11T15:36:18","modified_gmt":"2025-09-11T15:36:18","slug":"eurobasket","status":"publish","type":"page","link":"https:\/\/foto.chorzow.pl\/?page_id=1295","title":{"rendered":"EUROBASKET 2025"},"content":{"rendered":"\n<p>Sierpie\u0144\/wrzesie\u0144 2025. Katowicki &#8222;Spodek&#8221; by\u0142 miejscem rozgrywania mecz\u00f3w zespo\u0142\u00f3w grupy D Mistrzostw Europy w koszyk\u00f3wce. Niesieni dopingiem kibic\u00f3w polscy koszykarze wywalczyli awans do strefy fina\u0142owej rozgrywanej w Rydze.<\/p>\n\n\n\n<figure class=\"wp-block-image size-full\"><img loading=\"lazy\" decoding=\"async\" width=\"900\" height=\"600\" src=\"https:\/\/foto.chorzow.pl\/wp-content\/uploads\/2025\/09\/ADOK20250827eurobasket17.jpg\" alt=\"\" class=\"wp-image-1296\" srcset=\"https:\/\/foto.chorzow.pl\/wp-content\/uploads\/2025\/09\/ADOK20250827eurobasket17.jpg 900w, https:\/\/foto.chorzow.pl\/wp-content\/uploads\/2025\/09\/ADOK20250827eurobasket17-300x200.jpg 300w, https:\/\/foto.chorzow.pl\/wp-content\/uploads\/2025\/09\/ADOK20250827eurobasket17-768x512.jpg 768w, https:\/\/foto.chorzow.pl\/wp-content\/uploads\/2025\/09\/ADOK20250827eurobasket17-450x300.jpg 450w\" sizes=\"auto, (max-width: 900px) 100vw, 900px\" \/><\/figure>\n\n\n\n<figure class=\"wp-block-image size-full\"><img loading=\"lazy\" decoding=\"async\" width=\"900\" height=\"600\" src=\"https:\/\/foto.chorzow.pl\/wp-content\/uploads\/2025\/09\/ADOK20250902pf135.jpg\" alt=\"\" class=\"wp-image-1297\" srcset=\"https:\/\/foto.chorzow.pl\/wp-content\/uploads\/2025\/09\/ADOK20250902pf135.jpg 900w, https:\/\/foto.chorzow.pl\/wp-content\/uploads\/2025\/09\/ADOK20250902pf135-300x200.jpg 300w, https:\/\/foto.chorzow.pl\/wp-content\/uploads\/2025\/09\/ADOK20250902pf135-768x512.jpg 768w, https:\/\/foto.chorzow.pl\/wp-content\/uploads\/2025\/09\/ADOK20250902pf135-450x300.jpg 450w\" sizes=\"auto, (max-width: 900px) 100vw, 900px\" \/><\/figure>\n\n\n\n<figure class=\"wp-block-image size-full\"><img loading=\"lazy\" decoding=\"async\" width=\"900\" height=\"600\" src=\"https:\/\/foto.chorzow.pl\/wp-content\/uploads\/2025\/09\/ADOK20250902pf111.jpg\" alt=\"\" class=\"wp-image-1302\" srcset=\"https:\/\/foto.chorzow.pl\/wp-content\/uploads\/2025\/09\/ADOK20250902pf111.jpg 900w, https:\/\/foto.chorzow.pl\/wp-content\/uploads\/2025\/09\/ADOK20250902pf111-300x200.jpg 300w, https:\/\/foto.chorzow.pl\/wp-content\/uploads\/2025\/09\/ADOK20250902pf111-768x512.jpg 768w, https:\/\/foto.chorzow.pl\/wp-content\/uploads\/2025\/09\/ADOK20250902pf111-450x300.jpg 450w\" sizes=\"auto, (max-width: 900px) 100vw, 900px\" \/><\/figure>\n\n\n\n<figure class=\"wp-block-image size-full\"><img loading=\"lazy\" decoding=\"async\" width=\"900\" height=\"600\" src=\"https:\/\/foto.chorzow.pl\/wp-content\/uploads\/2025\/09\/ADOK20250902pf004.jpg\" alt=\"\" class=\"wp-image-1298\" srcset=\"https:\/\/foto.chorzow.pl\/wp-content\/uploads\/2025\/09\/ADOK20250902pf004.jpg 900w, https:\/\/foto.chorzow.pl\/wp-content\/uploads\/2025\/09\/ADOK20250902pf004-300x200.jpg 300w, https:\/\/foto.chorzow.pl\/wp-content\/uploads\/2025\/09\/ADOK20250902pf004-768x512.jpg 768w, https:\/\/foto.chorzow.pl\/wp-content\/uploads\/2025\/09\/ADOK20250902pf004-450x300.jpg 450w\" sizes=\"auto, (max-width: 900px) 100vw, 900px\" \/><\/figure>\n\n\n\n<figure class=\"wp-block-image size-full\"><img loading=\"lazy\" decoding=\"async\" width=\"900\" height=\"600\" src=\"https:\/\/foto.chorzow.pl\/wp-content\/uploads\/2025\/09\/ADOK20250828ps014.jpg\" alt=\"\" class=\"wp-image-1299\" srcset=\"https:\/\/foto.chorzow.pl\/wp-content\/uploads\/2025\/09\/ADOK20250828ps014.jpg 900w, https:\/\/foto.chorzow.pl\/wp-content\/uploads\/2025\/09\/ADOK20250828ps014-300x200.jpg 300w, https:\/\/foto.chorzow.pl\/wp-content\/uploads\/2025\/09\/ADOK20250828ps014-768x512.jpg 768w, https:\/\/foto.chorzow.pl\/wp-content\/uploads\/2025\/09\/ADOK20250828ps014-450x300.jpg 450w\" sizes=\"auto, (max-width: 900px) 100vw, 900px\" \/><\/figure>\n\n\n\n<figure class=\"wp-block-image size-full\"><img loading=\"lazy\" decoding=\"async\" width=\"900\" height=\"600\" src=\"https:\/\/foto.chorzow.pl\/wp-content\/uploads\/2025\/09\/ADOK20250902pf008-1.jpg\" alt=\"\" class=\"wp-image-1303\" srcset=\"https:\/\/foto.chorzow.pl\/wp-content\/uploads\/2025\/09\/ADOK20250902pf008-1.jpg 900w, https:\/\/foto.chorzow.pl\/wp-content\/uploads\/2025\/09\/ADOK20250902pf008-1-300x200.jpg 300w, https:\/\/foto.chorzow.pl\/wp-content\/uploads\/2025\/09\/ADOK20250902pf008-1-768x512.jpg 768w, https:\/\/foto.chorzow.pl\/wp-content\/uploads\/2025\/09\/ADOK20250902pf008-1-450x300.jpg 450w\" sizes=\"auto, (max-width: 900px) 100vw, 900px\" \/><\/figure>\n\n\n\n<figure class=\"wp-block-image size-full\"><img loading=\"lazy\" decoding=\"async\" width=\"900\" height=\"600\" src=\"https:\/\/foto.chorzow.pl\/wp-content\/uploads\/2025\/09\/ADOK20250902pf129.jpg\" alt=\"\" class=\"wp-image-1304\" srcset=\"https:\/\/foto.chorzow.pl\/wp-content\/uploads\/2025\/09\/ADOK20250902pf129.jpg 900w, https:\/\/foto.chorzow.pl\/wp-content\/uploads\/2025\/09\/ADOK20250902pf129-300x200.jpg 300w, https:\/\/foto.chorzow.pl\/wp-content\/uploads\/2025\/09\/ADOK20250902pf129-768x512.jpg 768w, https:\/\/foto.chorzow.pl\/wp-content\/uploads\/2025\/09\/ADOK20250902pf129-450x300.jpg 450w\" sizes=\"auto, (max-width: 900px) 100vw, 900px\" \/><\/figure>\n\n\n\n<figure class=\"wp-block-image size-full\"><img loading=\"lazy\" decoding=\"async\" width=\"900\" height=\"600\" src=\"https:\/\/foto.chorzow.pl\/wp-content\/uploads\/2025\/09\/ADOK20250830sf02.jpg\" alt=\"\" class=\"wp-image-1301\" srcset=\"https:\/\/foto.chorzow.pl\/wp-content\/uploads\/2025\/09\/ADOK20250830sf02.jpg 900w, https:\/\/foto.chorzow.pl\/wp-content\/uploads\/2025\/09\/ADOK20250830sf02-300x200.jpg 300w, https:\/\/foto.chorzow.pl\/wp-content\/uploads\/2025\/09\/ADOK20250830sf02-768x512.jpg 768w, https:\/\/foto.chorzow.pl\/wp-content\/uploads\/2025\/09\/ADOK20250830sf02-450x300.jpg 450w\" sizes=\"auto, (max-width: 900px) 100vw, 900px\" \/><\/figure>\n\n\n\n<figure class=\"wp-block-image size-full\"><img loading=\"lazy\" decoding=\"async\" width=\"900\" height=\"600\" src=\"https:\/\/foto.chorzow.pl\/wp-content\/uploads\/2025\/09\/ADOK20250830pi006.jpg\" alt=\"\" class=\"wp-image-1300\" srcset=\"https:\/\/foto.chorzow.pl\/wp-content\/uploads\/2025\/09\/ADOK20250830pi006.jpg 900w, https:\/\/foto.chorzow.pl\/wp-content\/uploads\/2025\/09\/ADOK20250830pi006-300x200.jpg 300w, https:\/\/foto.chorzow.pl\/wp-content\/uploads\/2025\/09\/ADOK20250830pi006-768x512.jpg 768w, https:\/\/foto.chorzow.pl\/wp-content\/uploads\/2025\/09\/ADOK20250830pi006-450x300.jpg 450w\" sizes=\"auto, (max-width: 900px) 100vw, 900px\" \/><\/figure>\n","protected":false},"excerpt":{"rendered":"<p>Sierpie\u0144\/wrzesie\u0144 2025. Katowicki &#8222;Spodek&#8221; by\u0142 miejscem rozgrywania mecz\u00f3w zespo\u0142\u00f3w grupy D Mistrzostw Europy w koszyk\u00f3wce. Niesieni dopingiem kibic\u00f3w polscy koszykarze wywalczyli awans do strefy fina\u0142owej rozgrywanej w Rydze.<\/p>\n","protected":false},"author":1,"featured_media":0,"parent":0,"menu_order":0,"comment_status":"closed","ping_status":"closed","template":"","meta":{"footnotes":""},"class_list":["post-1295","page","type-page","status-publish","hentry"],"yoast_head":"<!-- This site is optimized with the Yoast SEO plugin v27.5 - https:\/\/yoast.com\/product\/yoast-seo-wordpress\/ -->\n<title>EUROBASKET 2025 - Adrian \u015al\u0105zok Fotografia<\/title>\n<meta name=\"robots\" content=\"index, follow, max-snippet:-1, max-image-preview:large, max-video-preview:-1\" \/>\n<link rel=\"canonical\" href=\"https:\/\/foto.chorzow.pl\/?page_id=1295\" \/>\n<meta property=\"og:locale\" content=\"pl_PL\" \/>\n<meta property=\"og:type\" content=\"article\" \/>\n<meta property=\"og:title\" content=\"EUROBASKET 2025 - Adrian \u015al\u0105zok Fotografia\" \/>\n<meta property=\"og:description\" content=\"Sierpie\u0144\/wrzesie\u0144 2025. Katowicki &#8222;Spodek&#8221; by\u0142 miejscem rozgrywania mecz\u00f3w zespo\u0142\u00f3w grupy D Mistrzostw Europy w koszyk\u00f3wce. Niesieni dopingiem kibic\u00f3w polscy koszykarze wywalczyli awans do strefy fina\u0142owej rozgrywanej w Rydze.\" \/>\n<meta property=\"og:url\" content=\"https:\/\/foto.chorzow.pl\/?page_id=1295\" \/>\n<meta property=\"og:site_name\" content=\"Adrian \u015al\u0105zok Fotografia\" \/>\n<meta property=\"article:modified_time\" content=\"2025-09-11T15:36:18+00:00\" \/>\n<meta property=\"og:image\" content=\"https:\/\/foto.chorzow.pl\/wp-content\/uploads\/2025\/09\/ADOK20250827eurobasket17.jpg\" \/>\n\t<meta property=\"og:image:width\" content=\"900\" \/>\n\t<meta property=\"og:image:height\" content=\"600\" \/>\n\t<meta property=\"og:image:type\" content=\"image\/jpeg\" \/>\n<meta name=\"twitter:card\" content=\"summary_large_image\" \/>\n<meta name=\"twitter:label1\" content=\"Szacowany czas czytania\" \/>\n\t<meta name=\"twitter:data1\" content=\"2 minuty\" \/>\n<script type=\"application\/ld+json\" class=\"yoast-schema-graph\">{\"@context\":\"https:\\\/\\\/schema.org\",\"@graph\":[{\"@type\":\"WebPage\",\"@id\":\"https:\\\/\\\/foto.chorzow.pl\\\/?page_id=1295\",\"url\":\"https:\\\/\\\/foto.chorzow.pl\\\/?page_id=1295\",\"name\":\"EUROBASKET 2025 - Adrian \u015al\u0105zok Fotografia\",\"isPartOf\":{\"@id\":\"https:\\\/\\\/foto.chorzow.pl\\\/#website\"},\"primaryImageOfPage\":{\"@id\":\"https:\\\/\\\/foto.chorzow.pl\\\/?page_id=1295#primaryimage\"},\"image\":{\"@id\":\"https:\\\/\\\/foto.chorzow.pl\\\/?page_id=1295#primaryimage\"},\"thumbnailUrl\":\"https:\\\/\\\/foto.chorzow.pl\\\/wp-content\\\/uploads\\\/2025\\\/09\\\/ADOK20250827eurobasket17.jpg\",\"datePublished\":\"2025-09-11T15:30:14+00:00\",\"dateModified\":\"2025-09-11T15:36:18+00:00\",\"breadcrumb\":{\"@id\":\"https:\\\/\\\/foto.chorzow.pl\\\/?page_id=1295#breadcrumb\"},\"inLanguage\":\"pl-PL\",\"potentialAction\":[{\"@type\":\"ReadAction\",\"target\":[\"https:\\\/\\\/foto.chorzow.pl\\\/?page_id=1295\"]}]},{\"@type\":\"ImageObject\",\"inLanguage\":\"pl-PL\",\"@id\":\"https:\\\/\\\/foto.chorzow.pl\\\/?page_id=1295#primaryimage\",\"url\":\"https:\\\/\\\/foto.chorzow.pl\\\/wp-content\\\/uploads\\\/2025\\\/09\\\/ADOK20250827eurobasket17.jpg\",\"contentUrl\":\"https:\\\/\\\/foto.chorzow.pl\\\/wp-content\\\/uploads\\\/2025\\\/09\\\/ADOK20250827eurobasket17.jpg\",\"width\":900,\"height\":600,\"caption\":\"Type=N, Mode=P, DE=None\"},{\"@type\":\"BreadcrumbList\",\"@id\":\"https:\\\/\\\/foto.chorzow.pl\\\/?page_id=1295#breadcrumb\",\"itemListElement\":[{\"@type\":\"ListItem\",\"position\":1,\"name\":\"Strona g\u0142\u00f3wna\",\"item\":\"https:\\\/\\\/foto.chorzow.pl\\\/\"},{\"@type\":\"ListItem\",\"position\":2,\"name\":\"EUROBASKET 2025\"}]},{\"@type\":\"WebSite\",\"@id\":\"https:\\\/\\\/foto.chorzow.pl\\\/#website\",\"url\":\"https:\\\/\\\/foto.chorzow.pl\\\/\",\"name\":\"Adrian \u015al\u0105zok Fotografia\",\"description\":\"Adrian Slazok Photography\",\"potentialAction\":[{\"@type\":\"SearchAction\",\"target\":{\"@type\":\"EntryPoint\",\"urlTemplate\":\"https:\\\/\\\/foto.chorzow.pl\\\/?s={search_term_string}\"},\"query-input\":{\"@type\":\"PropertyValueSpecification\",\"valueRequired\":true,\"valueName\":\"search_term_string\"}}],\"inLanguage\":\"pl-PL\"}]}<\/script>\n<!-- \/ Yoast SEO plugin. -->","yoast_head_json":{"title":"EUROBASKET 2025 - Adrian \u015al\u0105zok Fotografia","robots":{"index":"index","follow":"follow","max-snippet":"max-snippet:-1","max-image-preview":"max-image-preview:large","max-video-preview":"max-video-preview:-1"},"canonical":"https:\/\/foto.chorzow.pl\/?page_id=1295","og_locale":"pl_PL","og_type":"article","og_title":"EUROBASKET 2025 - Adrian \u015al\u0105zok Fotografia","og_description":"Sierpie\u0144\/wrzesie\u0144 2025. Katowicki &#8222;Spodek&#8221; by\u0142 miejscem rozgrywania mecz\u00f3w zespo\u0142\u00f3w grupy D Mistrzostw Europy w koszyk\u00f3wce. Niesieni dopingiem kibic\u00f3w polscy koszykarze wywalczyli awans do strefy fina\u0142owej rozgrywanej w Rydze.","og_url":"https:\/\/foto.chorzow.pl\/?page_id=1295","og_site_name":"Adrian \u015al\u0105zok Fotografia","article_modified_time":"2025-09-11T15:36:18+00:00","og_image":[{"width":900,"height":600,"url":"https:\/\/foto.chorzow.pl\/wp-content\/uploads\/2025\/09\/ADOK20250827eurobasket17.jpg","type":"image\/jpeg"}],"twitter_card":"summary_large_image","twitter_misc":{"Szacowany czas czytania":"2 minuty"},"schema":{"@context":"https:\/\/schema.org","@graph":[{"@type":"WebPage","@id":"https:\/\/foto.chorzow.pl\/?page_id=1295","url":"https:\/\/foto.chorzow.pl\/?page_id=1295","name":"EUROBASKET 2025 - Adrian \u015al\u0105zok Fotografia","isPartOf":{"@id":"https:\/\/foto.chorzow.pl\/#website"},"primaryImageOfPage":{"@id":"https:\/\/foto.chorzow.pl\/?page_id=1295#primaryimage"},"image":{"@id":"https:\/\/foto.chorzow.pl\/?page_id=1295#primaryimage"},"thumbnailUrl":"https:\/\/foto.chorzow.pl\/wp-content\/uploads\/2025\/09\/ADOK20250827eurobasket17.jpg","datePublished":"2025-09-11T15:30:14+00:00","dateModified":"2025-09-11T15:36:18+00:00","breadcrumb":{"@id":"https:\/\/foto.chorzow.pl\/?page_id=1295#breadcrumb"},"inLanguage":"pl-PL","potentialAction":[{"@type":"ReadAction","target":["https:\/\/foto.chorzow.pl\/?page_id=1295"]}]},{"@type":"ImageObject","inLanguage":"pl-PL","@id":"https:\/\/foto.chorzow.pl\/?page_id=1295#primaryimage","url":"https:\/\/foto.chorzow.pl\/wp-content\/uploads\/2025\/09\/ADOK20250827eurobasket17.jpg","contentUrl":"https:\/\/foto.chorzow.pl\/wp-content\/uploads\/2025\/09\/ADOK20250827eurobasket17.jpg","width":900,"height":600,"caption":"Type=N, Mode=P, DE=None"},{"@type":"BreadcrumbList","@id":"https:\/\/foto.chorzow.pl\/?page_id=1295#breadcrumb","itemListElement":[{"@type":"ListItem","position":1,"name":"Strona g\u0142\u00f3wna","item":"https:\/\/foto.chorzow.pl\/"},{"@type":"ListItem","position":2,"name":"EUROBASKET 2025"}]},{"@type":"WebSite","@id":"https:\/\/foto.chorzow.pl\/#website","url":"https:\/\/foto.chorzow.pl\/","name":"Adrian \u015al\u0105zok Fotografia","description":"Adrian Slazok Photography","potentialAction":[{"@type":"SearchAction","target":{"@type":"EntryPoint","urlTemplate":"https:\/\/foto.chorzow.pl\/?s={search_term_string}"},"query-input":{"@type":"PropertyValueSpecification","valueRequired":true,"valueName":"search_term_string"}}],"inLanguage":"pl-PL"}]}},"_links":{"self":[{"href":"https:\/\/foto.chorzow.pl\/index.php?rest_route=\/wp\/v2\/pages\/1295","targetHints":{"allow":["GET"]}}],"collection":[{"href":"https:\/\/foto.chorzow.pl\/index.php?rest_route=\/wp\/v2\/pages"}],"about":[{"href":"https:\/\/foto.chorzow.pl\/index.php?rest_route=\/wp\/v2\/types\/page"}],"author":[{"embeddable":true,"href":"https:\/\/foto.chorzow.pl\/index.php?rest_route=\/wp\/v2\/users\/1"}],"replies":[{"embeddable":true,"href":"https:\/\/foto.chorzow.pl\/index.php?rest_route=%2Fwp%2Fv2%2Fcomments&post=1295"}],"version-history":[{"count":2,"href":"https:\/\/foto.chorzow.pl\/index.php?rest_route=\/wp\/v2\/pages\/1295\/revisions"}],"predecessor-version":[{"id":1310,"href":"https:\/\/foto.chorzow.pl\/index.php?rest_route=\/wp\/v2\/pages\/1295\/revisions\/1310"}],"wp:attachment":[{"href":"https:\/\/foto.chorzow.pl\/index.php?rest_route=%2Fwp%2Fv2%2Fmedia&parent=1295"}],"curies":[{"name":"wp","href":"https:\/\/api.w.org\/{rel}","templated":true}]}}