{"id":23,"date":"2021-03-09T12:17:59","date_gmt":"2021-03-09T12:17:59","guid":{"rendered":"https:\/\/foto.chorzow.pl\/?page_id=23"},"modified":"2021-10-14T11:05:53","modified_gmt":"2021-10-14T11:05:53","slug":"wojeteth","status":"publish","type":"page","link":"https:\/\/foto.chorzow.pl\/?page_id=23","title":{"rendered":"WOJETETH"},"content":{"rendered":"\n<p>Wiosna 2006. Reporta\u017c z przygotowa\u0144 i premiery spektaklu \u201cW siebie\/Dok\u0105d?\u201d w wykonaniu Teatru Wojeteth. Zesp\u00f3\u0142 powsta\u0142\u00a0 sze\u015b\u0107 lat wcze\u015bniej w Bytomiu. Obecnie dzia\u0142a w Chorzowie przy ko\u015bciele \u015bw. Franciszka. \u201cW siebie\/Dok\u0105d?\u201d to widowisko taneczne opowiadaj\u0105ce o relacjach mi\u0119dzyludzkich bez u\u017cycia s\u0142owa.<\/p>\n\n\n\n<figure class=\"wp-block-image size-full\"><img loading=\"lazy\" decoding=\"async\" width=\"500\" height=\"333\" src=\"https:\/\/foto.chorzow.pl\/wp-content\/uploads\/2021\/10\/wojeteth-01.jpg\" alt=\"\" class=\"wp-image-508\" srcset=\"https:\/\/foto.chorzow.pl\/wp-content\/uploads\/2021\/10\/wojeteth-01.jpg 500w, https:\/\/foto.chorzow.pl\/wp-content\/uploads\/2021\/10\/wojeteth-01-300x200.jpg 300w, https:\/\/foto.chorzow.pl\/wp-content\/uploads\/2021\/10\/wojeteth-01-450x300.jpg 450w\" sizes=\"auto, (max-width: 500px) 100vw, 500px\" \/><\/figure>\n\n\n\n<figure class=\"wp-block-image size-full\"><img loading=\"lazy\" decoding=\"async\" width=\"500\" height=\"333\" src=\"https:\/\/foto.chorzow.pl\/wp-content\/uploads\/2021\/10\/wojeteth-02.jpg\" alt=\"\" class=\"wp-image-509\" srcset=\"https:\/\/foto.chorzow.pl\/wp-content\/uploads\/2021\/10\/wojeteth-02.jpg 500w, https:\/\/foto.chorzow.pl\/wp-content\/uploads\/2021\/10\/wojeteth-02-300x200.jpg 300w, https:\/\/foto.chorzow.pl\/wp-content\/uploads\/2021\/10\/wojeteth-02-450x300.jpg 450w\" sizes=\"auto, (max-width: 500px) 100vw, 500px\" \/><\/figure>\n\n\n\n<figure class=\"wp-block-image size-full\"><img loading=\"lazy\" decoding=\"async\" width=\"500\" height=\"333\" src=\"https:\/\/foto.chorzow.pl\/wp-content\/uploads\/2021\/10\/wojeteth-03.jpg\" alt=\"\" class=\"wp-image-510\" srcset=\"https:\/\/foto.chorzow.pl\/wp-content\/uploads\/2021\/10\/wojeteth-03.jpg 500w, https:\/\/foto.chorzow.pl\/wp-content\/uploads\/2021\/10\/wojeteth-03-300x200.jpg 300w, https:\/\/foto.chorzow.pl\/wp-content\/uploads\/2021\/10\/wojeteth-03-450x300.jpg 450w\" sizes=\"auto, (max-width: 500px) 100vw, 500px\" \/><\/figure>\n\n\n\n<figure class=\"wp-block-image size-full\"><img loading=\"lazy\" decoding=\"async\" width=\"500\" height=\"333\" src=\"https:\/\/foto.chorzow.pl\/wp-content\/uploads\/2021\/10\/wojeteth-04.jpg\" alt=\"\" class=\"wp-image-511\" srcset=\"https:\/\/foto.chorzow.pl\/wp-content\/uploads\/2021\/10\/wojeteth-04.jpg 500w, https:\/\/foto.chorzow.pl\/wp-content\/uploads\/2021\/10\/wojeteth-04-300x200.jpg 300w, https:\/\/foto.chorzow.pl\/wp-content\/uploads\/2021\/10\/wojeteth-04-450x300.jpg 450w\" sizes=\"auto, (max-width: 500px) 100vw, 500px\" \/><\/figure>\n\n\n\n<figure class=\"wp-block-image size-full\"><img loading=\"lazy\" decoding=\"async\" width=\"500\" height=\"333\" src=\"https:\/\/foto.chorzow.pl\/wp-content\/uploads\/2021\/10\/wojeteth-05.jpg\" alt=\"\" class=\"wp-image-513\" srcset=\"https:\/\/foto.chorzow.pl\/wp-content\/uploads\/2021\/10\/wojeteth-05.jpg 500w, https:\/\/foto.chorzow.pl\/wp-content\/uploads\/2021\/10\/wojeteth-05-300x200.jpg 300w, https:\/\/foto.chorzow.pl\/wp-content\/uploads\/2021\/10\/wojeteth-05-450x300.jpg 450w\" sizes=\"auto, (max-width: 500px) 100vw, 500px\" \/><\/figure>\n\n\n\n<figure class=\"wp-block-image size-full\"><img loading=\"lazy\" decoding=\"async\" width=\"500\" height=\"333\" src=\"https:\/\/foto.chorzow.pl\/wp-content\/uploads\/2021\/10\/wojeteth-06.jpg\" alt=\"\" class=\"wp-image-514\" srcset=\"https:\/\/foto.chorzow.pl\/wp-content\/uploads\/2021\/10\/wojeteth-06.jpg 500w, https:\/\/foto.chorzow.pl\/wp-content\/uploads\/2021\/10\/wojeteth-06-300x200.jpg 300w, https:\/\/foto.chorzow.pl\/wp-content\/uploads\/2021\/10\/wojeteth-06-450x300.jpg 450w\" sizes=\"auto, (max-width: 500px) 100vw, 500px\" \/><\/figure>\n\n\n\n<figure class=\"wp-block-image size-full\"><img loading=\"lazy\" decoding=\"async\" width=\"500\" height=\"333\" src=\"https:\/\/foto.chorzow.pl\/wp-content\/uploads\/2021\/10\/wojeteth-07.jpg\" alt=\"\" class=\"wp-image-515\" srcset=\"https:\/\/foto.chorzow.pl\/wp-content\/uploads\/2021\/10\/wojeteth-07.jpg 500w, https:\/\/foto.chorzow.pl\/wp-content\/uploads\/2021\/10\/wojeteth-07-300x200.jpg 300w, https:\/\/foto.chorzow.pl\/wp-content\/uploads\/2021\/10\/wojeteth-07-450x300.jpg 450w\" sizes=\"auto, (max-width: 500px) 100vw, 500px\" \/><\/figure>\n\n\n\n<figure class=\"wp-block-image size-full\"><img loading=\"lazy\" decoding=\"async\" width=\"500\" height=\"333\" src=\"https:\/\/foto.chorzow.pl\/wp-content\/uploads\/2021\/10\/wojeteth-08.jpg\" alt=\"\" class=\"wp-image-516\" srcset=\"https:\/\/foto.chorzow.pl\/wp-content\/uploads\/2021\/10\/wojeteth-08.jpg 500w, https:\/\/foto.chorzow.pl\/wp-content\/uploads\/2021\/10\/wojeteth-08-300x200.jpg 300w, https:\/\/foto.chorzow.pl\/wp-content\/uploads\/2021\/10\/wojeteth-08-450x300.jpg 450w\" sizes=\"auto, (max-width: 500px) 100vw, 500px\" \/><\/figure>\n\n\n\n<figure class=\"wp-block-image size-full\"><img loading=\"lazy\" decoding=\"async\" width=\"500\" height=\"333\" src=\"https:\/\/foto.chorzow.pl\/wp-content\/uploads\/2021\/10\/wojeteth-09.jpg\" alt=\"\" class=\"wp-image-517\" srcset=\"https:\/\/foto.chorzow.pl\/wp-content\/uploads\/2021\/10\/wojeteth-09.jpg 500w, https:\/\/foto.chorzow.pl\/wp-content\/uploads\/2021\/10\/wojeteth-09-300x200.jpg 300w, https:\/\/foto.chorzow.pl\/wp-content\/uploads\/2021\/10\/wojeteth-09-450x300.jpg 450w\" sizes=\"auto, (max-width: 500px) 100vw, 500px\" \/><\/figure>\n","protected":false},"excerpt":{"rendered":"<p>Wiosna 2006. Reporta\u017c z przygotowa\u0144 i premiery spektaklu \u201cW siebie\/Dok\u0105d?\u201d w wykonaniu Teatru Wojeteth. Zesp\u00f3\u0142 powsta\u0142\u00a0 sze\u015b\u0107 lat wcze\u015bniej w Bytomiu. Obecnie dzia\u0142a w Chorzowie przy ko\u015bciele \u015bw. Franciszka. \u201cW siebie\/Dok\u0105d?\u201d to widowisko taneczne opowiadaj\u0105ce o relacjach mi\u0119dzyludzkich bez u\u017cycia &hellip; <a href=\"https:\/\/foto.chorzow.pl\/?page_id=23\">Czytaj dalej <span class=\"meta-nav\">&rarr;<\/span><\/a><\/p>\n","protected":false},"author":1,"featured_media":0,"parent":0,"menu_order":0,"comment_status":"closed","ping_status":"closed","template":"","meta":{"footnotes":""},"class_list":["post-23","page","type-page","status-publish","hentry"],"yoast_head":"<!-- This site is optimized with the Yoast SEO plugin v27.5 - https:\/\/yoast.com\/product\/yoast-seo-wordpress\/ -->\n<title>WOJETETH - Adrian \u015al\u0105zok Fotografia<\/title>\n<meta name=\"robots\" content=\"index, follow, max-snippet:-1, max-image-preview:large, max-video-preview:-1\" \/>\n<link rel=\"canonical\" href=\"https:\/\/foto.chorzow.pl\/?page_id=23\" \/>\n<meta property=\"og:locale\" content=\"pl_PL\" \/>\n<meta property=\"og:type\" content=\"article\" \/>\n<meta property=\"og:title\" content=\"WOJETETH - Adrian \u015al\u0105zok Fotografia\" \/>\n<meta property=\"og:description\" content=\"Wiosna 2006. Reporta\u017c z przygotowa\u0144 i premiery spektaklu \u201cW siebie\/Dok\u0105d?\u201d w wykonaniu Teatru Wojeteth. Zesp\u00f3\u0142 powsta\u0142\u00a0 sze\u015b\u0107 lat wcze\u015bniej w Bytomiu. Obecnie dzia\u0142a w Chorzowie przy ko\u015bciele \u015bw. Franciszka. \u201cW siebie\/Dok\u0105d?\u201d to widowisko taneczne opowiadaj\u0105ce o relacjach mi\u0119dzyludzkich bez u\u017cycia &hellip; Czytaj dalej &rarr;\" \/>\n<meta property=\"og:url\" content=\"https:\/\/foto.chorzow.pl\/?page_id=23\" \/>\n<meta property=\"og:site_name\" content=\"Adrian \u015al\u0105zok Fotografia\" \/>\n<meta property=\"article:modified_time\" content=\"2021-10-14T11:05:53+00:00\" \/>\n<meta property=\"og:image\" content=\"https:\/\/foto.chorzow.pl\/wp-content\/uploads\/2021\/10\/wojeteth-01.jpg\" \/>\n<meta name=\"twitter:card\" content=\"summary_large_image\" \/>\n<meta name=\"twitter:label1\" content=\"Szacowany czas czytania\" \/>\n\t<meta name=\"twitter:data1\" content=\"2 minuty\" \/>\n<script type=\"application\/ld+json\" class=\"yoast-schema-graph\">{\"@context\":\"https:\\\/\\\/schema.org\",\"@graph\":[{\"@type\":\"WebPage\",\"@id\":\"https:\\\/\\\/foto.chorzow.pl\\\/?page_id=23\",\"url\":\"https:\\\/\\\/foto.chorzow.pl\\\/?page_id=23\",\"name\":\"WOJETETH - Adrian \u015al\u0105zok Fotografia\",\"isPartOf\":{\"@id\":\"https:\\\/\\\/foto.chorzow.pl\\\/#website\"},\"primaryImageOfPage\":{\"@id\":\"https:\\\/\\\/foto.chorzow.pl\\\/?page_id=23#primaryimage\"},\"image\":{\"@id\":\"https:\\\/\\\/foto.chorzow.pl\\\/?page_id=23#primaryimage\"},\"thumbnailUrl\":\"https:\\\/\\\/foto.chorzow.pl\\\/wp-content\\\/uploads\\\/2021\\\/10\\\/wojeteth-01.jpg\",\"datePublished\":\"2021-03-09T12:17:59+00:00\",\"dateModified\":\"2021-10-14T11:05:53+00:00\",\"breadcrumb\":{\"@id\":\"https:\\\/\\\/foto.chorzow.pl\\\/?page_id=23#breadcrumb\"},\"inLanguage\":\"pl-PL\",\"potentialAction\":[{\"@type\":\"ReadAction\",\"target\":[\"https:\\\/\\\/foto.chorzow.pl\\\/?page_id=23\"]}]},{\"@type\":\"ImageObject\",\"inLanguage\":\"pl-PL\",\"@id\":\"https:\\\/\\\/foto.chorzow.pl\\\/?page_id=23#primaryimage\",\"url\":\"https:\\\/\\\/foto.chorzow.pl\\\/wp-content\\\/uploads\\\/2021\\\/10\\\/wojeteth-01.jpg\",\"contentUrl\":\"https:\\\/\\\/foto.chorzow.pl\\\/wp-content\\\/uploads\\\/2021\\\/10\\\/wojeteth-01.jpg\",\"width\":500,\"height\":333},{\"@type\":\"BreadcrumbList\",\"@id\":\"https:\\\/\\\/foto.chorzow.pl\\\/?page_id=23#breadcrumb\",\"itemListElement\":[{\"@type\":\"ListItem\",\"position\":1,\"name\":\"Strona g\u0142\u00f3wna\",\"item\":\"https:\\\/\\\/foto.chorzow.pl\\\/\"},{\"@type\":\"ListItem\",\"position\":2,\"name\":\"WOJETETH\"}]},{\"@type\":\"WebSite\",\"@id\":\"https:\\\/\\\/foto.chorzow.pl\\\/#website\",\"url\":\"https:\\\/\\\/foto.chorzow.pl\\\/\",\"name\":\"Adrian \u015al\u0105zok Fotografia\",\"description\":\"Adrian Slazok Photography\",\"potentialAction\":[{\"@type\":\"SearchAction\",\"target\":{\"@type\":\"EntryPoint\",\"urlTemplate\":\"https:\\\/\\\/foto.chorzow.pl\\\/?s={search_term_string}\"},\"query-input\":{\"@type\":\"PropertyValueSpecification\",\"valueRequired\":true,\"valueName\":\"search_term_string\"}}],\"inLanguage\":\"pl-PL\"}]}<\/script>\n<!-- \/ Yoast SEO plugin. -->","yoast_head_json":{"title":"WOJETETH - Adrian \u015al\u0105zok Fotografia","robots":{"index":"index","follow":"follow","max-snippet":"max-snippet:-1","max-image-preview":"max-image-preview:large","max-video-preview":"max-video-preview:-1"},"canonical":"https:\/\/foto.chorzow.pl\/?page_id=23","og_locale":"pl_PL","og_type":"article","og_title":"WOJETETH - Adrian \u015al\u0105zok Fotografia","og_description":"Wiosna 2006. Reporta\u017c z przygotowa\u0144 i premiery spektaklu \u201cW siebie\/Dok\u0105d?\u201d w wykonaniu Teatru Wojeteth. Zesp\u00f3\u0142 powsta\u0142\u00a0 sze\u015b\u0107 lat wcze\u015bniej w Bytomiu. Obecnie dzia\u0142a w Chorzowie przy ko\u015bciele \u015bw. Franciszka. \u201cW siebie\/Dok\u0105d?\u201d to widowisko taneczne opowiadaj\u0105ce o relacjach mi\u0119dzyludzkich bez u\u017cycia &hellip; Czytaj dalej &rarr;","og_url":"https:\/\/foto.chorzow.pl\/?page_id=23","og_site_name":"Adrian \u015al\u0105zok Fotografia","article_modified_time":"2021-10-14T11:05:53+00:00","og_image":[{"url":"https:\/\/foto.chorzow.pl\/wp-content\/uploads\/2021\/10\/wojeteth-01.jpg","type":"","width":"","height":""}],"twitter_card":"summary_large_image","twitter_misc":{"Szacowany czas czytania":"2 minuty"},"schema":{"@context":"https:\/\/schema.org","@graph":[{"@type":"WebPage","@id":"https:\/\/foto.chorzow.pl\/?page_id=23","url":"https:\/\/foto.chorzow.pl\/?page_id=23","name":"WOJETETH - Adrian \u015al\u0105zok Fotografia","isPartOf":{"@id":"https:\/\/foto.chorzow.pl\/#website"},"primaryImageOfPage":{"@id":"https:\/\/foto.chorzow.pl\/?page_id=23#primaryimage"},"image":{"@id":"https:\/\/foto.chorzow.pl\/?page_id=23#primaryimage"},"thumbnailUrl":"https:\/\/foto.chorzow.pl\/wp-content\/uploads\/2021\/10\/wojeteth-01.jpg","datePublished":"2021-03-09T12:17:59+00:00","dateModified":"2021-10-14T11:05:53+00:00","breadcrumb":{"@id":"https:\/\/foto.chorzow.pl\/?page_id=23#breadcrumb"},"inLanguage":"pl-PL","potentialAction":[{"@type":"ReadAction","target":["https:\/\/foto.chorzow.pl\/?page_id=23"]}]},{"@type":"ImageObject","inLanguage":"pl-PL","@id":"https:\/\/foto.chorzow.pl\/?page_id=23#primaryimage","url":"https:\/\/foto.chorzow.pl\/wp-content\/uploads\/2021\/10\/wojeteth-01.jpg","contentUrl":"https:\/\/foto.chorzow.pl\/wp-content\/uploads\/2021\/10\/wojeteth-01.jpg","width":500,"height":333},{"@type":"BreadcrumbList","@id":"https:\/\/foto.chorzow.pl\/?page_id=23#breadcrumb","itemListElement":[{"@type":"ListItem","position":1,"name":"Strona g\u0142\u00f3wna","item":"https:\/\/foto.chorzow.pl\/"},{"@type":"ListItem","position":2,"name":"WOJETETH"}]},{"@type":"WebSite","@id":"https:\/\/foto.chorzow.pl\/#website","url":"https:\/\/foto.chorzow.pl\/","name":"Adrian \u015al\u0105zok Fotografia","description":"Adrian Slazok Photography","potentialAction":[{"@type":"SearchAction","target":{"@type":"EntryPoint","urlTemplate":"https:\/\/foto.chorzow.pl\/?s={search_term_string}"},"query-input":{"@type":"PropertyValueSpecification","valueRequired":true,"valueName":"search_term_string"}}],"inLanguage":"pl-PL"}]}},"_links":{"self":[{"href":"https:\/\/foto.chorzow.pl\/index.php?rest_route=\/wp\/v2\/pages\/23","targetHints":{"allow":["GET"]}}],"collection":[{"href":"https:\/\/foto.chorzow.pl\/index.php?rest_route=\/wp\/v2\/pages"}],"about":[{"href":"https:\/\/foto.chorzow.pl\/index.php?rest_route=\/wp\/v2\/types\/page"}],"author":[{"embeddable":true,"href":"https:\/\/foto.chorzow.pl\/index.php?rest_route=\/wp\/v2\/users\/1"}],"replies":[{"embeddable":true,"href":"https:\/\/foto.chorzow.pl\/index.php?rest_route=%2Fwp%2Fv2%2Fcomments&post=23"}],"version-history":[{"count":2,"href":"https:\/\/foto.chorzow.pl\/index.php?rest_route=\/wp\/v2\/pages\/23\/revisions"}],"predecessor-version":[{"id":518,"href":"https:\/\/foto.chorzow.pl\/index.php?rest_route=\/wp\/v2\/pages\/23\/revisions\/518"}],"wp:attachment":[{"href":"https:\/\/foto.chorzow.pl\/index.php?rest_route=%2Fwp%2Fv2%2Fmedia&parent=23"}],"curies":[{"name":"wp","href":"https:\/\/api.w.org\/{rel}","templated":true}]}}