{"id":29,"date":"2021-03-09T17:58:20","date_gmt":"2021-03-09T17:58:20","guid":{"rendered":"https:\/\/foto.chorzow.pl\/?page_id=29"},"modified":"2026-01-28T12:05:02","modified_gmt":"2026-01-28T12:05:02","slug":"fotoreportaz","status":"publish","type":"page","link":"https:\/\/foto.chorzow.pl\/?page_id=29","title":{"rendered":"FOTOREPORTA\u017b"},"content":{"rendered":"\n<p>Opowiadanie historii za pomoc\u0105 zdj\u0119\u0107 to najwy\u017cszy stopie\u0144 wtajemniczenia w fotograficznym rzemio\u015ble. Zapraszam do obejrzenia moich fotoreporta\u017cy:<\/p>\n\n\n<div class=\"wp-block-image\">\n<figure class=\"alignleft size-medium is-resized\"><a href=\"https:\/\/foto.chorzow.pl\/?page_id=23\"><img loading=\"lazy\" decoding=\"async\" width=\"300\" height=\"200\" src=\"https:\/\/foto.chorzow.pl\/wp-content\/uploads\/2024\/06\/wojeteth-01-300x200.jpg\" alt=\"\" class=\"wp-image-954\" style=\"width:300px\" srcset=\"https:\/\/foto.chorzow.pl\/wp-content\/uploads\/2024\/06\/wojeteth-01-300x200.jpg 300w, https:\/\/foto.chorzow.pl\/wp-content\/uploads\/2024\/06\/wojeteth-01-450x300.jpg 450w, https:\/\/foto.chorzow.pl\/wp-content\/uploads\/2024\/06\/wojeteth-01.jpg 500w\" sizes=\"auto, (max-width: 300px) 100vw, 300px\" \/><\/a><figcaption class=\"wp-element-caption\">Teatr WOJETETH<\/figcaption><\/figure>\n<\/div>\n\n\n<figure class=\"wp-block-image size-medium\"><a href=\"https:\/\/foto.chorzow.pl\/?page_id=37\"><img loading=\"lazy\" decoding=\"async\" width=\"300\" height=\"200\" src=\"https:\/\/foto.chorzow.pl\/wp-content\/uploads\/2024\/06\/wujek-6-300x200.jpg\" alt=\"\" class=\"wp-image-955\" srcset=\"https:\/\/foto.chorzow.pl\/wp-content\/uploads\/2024\/06\/wujek-6-300x200.jpg 300w, https:\/\/foto.chorzow.pl\/wp-content\/uploads\/2024\/06\/wujek-6-450x300.jpg 450w, https:\/\/foto.chorzow.pl\/wp-content\/uploads\/2024\/06\/wujek-6.jpg 500w\" sizes=\"auto, (max-width: 300px) 100vw, 300px\" \/><\/a><figcaption class=\"wp-element-caption\">Proces w sprawie pacyfikacji Kopalni Wujek<\/figcaption><\/figure>\n\n\n\n<figure class=\"wp-block-image size-medium\"><a href=\"https:\/\/foto.chorzow.pl\/?page_id=39\"><img loading=\"lazy\" decoding=\"async\" width=\"300\" height=\"200\" src=\"https:\/\/foto.chorzow.pl\/wp-content\/uploads\/2024\/06\/5-1-300x200.jpg\" alt=\"\" class=\"wp-image-956\" srcset=\"https:\/\/foto.chorzow.pl\/wp-content\/uploads\/2024\/06\/5-1-300x200.jpg 300w, https:\/\/foto.chorzow.pl\/wp-content\/uploads\/2024\/06\/5-1-450x300.jpg 450w, https:\/\/foto.chorzow.pl\/wp-content\/uploads\/2024\/06\/5-1.jpg 500w\" sizes=\"auto, (max-width: 300px) 100vw, 300px\" \/><\/a><figcaption class=\"wp-element-caption\">Bo\u017ce Cia\u0142o w Lipinach<\/figcaption><\/figure>\n\n\n\n<figure class=\"wp-block-image size-medium\"><a href=\"https:\/\/foto.chorzow.pl\/?page_id=905\"><img loading=\"lazy\" decoding=\"async\" width=\"300\" height=\"200\" src=\"https:\/\/foto.chorzow.pl\/wp-content\/uploads\/2024\/06\/11-copy-1-300x200.jpg\" alt=\"\" class=\"wp-image-957\" srcset=\"https:\/\/foto.chorzow.pl\/wp-content\/uploads\/2024\/06\/11-copy-1-300x200.jpg 300w, https:\/\/foto.chorzow.pl\/wp-content\/uploads\/2024\/06\/11-copy-1-1024x683.jpg 1024w, https:\/\/foto.chorzow.pl\/wp-content\/uploads\/2024\/06\/11-copy-1-768x512.jpg 768w, https:\/\/foto.chorzow.pl\/wp-content\/uploads\/2024\/06\/11-copy-1-450x300.jpg 450w, https:\/\/foto.chorzow.pl\/wp-content\/uploads\/2024\/06\/11-copy-1.jpg 1200w\" sizes=\"auto, (max-width: 300px) 100vw, 300px\" \/><\/a><figcaption class=\"wp-element-caption\">\u015alub w stylu retro<\/figcaption><\/figure>\n\n\n\n<figure class=\"wp-block-image size-medium\"><a href=\"https:\/\/foto.chorzow.pl\/?page_id=41\"><img loading=\"lazy\" decoding=\"async\" width=\"300\" height=\"200\" src=\"https:\/\/foto.chorzow.pl\/wp-content\/uploads\/2024\/06\/euro-61-300x200.jpg\" alt=\"\" class=\"wp-image-958\" srcset=\"https:\/\/foto.chorzow.pl\/wp-content\/uploads\/2024\/06\/euro-61-300x200.jpg 300w, https:\/\/foto.chorzow.pl\/wp-content\/uploads\/2024\/06\/euro-61-450x300.jpg 450w, https:\/\/foto.chorzow.pl\/wp-content\/uploads\/2024\/06\/euro-61.jpg 500w\" sizes=\"auto, (max-width: 300px) 100vw, 300px\" \/><\/a><figcaption class=\"wp-element-caption\">I po Euro &#8211; mecz Polska &#8211; Czechy w 2012 roku<\/figcaption><\/figure>\n\n\n\n<figure class=\"wp-block-image size-medium\"><a href=\"https:\/\/foto.chorzow.pl\/?page_id=43\"><img loading=\"lazy\" decoding=\"async\" width=\"300\" height=\"200\" src=\"https:\/\/foto.chorzow.pl\/wp-content\/uploads\/2024\/06\/soc9-300x200.jpg\" alt=\"\" class=\"wp-image-959\" srcset=\"https:\/\/foto.chorzow.pl\/wp-content\/uploads\/2024\/06\/soc9-300x200.jpg 300w, https:\/\/foto.chorzow.pl\/wp-content\/uploads\/2024\/06\/soc9-450x300.jpg 450w, https:\/\/foto.chorzow.pl\/wp-content\/uploads\/2024\/06\/soc9.jpg 500w\" sizes=\"auto, (max-width: 300px) 100vw, 300px\" \/><\/a><figcaption class=\"wp-element-caption\">Szk\u00f3\u0142ka pi\u0142karska Socatots<\/figcaption><\/figure>\n\n\n\n<figure class=\"wp-block-image size-medium\"><a href=\"https:\/\/foto.chorzow.pl\/?page_id=45\"><img loading=\"lazy\" decoding=\"async\" width=\"300\" height=\"225\" src=\"https:\/\/foto.chorzow.pl\/wp-content\/uploads\/2024\/06\/IMG_7759-300x225.jpg\" alt=\"\" class=\"wp-image-960\" srcset=\"https:\/\/foto.chorzow.pl\/wp-content\/uploads\/2024\/06\/IMG_7759-300x225.jpg 300w, https:\/\/foto.chorzow.pl\/wp-content\/uploads\/2024\/06\/IMG_7759-400x300.jpg 400w, https:\/\/foto.chorzow.pl\/wp-content\/uploads\/2024\/06\/IMG_7759.jpg 500w\" sizes=\"auto, (max-width: 300px) 100vw, 300px\" \/><\/a><figcaption class=\"wp-element-caption\">Droga Krzy\u017cowa &#8211; Katowice Panewniki <\/figcaption><\/figure>\n\n\n\n<figure class=\"wp-block-image size-medium\"><a href=\"https:\/\/foto.chorzow.pl\/?page_id=47\"><img loading=\"lazy\" decoding=\"async\" width=\"300\" height=\"200\" src=\"https:\/\/foto.chorzow.pl\/wp-content\/uploads\/2024\/06\/adokmpc5-300x200.jpg\" alt=\"\" class=\"wp-image-961\" srcset=\"https:\/\/foto.chorzow.pl\/wp-content\/uploads\/2024\/06\/adokmpc5-300x200.jpg 300w, https:\/\/foto.chorzow.pl\/wp-content\/uploads\/2024\/06\/adokmpc5-450x300.jpg 450w, https:\/\/foto.chorzow.pl\/wp-content\/uploads\/2024\/06\/adokmpc5.jpg 660w\" sizes=\"auto, (max-width: 300px) 100vw, 300px\" \/><\/a><figcaption class=\"wp-element-caption\">Mistrzostwa Polski Chippendales<\/figcaption><\/figure>\n\n\n\n<figure class=\"wp-block-image size-medium\"><a href=\"https:\/\/foto.chorzow.pl\/?page_id=777\"><img loading=\"lazy\" decoding=\"async\" width=\"300\" height=\"200\" src=\"https:\/\/foto.chorzow.pl\/wp-content\/uploads\/2024\/06\/ADOKkg7-300x200.jpg\" alt=\"\" class=\"wp-image-962\" srcset=\"https:\/\/foto.chorzow.pl\/wp-content\/uploads\/2024\/06\/ADOKkg7-300x200.jpg 300w, https:\/\/foto.chorzow.pl\/wp-content\/uploads\/2024\/06\/ADOKkg7-768x512.jpg 768w, https:\/\/foto.chorzow.pl\/wp-content\/uploads\/2024\/06\/ADOKkg7-450x300.jpg 450w, https:\/\/foto.chorzow.pl\/wp-content\/uploads\/2024\/06\/ADOKkg7.jpg 900w\" sizes=\"auto, (max-width: 300px) 100vw, 300px\" \/><\/a><figcaption class=\"wp-element-caption\">Kajakarstwo slalomowe, IE Krak\u00f3w 2023<\/figcaption><\/figure>\n\n\n\n<figure class=\"wp-block-image size-medium is-resized\"><a href=\"https:\/\/foto.chorzow.pl\/?page_id=764\"><img loading=\"lazy\" decoding=\"async\" width=\"300\" height=\"200\" src=\"https:\/\/foto.chorzow.pl\/wp-content\/uploads\/2024\/06\/adokpowwow2-300x200.jpg\" alt=\"\" class=\"wp-image-963\" style=\"width:300px\" srcset=\"https:\/\/foto.chorzow.pl\/wp-content\/uploads\/2024\/06\/adokpowwow2-300x200.jpg 300w, https:\/\/foto.chorzow.pl\/wp-content\/uploads\/2024\/06\/adokpowwow2-768x512.jpg 768w, https:\/\/foto.chorzow.pl\/wp-content\/uploads\/2024\/06\/adokpowwow2-450x300.jpg 450w, https:\/\/foto.chorzow.pl\/wp-content\/uploads\/2024\/06\/adokpowwow2.jpg 900w\" sizes=\"auto, (max-width: 300px) 100vw, 300px\" \/><\/a><figcaption class=\"wp-element-caption\">India\u0144skie Pow Wow<\/figcaption><\/figure>\n\n\n\n<figure class=\"wp-block-image size-medium is-resized\"><a href=\"https:\/\/foto.chorzow.pl\/?page_id=1295\"><img loading=\"lazy\" decoding=\"async\" width=\"300\" height=\"200\" src=\"https:\/\/foto.chorzow.pl\/wp-content\/uploads\/2025\/09\/ADOK20250902pf135-300x200.jpg\" alt=\"\" class=\"wp-image-1297\" style=\"width:300px\" srcset=\"https:\/\/foto.chorzow.pl\/wp-content\/uploads\/2025\/09\/ADOK20250902pf135-300x200.jpg 300w, https:\/\/foto.chorzow.pl\/wp-content\/uploads\/2025\/09\/ADOK20250902pf135-768x512.jpg 768w, https:\/\/foto.chorzow.pl\/wp-content\/uploads\/2025\/09\/ADOK20250902pf135-450x300.jpg 450w, https:\/\/foto.chorzow.pl\/wp-content\/uploads\/2025\/09\/ADOK20250902pf135.jpg 900w\" sizes=\"auto, (max-width: 300px) 100vw, 300px\" \/><\/a><figcaption class=\"wp-element-caption\">EUROBASKET 2025<\/figcaption><\/figure>\n\n\n\n<figure class=\"wp-block-image size-medium\"><a href=\"https:\/\/foto.chorzow.pl\/?page_id=1366\"><img loading=\"lazy\" decoding=\"async\" width=\"300\" height=\"200\" src=\"https:\/\/foto.chorzow.pl\/wp-content\/uploads\/2026\/01\/adok20260125miech9-1-300x200.jpg\" alt=\"\" class=\"wp-image-1378\" srcset=\"https:\/\/foto.chorzow.pl\/wp-content\/uploads\/2026\/01\/adok20260125miech9-1-300x200.jpg 300w, https:\/\/foto.chorzow.pl\/wp-content\/uploads\/2026\/01\/adok20260125miech9-1-768x512.jpg 768w, https:\/\/foto.chorzow.pl\/wp-content\/uploads\/2026\/01\/adok20260125miech9-1-450x300.jpg 450w, https:\/\/foto.chorzow.pl\/wp-content\/uploads\/2026\/01\/adok20260125miech9-1.jpg 900w\" sizes=\"auto, (max-width: 300px) 100vw, 300px\" \/><\/a><figcaption class=\"wp-element-caption\">Walki o Miechowice<\/figcaption><\/figure>\n","protected":false},"excerpt":{"rendered":"<p>Opowiadanie historii za pomoc\u0105 zdj\u0119\u0107 to najwy\u017cszy stopie\u0144 wtajemniczenia w fotograficznym rzemio\u015ble. Zapraszam do obejrzenia moich fotoreporta\u017cy:<\/p>\n","protected":false},"author":1,"featured_media":0,"parent":0,"menu_order":0,"comment_status":"closed","ping_status":"closed","template":"","meta":{"footnotes":""},"class_list":["post-29","page","type-page","status-publish","hentry"],"yoast_head":"<!-- This site is optimized with the Yoast SEO plugin v27.5 - https:\/\/yoast.com\/product\/yoast-seo-wordpress\/ -->\n<title>FOTOREPORTA\u017b - Adrian \u015al\u0105zok Fotografia<\/title>\n<meta name=\"robots\" content=\"index, follow, max-snippet:-1, max-image-preview:large, max-video-preview:-1\" \/>\n<link rel=\"canonical\" href=\"https:\/\/foto.chorzow.pl\/?page_id=29\" \/>\n<meta property=\"og:locale\" content=\"pl_PL\" \/>\n<meta property=\"og:type\" content=\"article\" \/>\n<meta property=\"og:title\" content=\"FOTOREPORTA\u017b - Adrian \u015al\u0105zok Fotografia\" \/>\n<meta property=\"og:description\" content=\"Opowiadanie historii za pomoc\u0105 zdj\u0119\u0107 to najwy\u017cszy stopie\u0144 wtajemniczenia w fotograficznym rzemio\u015ble. Zapraszam do obejrzenia moich fotoreporta\u017cy:\" \/>\n<meta property=\"og:url\" content=\"https:\/\/foto.chorzow.pl\/?page_id=29\" \/>\n<meta property=\"og:site_name\" content=\"Adrian \u015al\u0105zok Fotografia\" \/>\n<meta property=\"article:modified_time\" content=\"2026-01-28T12:05:02+00:00\" \/>\n<meta property=\"og:image\" content=\"https:\/\/foto.chorzow.pl\/wp-content\/uploads\/2024\/06\/wojeteth-01.jpg\" \/>\n\t<meta property=\"og:image:width\" content=\"500\" \/>\n\t<meta property=\"og:image:height\" content=\"333\" \/>\n\t<meta property=\"og:image:type\" content=\"image\/jpeg\" \/>\n<meta name=\"twitter:card\" content=\"summary_large_image\" \/>\n<meta name=\"twitter:label1\" content=\"Szacowany czas czytania\" \/>\n\t<meta name=\"twitter:data1\" content=\"3 minuty\" \/>\n<script type=\"application\/ld+json\" class=\"yoast-schema-graph\">{\"@context\":\"https:\\\/\\\/schema.org\",\"@graph\":[{\"@type\":\"WebPage\",\"@id\":\"https:\\\/\\\/foto.chorzow.pl\\\/?page_id=29\",\"url\":\"https:\\\/\\\/foto.chorzow.pl\\\/?page_id=29\",\"name\":\"FOTOREPORTA\u017b - Adrian \u015al\u0105zok Fotografia\",\"isPartOf\":{\"@id\":\"https:\\\/\\\/foto.chorzow.pl\\\/#website\"},\"primaryImageOfPage\":{\"@id\":\"https:\\\/\\\/foto.chorzow.pl\\\/?page_id=29#primaryimage\"},\"image\":{\"@id\":\"https:\\\/\\\/foto.chorzow.pl\\\/?page_id=29#primaryimage\"},\"thumbnailUrl\":\"https:\\\/\\\/foto.chorzow.pl\\\/wp-content\\\/uploads\\\/2024\\\/06\\\/wojeteth-01-300x200.jpg\",\"datePublished\":\"2021-03-09T17:58:20+00:00\",\"dateModified\":\"2026-01-28T12:05:02+00:00\",\"breadcrumb\":{\"@id\":\"https:\\\/\\\/foto.chorzow.pl\\\/?page_id=29#breadcrumb\"},\"inLanguage\":\"pl-PL\",\"potentialAction\":[{\"@type\":\"ReadAction\",\"target\":[\"https:\\\/\\\/foto.chorzow.pl\\\/?page_id=29\"]}]},{\"@type\":\"ImageObject\",\"inLanguage\":\"pl-PL\",\"@id\":\"https:\\\/\\\/foto.chorzow.pl\\\/?page_id=29#primaryimage\",\"url\":\"https:\\\/\\\/foto.chorzow.pl\\\/wp-content\\\/uploads\\\/2024\\\/06\\\/wojeteth-01.jpg\",\"contentUrl\":\"https:\\\/\\\/foto.chorzow.pl\\\/wp-content\\\/uploads\\\/2024\\\/06\\\/wojeteth-01.jpg\",\"width\":500,\"height\":333},{\"@type\":\"BreadcrumbList\",\"@id\":\"https:\\\/\\\/foto.chorzow.pl\\\/?page_id=29#breadcrumb\",\"itemListElement\":[{\"@type\":\"ListItem\",\"position\":1,\"name\":\"Strona g\u0142\u00f3wna\",\"item\":\"https:\\\/\\\/foto.chorzow.pl\\\/\"},{\"@type\":\"ListItem\",\"position\":2,\"name\":\"FOTOREPORTA\u017b\"}]},{\"@type\":\"WebSite\",\"@id\":\"https:\\\/\\\/foto.chorzow.pl\\\/#website\",\"url\":\"https:\\\/\\\/foto.chorzow.pl\\\/\",\"name\":\"Adrian \u015al\u0105zok Fotografia\",\"description\":\"Adrian Slazok Photography\",\"potentialAction\":[{\"@type\":\"SearchAction\",\"target\":{\"@type\":\"EntryPoint\",\"urlTemplate\":\"https:\\\/\\\/foto.chorzow.pl\\\/?s={search_term_string}\"},\"query-input\":{\"@type\":\"PropertyValueSpecification\",\"valueRequired\":true,\"valueName\":\"search_term_string\"}}],\"inLanguage\":\"pl-PL\"}]}<\/script>\n<!-- \/ Yoast SEO plugin. -->","yoast_head_json":{"title":"FOTOREPORTA\u017b - Adrian \u015al\u0105zok Fotografia","robots":{"index":"index","follow":"follow","max-snippet":"max-snippet:-1","max-image-preview":"max-image-preview:large","max-video-preview":"max-video-preview:-1"},"canonical":"https:\/\/foto.chorzow.pl\/?page_id=29","og_locale":"pl_PL","og_type":"article","og_title":"FOTOREPORTA\u017b - Adrian \u015al\u0105zok Fotografia","og_description":"Opowiadanie historii za pomoc\u0105 zdj\u0119\u0107 to najwy\u017cszy stopie\u0144 wtajemniczenia w fotograficznym rzemio\u015ble. Zapraszam do obejrzenia moich fotoreporta\u017cy:","og_url":"https:\/\/foto.chorzow.pl\/?page_id=29","og_site_name":"Adrian \u015al\u0105zok Fotografia","article_modified_time":"2026-01-28T12:05:02+00:00","og_image":[{"width":500,"height":333,"url":"https:\/\/foto.chorzow.pl\/wp-content\/uploads\/2024\/06\/wojeteth-01.jpg","type":"image\/jpeg"}],"twitter_card":"summary_large_image","twitter_misc":{"Szacowany czas czytania":"3 minuty"},"schema":{"@context":"https:\/\/schema.org","@graph":[{"@type":"WebPage","@id":"https:\/\/foto.chorzow.pl\/?page_id=29","url":"https:\/\/foto.chorzow.pl\/?page_id=29","name":"FOTOREPORTA\u017b - Adrian \u015al\u0105zok Fotografia","isPartOf":{"@id":"https:\/\/foto.chorzow.pl\/#website"},"primaryImageOfPage":{"@id":"https:\/\/foto.chorzow.pl\/?page_id=29#primaryimage"},"image":{"@id":"https:\/\/foto.chorzow.pl\/?page_id=29#primaryimage"},"thumbnailUrl":"https:\/\/foto.chorzow.pl\/wp-content\/uploads\/2024\/06\/wojeteth-01-300x200.jpg","datePublished":"2021-03-09T17:58:20+00:00","dateModified":"2026-01-28T12:05:02+00:00","breadcrumb":{"@id":"https:\/\/foto.chorzow.pl\/?page_id=29#breadcrumb"},"inLanguage":"pl-PL","potentialAction":[{"@type":"ReadAction","target":["https:\/\/foto.chorzow.pl\/?page_id=29"]}]},{"@type":"ImageObject","inLanguage":"pl-PL","@id":"https:\/\/foto.chorzow.pl\/?page_id=29#primaryimage","url":"https:\/\/foto.chorzow.pl\/wp-content\/uploads\/2024\/06\/wojeteth-01.jpg","contentUrl":"https:\/\/foto.chorzow.pl\/wp-content\/uploads\/2024\/06\/wojeteth-01.jpg","width":500,"height":333},{"@type":"BreadcrumbList","@id":"https:\/\/foto.chorzow.pl\/?page_id=29#breadcrumb","itemListElement":[{"@type":"ListItem","position":1,"name":"Strona g\u0142\u00f3wna","item":"https:\/\/foto.chorzow.pl\/"},{"@type":"ListItem","position":2,"name":"FOTOREPORTA\u017b"}]},{"@type":"WebSite","@id":"https:\/\/foto.chorzow.pl\/#website","url":"https:\/\/foto.chorzow.pl\/","name":"Adrian \u015al\u0105zok Fotografia","description":"Adrian Slazok Photography","potentialAction":[{"@type":"SearchAction","target":{"@type":"EntryPoint","urlTemplate":"https:\/\/foto.chorzow.pl\/?s={search_term_string}"},"query-input":{"@type":"PropertyValueSpecification","valueRequired":true,"valueName":"search_term_string"}}],"inLanguage":"pl-PL"}]}},"_links":{"self":[{"href":"https:\/\/foto.chorzow.pl\/index.php?rest_route=\/wp\/v2\/pages\/29","targetHints":{"allow":["GET"]}}],"collection":[{"href":"https:\/\/foto.chorzow.pl\/index.php?rest_route=\/wp\/v2\/pages"}],"about":[{"href":"https:\/\/foto.chorzow.pl\/index.php?rest_route=\/wp\/v2\/types\/page"}],"author":[{"embeddable":true,"href":"https:\/\/foto.chorzow.pl\/index.php?rest_route=\/wp\/v2\/users\/1"}],"replies":[{"embeddable":true,"href":"https:\/\/foto.chorzow.pl\/index.php?rest_route=%2Fwp%2Fv2%2Fcomments&post=29"}],"version-history":[{"count":12,"href":"https:\/\/foto.chorzow.pl\/index.php?rest_route=\/wp\/v2\/pages\/29\/revisions"}],"predecessor-version":[{"id":1380,"href":"https:\/\/foto.chorzow.pl\/index.php?rest_route=\/wp\/v2\/pages\/29\/revisions\/1380"}],"wp:attachment":[{"href":"https:\/\/foto.chorzow.pl\/index.php?rest_route=%2Fwp%2Fv2%2Fmedia&parent=29"}],"curies":[{"name":"wp","href":"https:\/\/api.w.org\/{rel}","templated":true}]}}