{"id":37,"date":"2021-03-09T18:06:06","date_gmt":"2021-03-09T18:06:06","guid":{"rendered":"https:\/\/foto.chorzow.pl\/?page_id=37"},"modified":"2021-10-14T11:10:13","modified_gmt":"2021-10-14T11:10:13","slug":"proces","status":"publish","type":"page","link":"https:\/\/foto.chorzow.pl\/?page_id=37","title":{"rendered":"PROCES"},"content":{"rendered":"\n<p>Maj 2007 roku. Katowice, S\u0105d Okr\u0119gowy. Zako\u0144czenie trwaj\u0105cego kilkana\u015bcie lat procesu w sprawie pacyfikacji Kopal\u0144 Wujek i Manifest Lipcowy.<\/p>\n\n\n\n<div class=\"wp-block-image\"><figure class=\"aligncenter size-full\"><img loading=\"lazy\" decoding=\"async\" width=\"500\" height=\"333\" src=\"https:\/\/foto.chorzow.pl\/wp-content\/uploads\/2021\/10\/wujek-1.jpg\" alt=\"\" class=\"wp-image-519\" srcset=\"https:\/\/foto.chorzow.pl\/wp-content\/uploads\/2021\/10\/wujek-1.jpg 500w, https:\/\/foto.chorzow.pl\/wp-content\/uploads\/2021\/10\/wujek-1-300x200.jpg 300w, https:\/\/foto.chorzow.pl\/wp-content\/uploads\/2021\/10\/wujek-1-450x300.jpg 450w\" sizes=\"auto, (max-width: 500px) 100vw, 500px\" \/><\/figure><\/div>\n\n\n\n<div class=\"wp-block-image\"><figure class=\"aligncenter size-full\"><img loading=\"lazy\" decoding=\"async\" width=\"500\" height=\"333\" src=\"https:\/\/foto.chorzow.pl\/wp-content\/uploads\/2021\/10\/wujek-2.jpg\" alt=\"\" class=\"wp-image-520\" srcset=\"https:\/\/foto.chorzow.pl\/wp-content\/uploads\/2021\/10\/wujek-2.jpg 500w, https:\/\/foto.chorzow.pl\/wp-content\/uploads\/2021\/10\/wujek-2-300x200.jpg 300w, https:\/\/foto.chorzow.pl\/wp-content\/uploads\/2021\/10\/wujek-2-450x300.jpg 450w\" sizes=\"auto, (max-width: 500px) 100vw, 500px\" \/><\/figure><\/div>\n\n\n\n<div class=\"wp-block-image\"><figure class=\"aligncenter size-full\"><img loading=\"lazy\" decoding=\"async\" width=\"500\" height=\"333\" src=\"https:\/\/foto.chorzow.pl\/wp-content\/uploads\/2021\/10\/wujek-3.jpg\" alt=\"\" class=\"wp-image-521\" srcset=\"https:\/\/foto.chorzow.pl\/wp-content\/uploads\/2021\/10\/wujek-3.jpg 500w, https:\/\/foto.chorzow.pl\/wp-content\/uploads\/2021\/10\/wujek-3-300x200.jpg 300w, https:\/\/foto.chorzow.pl\/wp-content\/uploads\/2021\/10\/wujek-3-450x300.jpg 450w\" sizes=\"auto, (max-width: 500px) 100vw, 500px\" \/><\/figure><\/div>\n\n\n\n<div class=\"wp-block-image\"><figure class=\"aligncenter size-full\"><img loading=\"lazy\" decoding=\"async\" width=\"333\" height=\"500\" src=\"https:\/\/foto.chorzow.pl\/wp-content\/uploads\/2021\/10\/wujek-4.jpg\" alt=\"\" class=\"wp-image-522\" srcset=\"https:\/\/foto.chorzow.pl\/wp-content\/uploads\/2021\/10\/wujek-4.jpg 333w, https:\/\/foto.chorzow.pl\/wp-content\/uploads\/2021\/10\/wujek-4-200x300.jpg 200w\" sizes=\"auto, (max-width: 333px) 100vw, 333px\" \/><\/figure><\/div>\n\n\n\n<div class=\"wp-block-image\"><figure class=\"aligncenter size-full\"><img loading=\"lazy\" decoding=\"async\" width=\"500\" height=\"328\" src=\"https:\/\/foto.chorzow.pl\/wp-content\/uploads\/2021\/10\/wujek-5.jpg\" alt=\"\" class=\"wp-image-524\" srcset=\"https:\/\/foto.chorzow.pl\/wp-content\/uploads\/2021\/10\/wujek-5.jpg 500w, https:\/\/foto.chorzow.pl\/wp-content\/uploads\/2021\/10\/wujek-5-300x197.jpg 300w, https:\/\/foto.chorzow.pl\/wp-content\/uploads\/2021\/10\/wujek-5-457x300.jpg 457w\" sizes=\"auto, (max-width: 500px) 100vw, 500px\" \/><\/figure><\/div>\n\n\n\n<div class=\"wp-block-image\"><figure class=\"aligncenter size-full\"><img loading=\"lazy\" decoding=\"async\" width=\"500\" height=\"333\" src=\"https:\/\/foto.chorzow.pl\/wp-content\/uploads\/2021\/10\/wujek-6.jpg\" alt=\"\" class=\"wp-image-525\" srcset=\"https:\/\/foto.chorzow.pl\/wp-content\/uploads\/2021\/10\/wujek-6.jpg 500w, https:\/\/foto.chorzow.pl\/wp-content\/uploads\/2021\/10\/wujek-6-300x200.jpg 300w, https:\/\/foto.chorzow.pl\/wp-content\/uploads\/2021\/10\/wujek-6-450x300.jpg 450w\" sizes=\"auto, (max-width: 500px) 100vw, 500px\" \/><\/figure><\/div>\n\n\n\n<div class=\"wp-block-image\"><figure class=\"aligncenter size-full\"><img loading=\"lazy\" decoding=\"async\" width=\"500\" height=\"333\" src=\"https:\/\/foto.chorzow.pl\/wp-content\/uploads\/2021\/10\/wujek-7.jpg\" alt=\"\" class=\"wp-image-526\" srcset=\"https:\/\/foto.chorzow.pl\/wp-content\/uploads\/2021\/10\/wujek-7.jpg 500w, https:\/\/foto.chorzow.pl\/wp-content\/uploads\/2021\/10\/wujek-7-300x200.jpg 300w, https:\/\/foto.chorzow.pl\/wp-content\/uploads\/2021\/10\/wujek-7-450x300.jpg 450w\" sizes=\"auto, (max-width: 500px) 100vw, 500px\" \/><\/figure><\/div>\n\n\n\n<div class=\"wp-block-image\"><figure class=\"aligncenter size-full\"><img loading=\"lazy\" decoding=\"async\" width=\"500\" height=\"333\" src=\"https:\/\/foto.chorzow.pl\/wp-content\/uploads\/2021\/10\/wujek-8.jpg\" alt=\"\" class=\"wp-image-527\" srcset=\"https:\/\/foto.chorzow.pl\/wp-content\/uploads\/2021\/10\/wujek-8.jpg 500w, https:\/\/foto.chorzow.pl\/wp-content\/uploads\/2021\/10\/wujek-8-300x200.jpg 300w, https:\/\/foto.chorzow.pl\/wp-content\/uploads\/2021\/10\/wujek-8-450x300.jpg 450w\" sizes=\"auto, (max-width: 500px) 100vw, 500px\" \/><\/figure><\/div>\n\n\n\n<div class=\"wp-block-image\"><figure class=\"aligncenter size-full\"><img loading=\"lazy\" decoding=\"async\" width=\"500\" height=\"333\" src=\"https:\/\/foto.chorzow.pl\/wp-content\/uploads\/2021\/10\/wujek-9.jpg\" alt=\"\" class=\"wp-image-528\" srcset=\"https:\/\/foto.chorzow.pl\/wp-content\/uploads\/2021\/10\/wujek-9.jpg 500w, https:\/\/foto.chorzow.pl\/wp-content\/uploads\/2021\/10\/wujek-9-300x200.jpg 300w, https:\/\/foto.chorzow.pl\/wp-content\/uploads\/2021\/10\/wujek-9-450x300.jpg 450w\" sizes=\"auto, (max-width: 500px) 100vw, 500px\" \/><\/figure><\/div>\n","protected":false},"excerpt":{"rendered":"<p>Maj 2007 roku. Katowice, S\u0105d Okr\u0119gowy. Zako\u0144czenie trwaj\u0105cego kilkana\u015bcie lat procesu w sprawie pacyfikacji Kopal\u0144 Wujek i Manifest Lipcowy.<\/p>\n","protected":false},"author":1,"featured_media":0,"parent":0,"menu_order":0,"comment_status":"closed","ping_status":"closed","template":"","meta":{"footnotes":""},"class_list":["post-37","page","type-page","status-publish","hentry"],"yoast_head":"<!-- This site is optimized with the Yoast SEO plugin v27.5 - https:\/\/yoast.com\/product\/yoast-seo-wordpress\/ -->\n<title>PROCES - Adrian \u015al\u0105zok Fotografia<\/title>\n<meta name=\"robots\" content=\"index, follow, max-snippet:-1, max-image-preview:large, max-video-preview:-1\" \/>\n<link rel=\"canonical\" href=\"https:\/\/foto.chorzow.pl\/?page_id=37\" \/>\n<meta property=\"og:locale\" content=\"pl_PL\" \/>\n<meta property=\"og:type\" content=\"article\" \/>\n<meta property=\"og:title\" content=\"PROCES - Adrian \u015al\u0105zok Fotografia\" \/>\n<meta property=\"og:description\" content=\"Maj 2007 roku. Katowice, S\u0105d Okr\u0119gowy. Zako\u0144czenie trwaj\u0105cego kilkana\u015bcie lat procesu w sprawie pacyfikacji Kopal\u0144 Wujek i Manifest Lipcowy.\" \/>\n<meta property=\"og:url\" content=\"https:\/\/foto.chorzow.pl\/?page_id=37\" \/>\n<meta property=\"og:site_name\" content=\"Adrian \u015al\u0105zok Fotografia\" \/>\n<meta property=\"article:modified_time\" content=\"2021-10-14T11:10:13+00:00\" \/>\n<meta property=\"og:image\" content=\"https:\/\/foto.chorzow.pl\/wp-content\/uploads\/2021\/10\/wujek-1.jpg\" \/>\n<meta name=\"twitter:card\" content=\"summary_large_image\" \/>\n<meta name=\"twitter:label1\" content=\"Szacowany czas czytania\" \/>\n\t<meta name=\"twitter:data1\" content=\"2 minuty\" \/>\n<script type=\"application\/ld+json\" class=\"yoast-schema-graph\">{\"@context\":\"https:\\\/\\\/schema.org\",\"@graph\":[{\"@type\":\"WebPage\",\"@id\":\"https:\\\/\\\/foto.chorzow.pl\\\/?page_id=37\",\"url\":\"https:\\\/\\\/foto.chorzow.pl\\\/?page_id=37\",\"name\":\"PROCES - Adrian \u015al\u0105zok Fotografia\",\"isPartOf\":{\"@id\":\"https:\\\/\\\/foto.chorzow.pl\\\/#website\"},\"primaryImageOfPage\":{\"@id\":\"https:\\\/\\\/foto.chorzow.pl\\\/?page_id=37#primaryimage\"},\"image\":{\"@id\":\"https:\\\/\\\/foto.chorzow.pl\\\/?page_id=37#primaryimage\"},\"thumbnailUrl\":\"https:\\\/\\\/foto.chorzow.pl\\\/wp-content\\\/uploads\\\/2021\\\/10\\\/wujek-1.jpg\",\"datePublished\":\"2021-03-09T18:06:06+00:00\",\"dateModified\":\"2021-10-14T11:10:13+00:00\",\"breadcrumb\":{\"@id\":\"https:\\\/\\\/foto.chorzow.pl\\\/?page_id=37#breadcrumb\"},\"inLanguage\":\"pl-PL\",\"potentialAction\":[{\"@type\":\"ReadAction\",\"target\":[\"https:\\\/\\\/foto.chorzow.pl\\\/?page_id=37\"]}]},{\"@type\":\"ImageObject\",\"inLanguage\":\"pl-PL\",\"@id\":\"https:\\\/\\\/foto.chorzow.pl\\\/?page_id=37#primaryimage\",\"url\":\"https:\\\/\\\/foto.chorzow.pl\\\/wp-content\\\/uploads\\\/2021\\\/10\\\/wujek-1.jpg\",\"contentUrl\":\"https:\\\/\\\/foto.chorzow.pl\\\/wp-content\\\/uploads\\\/2021\\\/10\\\/wujek-1.jpg\",\"width\":500,\"height\":333,\"caption\":\"25.05.2007 Katowice Sad Okregowy Proces dotyczacy pacyfikacji Kopalni \\\"Wujek\\\" i \\\"Manifest Lipcowy\\\" w stanie wojennym N\\\/z Lawa oskarzonych fot. Adrian Slazok\\\/REPORTER\"},{\"@type\":\"BreadcrumbList\",\"@id\":\"https:\\\/\\\/foto.chorzow.pl\\\/?page_id=37#breadcrumb\",\"itemListElement\":[{\"@type\":\"ListItem\",\"position\":1,\"name\":\"Strona g\u0142\u00f3wna\",\"item\":\"https:\\\/\\\/foto.chorzow.pl\\\/\"},{\"@type\":\"ListItem\",\"position\":2,\"name\":\"PROCES\"}]},{\"@type\":\"WebSite\",\"@id\":\"https:\\\/\\\/foto.chorzow.pl\\\/#website\",\"url\":\"https:\\\/\\\/foto.chorzow.pl\\\/\",\"name\":\"Adrian \u015al\u0105zok Fotografia\",\"description\":\"Adrian Slazok Photography\",\"potentialAction\":[{\"@type\":\"SearchAction\",\"target\":{\"@type\":\"EntryPoint\",\"urlTemplate\":\"https:\\\/\\\/foto.chorzow.pl\\\/?s={search_term_string}\"},\"query-input\":{\"@type\":\"PropertyValueSpecification\",\"valueRequired\":true,\"valueName\":\"search_term_string\"}}],\"inLanguage\":\"pl-PL\"}]}<\/script>\n<!-- \/ Yoast SEO plugin. -->","yoast_head_json":{"title":"PROCES - Adrian \u015al\u0105zok Fotografia","robots":{"index":"index","follow":"follow","max-snippet":"max-snippet:-1","max-image-preview":"max-image-preview:large","max-video-preview":"max-video-preview:-1"},"canonical":"https:\/\/foto.chorzow.pl\/?page_id=37","og_locale":"pl_PL","og_type":"article","og_title":"PROCES - Adrian \u015al\u0105zok Fotografia","og_description":"Maj 2007 roku. Katowice, S\u0105d Okr\u0119gowy. Zako\u0144czenie trwaj\u0105cego kilkana\u015bcie lat procesu w sprawie pacyfikacji Kopal\u0144 Wujek i Manifest Lipcowy.","og_url":"https:\/\/foto.chorzow.pl\/?page_id=37","og_site_name":"Adrian \u015al\u0105zok Fotografia","article_modified_time":"2021-10-14T11:10:13+00:00","og_image":[{"url":"https:\/\/foto.chorzow.pl\/wp-content\/uploads\/2021\/10\/wujek-1.jpg","type":"","width":"","height":""}],"twitter_card":"summary_large_image","twitter_misc":{"Szacowany czas czytania":"2 minuty"},"schema":{"@context":"https:\/\/schema.org","@graph":[{"@type":"WebPage","@id":"https:\/\/foto.chorzow.pl\/?page_id=37","url":"https:\/\/foto.chorzow.pl\/?page_id=37","name":"PROCES - Adrian \u015al\u0105zok Fotografia","isPartOf":{"@id":"https:\/\/foto.chorzow.pl\/#website"},"primaryImageOfPage":{"@id":"https:\/\/foto.chorzow.pl\/?page_id=37#primaryimage"},"image":{"@id":"https:\/\/foto.chorzow.pl\/?page_id=37#primaryimage"},"thumbnailUrl":"https:\/\/foto.chorzow.pl\/wp-content\/uploads\/2021\/10\/wujek-1.jpg","datePublished":"2021-03-09T18:06:06+00:00","dateModified":"2021-10-14T11:10:13+00:00","breadcrumb":{"@id":"https:\/\/foto.chorzow.pl\/?page_id=37#breadcrumb"},"inLanguage":"pl-PL","potentialAction":[{"@type":"ReadAction","target":["https:\/\/foto.chorzow.pl\/?page_id=37"]}]},{"@type":"ImageObject","inLanguage":"pl-PL","@id":"https:\/\/foto.chorzow.pl\/?page_id=37#primaryimage","url":"https:\/\/foto.chorzow.pl\/wp-content\/uploads\/2021\/10\/wujek-1.jpg","contentUrl":"https:\/\/foto.chorzow.pl\/wp-content\/uploads\/2021\/10\/wujek-1.jpg","width":500,"height":333,"caption":"25.05.2007 Katowice Sad Okregowy Proces dotyczacy pacyfikacji Kopalni \"Wujek\" i \"Manifest Lipcowy\" w stanie wojennym N\/z Lawa oskarzonych fot. Adrian Slazok\/REPORTER"},{"@type":"BreadcrumbList","@id":"https:\/\/foto.chorzow.pl\/?page_id=37#breadcrumb","itemListElement":[{"@type":"ListItem","position":1,"name":"Strona g\u0142\u00f3wna","item":"https:\/\/foto.chorzow.pl\/"},{"@type":"ListItem","position":2,"name":"PROCES"}]},{"@type":"WebSite","@id":"https:\/\/foto.chorzow.pl\/#website","url":"https:\/\/foto.chorzow.pl\/","name":"Adrian \u015al\u0105zok Fotografia","description":"Adrian Slazok Photography","potentialAction":[{"@type":"SearchAction","target":{"@type":"EntryPoint","urlTemplate":"https:\/\/foto.chorzow.pl\/?s={search_term_string}"},"query-input":{"@type":"PropertyValueSpecification","valueRequired":true,"valueName":"search_term_string"}}],"inLanguage":"pl-PL"}]}},"_links":{"self":[{"href":"https:\/\/foto.chorzow.pl\/index.php?rest_route=\/wp\/v2\/pages\/37","targetHints":{"allow":["GET"]}}],"collection":[{"href":"https:\/\/foto.chorzow.pl\/index.php?rest_route=\/wp\/v2\/pages"}],"about":[{"href":"https:\/\/foto.chorzow.pl\/index.php?rest_route=\/wp\/v2\/types\/page"}],"author":[{"embeddable":true,"href":"https:\/\/foto.chorzow.pl\/index.php?rest_route=\/wp\/v2\/users\/1"}],"replies":[{"embeddable":true,"href":"https:\/\/foto.chorzow.pl\/index.php?rest_route=%2Fwp%2Fv2%2Fcomments&post=37"}],"version-history":[{"count":2,"href":"https:\/\/foto.chorzow.pl\/index.php?rest_route=\/wp\/v2\/pages\/37\/revisions"}],"predecessor-version":[{"id":529,"href":"https:\/\/foto.chorzow.pl\/index.php?rest_route=\/wp\/v2\/pages\/37\/revisions\/529"}],"wp:attachment":[{"href":"https:\/\/foto.chorzow.pl\/index.php?rest_route=%2Fwp%2Fv2%2Fmedia&parent=37"}],"curies":[{"name":"wp","href":"https:\/\/api.w.org\/{rel}","templated":true}]}}