{"id":39,"date":"2021-03-09T18:07:05","date_gmt":"2021-03-09T18:07:05","guid":{"rendered":"https:\/\/foto.chorzow.pl\/?page_id=39"},"modified":"2021-10-14T11:13:20","modified_gmt":"2021-10-14T11:13:20","slug":"boze-cialo","status":"publish","type":"page","link":"https:\/\/foto.chorzow.pl\/?page_id=39","title":{"rendered":"BO\u017bE CIA\u0141O"},"content":{"rendered":"\n<p>Czerwiec 2010 roku. \u015awi\u0119toch\u0142owice, Lipiny. Co roku podczas Bo\u017cego Cia\u0142a mieszka\u0144cy dzielnicy przygotowuj\u0105 uroczyst\u0105 opraw\u0119 procesji, zgodnie ze \u015bl\u0105sk\u0105 tradycj\u0105.<\/p>\n\n\n\n<figure class=\"wp-block-image size-full\"><img loading=\"lazy\" decoding=\"async\" width=\"500\" height=\"333\" src=\"https:\/\/foto.chorzow.pl\/wp-content\/uploads\/2021\/10\/1.jpg\" alt=\"\" class=\"wp-image-530\" srcset=\"https:\/\/foto.chorzow.pl\/wp-content\/uploads\/2021\/10\/1.jpg 500w, https:\/\/foto.chorzow.pl\/wp-content\/uploads\/2021\/10\/1-300x200.jpg 300w, https:\/\/foto.chorzow.pl\/wp-content\/uploads\/2021\/10\/1-450x300.jpg 450w\" sizes=\"auto, (max-width: 500px) 100vw, 500px\" \/><\/figure>\n\n\n\n<figure class=\"wp-block-image size-full\"><img loading=\"lazy\" decoding=\"async\" width=\"500\" height=\"333\" src=\"https:\/\/foto.chorzow.pl\/wp-content\/uploads\/2021\/10\/2.jpg\" alt=\"\" class=\"wp-image-531\" srcset=\"https:\/\/foto.chorzow.pl\/wp-content\/uploads\/2021\/10\/2.jpg 500w, https:\/\/foto.chorzow.pl\/wp-content\/uploads\/2021\/10\/2-300x200.jpg 300w, https:\/\/foto.chorzow.pl\/wp-content\/uploads\/2021\/10\/2-450x300.jpg 450w\" sizes=\"auto, (max-width: 500px) 100vw, 500px\" \/><\/figure>\n\n\n\n<figure class=\"wp-block-image size-full\"><img loading=\"lazy\" decoding=\"async\" width=\"500\" height=\"333\" src=\"https:\/\/foto.chorzow.pl\/wp-content\/uploads\/2021\/10\/3.jpg\" alt=\"\" class=\"wp-image-532\" srcset=\"https:\/\/foto.chorzow.pl\/wp-content\/uploads\/2021\/10\/3.jpg 500w, https:\/\/foto.chorzow.pl\/wp-content\/uploads\/2021\/10\/3-300x200.jpg 300w, https:\/\/foto.chorzow.pl\/wp-content\/uploads\/2021\/10\/3-450x300.jpg 450w\" sizes=\"auto, (max-width: 500px) 100vw, 500px\" \/><\/figure>\n\n\n\n<figure class=\"wp-block-image size-full\"><img loading=\"lazy\" decoding=\"async\" width=\"500\" height=\"333\" src=\"https:\/\/foto.chorzow.pl\/wp-content\/uploads\/2021\/10\/4.jpg\" alt=\"\" class=\"wp-image-533\" srcset=\"https:\/\/foto.chorzow.pl\/wp-content\/uploads\/2021\/10\/4.jpg 500w, https:\/\/foto.chorzow.pl\/wp-content\/uploads\/2021\/10\/4-300x200.jpg 300w, https:\/\/foto.chorzow.pl\/wp-content\/uploads\/2021\/10\/4-450x300.jpg 450w\" sizes=\"auto, (max-width: 500px) 100vw, 500px\" \/><\/figure>\n\n\n\n<figure class=\"wp-block-image size-full\"><img loading=\"lazy\" decoding=\"async\" width=\"500\" height=\"333\" src=\"https:\/\/foto.chorzow.pl\/wp-content\/uploads\/2021\/10\/5-1.jpg\" alt=\"\" class=\"wp-image-535\" srcset=\"https:\/\/foto.chorzow.pl\/wp-content\/uploads\/2021\/10\/5-1.jpg 500w, https:\/\/foto.chorzow.pl\/wp-content\/uploads\/2021\/10\/5-1-300x200.jpg 300w, https:\/\/foto.chorzow.pl\/wp-content\/uploads\/2021\/10\/5-1-450x300.jpg 450w\" sizes=\"auto, (max-width: 500px) 100vw, 500px\" \/><\/figure>\n\n\n\n<figure class=\"wp-block-image size-full\"><img loading=\"lazy\" decoding=\"async\" width=\"500\" height=\"333\" src=\"https:\/\/foto.chorzow.pl\/wp-content\/uploads\/2021\/10\/6.jpg\" alt=\"\" class=\"wp-image-536\" srcset=\"https:\/\/foto.chorzow.pl\/wp-content\/uploads\/2021\/10\/6.jpg 500w, https:\/\/foto.chorzow.pl\/wp-content\/uploads\/2021\/10\/6-300x200.jpg 300w, https:\/\/foto.chorzow.pl\/wp-content\/uploads\/2021\/10\/6-450x300.jpg 450w\" sizes=\"auto, (max-width: 500px) 100vw, 500px\" \/><\/figure>\n\n\n\n<figure class=\"wp-block-image size-full\"><img loading=\"lazy\" decoding=\"async\" width=\"500\" height=\"333\" src=\"https:\/\/foto.chorzow.pl\/wp-content\/uploads\/2021\/10\/7.jpg\" alt=\"\" class=\"wp-image-537\" srcset=\"https:\/\/foto.chorzow.pl\/wp-content\/uploads\/2021\/10\/7.jpg 500w, https:\/\/foto.chorzow.pl\/wp-content\/uploads\/2021\/10\/7-300x200.jpg 300w, https:\/\/foto.chorzow.pl\/wp-content\/uploads\/2021\/10\/7-450x300.jpg 450w\" sizes=\"auto, (max-width: 500px) 100vw, 500px\" \/><\/figure>\n\n\n\n<figure class=\"wp-block-image size-full\"><img loading=\"lazy\" decoding=\"async\" width=\"500\" height=\"333\" src=\"https:\/\/foto.chorzow.pl\/wp-content\/uploads\/2021\/10\/8.jpg\" alt=\"\" class=\"wp-image-538\" srcset=\"https:\/\/foto.chorzow.pl\/wp-content\/uploads\/2021\/10\/8.jpg 500w, https:\/\/foto.chorzow.pl\/wp-content\/uploads\/2021\/10\/8-300x200.jpg 300w, https:\/\/foto.chorzow.pl\/wp-content\/uploads\/2021\/10\/8-450x300.jpg 450w\" sizes=\"auto, (max-width: 500px) 100vw, 500px\" \/><\/figure>\n\n\n\n<figure class=\"wp-block-image size-full\"><img loading=\"lazy\" decoding=\"async\" width=\"500\" height=\"333\" src=\"https:\/\/foto.chorzow.pl\/wp-content\/uploads\/2021\/10\/9.jpg\" alt=\"\" class=\"wp-image-539\" srcset=\"https:\/\/foto.chorzow.pl\/wp-content\/uploads\/2021\/10\/9.jpg 500w, https:\/\/foto.chorzow.pl\/wp-content\/uploads\/2021\/10\/9-300x200.jpg 300w, https:\/\/foto.chorzow.pl\/wp-content\/uploads\/2021\/10\/9-450x300.jpg 450w\" sizes=\"auto, (max-width: 500px) 100vw, 500px\" \/><\/figure>\n","protected":false},"excerpt":{"rendered":"<p>Czerwiec 2010 roku. \u015awi\u0119toch\u0142owice, Lipiny. Co roku podczas Bo\u017cego Cia\u0142a mieszka\u0144cy dzielnicy przygotowuj\u0105 uroczyst\u0105 opraw\u0119 procesji, zgodnie ze \u015bl\u0105sk\u0105 tradycj\u0105.<\/p>\n","protected":false},"author":1,"featured_media":0,"parent":0,"menu_order":0,"comment_status":"closed","ping_status":"closed","template":"","meta":{"footnotes":""},"class_list":["post-39","page","type-page","status-publish","hentry"],"yoast_head":"<!-- This site is optimized with the Yoast SEO plugin v27.5 - https:\/\/yoast.com\/product\/yoast-seo-wordpress\/ -->\n<title>BO\u017bE CIA\u0141O - Adrian \u015al\u0105zok Fotografia<\/title>\n<meta name=\"robots\" content=\"index, follow, max-snippet:-1, max-image-preview:large, max-video-preview:-1\" \/>\n<link rel=\"canonical\" href=\"https:\/\/foto.chorzow.pl\/?page_id=39\" \/>\n<meta property=\"og:locale\" content=\"pl_PL\" \/>\n<meta property=\"og:type\" content=\"article\" \/>\n<meta property=\"og:title\" content=\"BO\u017bE CIA\u0141O - Adrian \u015al\u0105zok Fotografia\" \/>\n<meta property=\"og:description\" content=\"Czerwiec 2010 roku. \u015awi\u0119toch\u0142owice, Lipiny. Co roku podczas Bo\u017cego Cia\u0142a mieszka\u0144cy dzielnicy przygotowuj\u0105 uroczyst\u0105 opraw\u0119 procesji, zgodnie ze \u015bl\u0105sk\u0105 tradycj\u0105.\" \/>\n<meta property=\"og:url\" content=\"https:\/\/foto.chorzow.pl\/?page_id=39\" \/>\n<meta property=\"og:site_name\" content=\"Adrian \u015al\u0105zok Fotografia\" \/>\n<meta property=\"article:modified_time\" content=\"2021-10-14T11:13:20+00:00\" \/>\n<meta property=\"og:image\" content=\"https:\/\/foto.chorzow.pl\/wp-content\/uploads\/2021\/10\/1.jpg\" \/>\n<meta name=\"twitter:card\" content=\"summary_large_image\" \/>\n<meta name=\"twitter:label1\" content=\"Szacowany czas czytania\" \/>\n\t<meta name=\"twitter:data1\" content=\"2 minuty\" \/>\n<script type=\"application\/ld+json\" class=\"yoast-schema-graph\">{\"@context\":\"https:\\\/\\\/schema.org\",\"@graph\":[{\"@type\":\"WebPage\",\"@id\":\"https:\\\/\\\/foto.chorzow.pl\\\/?page_id=39\",\"url\":\"https:\\\/\\\/foto.chorzow.pl\\\/?page_id=39\",\"name\":\"BO\u017bE CIA\u0141O - Adrian \u015al\u0105zok Fotografia\",\"isPartOf\":{\"@id\":\"https:\\\/\\\/foto.chorzow.pl\\\/#website\"},\"primaryImageOfPage\":{\"@id\":\"https:\\\/\\\/foto.chorzow.pl\\\/?page_id=39#primaryimage\"},\"image\":{\"@id\":\"https:\\\/\\\/foto.chorzow.pl\\\/?page_id=39#primaryimage\"},\"thumbnailUrl\":\"https:\\\/\\\/foto.chorzow.pl\\\/wp-content\\\/uploads\\\/2021\\\/10\\\/1.jpg\",\"datePublished\":\"2021-03-09T18:07:05+00:00\",\"dateModified\":\"2021-10-14T11:13:20+00:00\",\"breadcrumb\":{\"@id\":\"https:\\\/\\\/foto.chorzow.pl\\\/?page_id=39#breadcrumb\"},\"inLanguage\":\"pl-PL\",\"potentialAction\":[{\"@type\":\"ReadAction\",\"target\":[\"https:\\\/\\\/foto.chorzow.pl\\\/?page_id=39\"]}]},{\"@type\":\"ImageObject\",\"inLanguage\":\"pl-PL\",\"@id\":\"https:\\\/\\\/foto.chorzow.pl\\\/?page_id=39#primaryimage\",\"url\":\"https:\\\/\\\/foto.chorzow.pl\\\/wp-content\\\/uploads\\\/2021\\\/10\\\/1.jpg\",\"contentUrl\":\"https:\\\/\\\/foto.chorzow.pl\\\/wp-content\\\/uploads\\\/2021\\\/10\\\/1.jpg\",\"width\":500,\"height\":333,\"caption\":\"03.06.2010 Swietochlowice Lipiny . Boze Cialo N\\\/z Dziecko w drodze do kosciola fot. Adrian Slazok\\\/REPORTER\"},{\"@type\":\"BreadcrumbList\",\"@id\":\"https:\\\/\\\/foto.chorzow.pl\\\/?page_id=39#breadcrumb\",\"itemListElement\":[{\"@type\":\"ListItem\",\"position\":1,\"name\":\"Strona g\u0142\u00f3wna\",\"item\":\"https:\\\/\\\/foto.chorzow.pl\\\/\"},{\"@type\":\"ListItem\",\"position\":2,\"name\":\"BO\u017bE CIA\u0141O\"}]},{\"@type\":\"WebSite\",\"@id\":\"https:\\\/\\\/foto.chorzow.pl\\\/#website\",\"url\":\"https:\\\/\\\/foto.chorzow.pl\\\/\",\"name\":\"Adrian \u015al\u0105zok Fotografia\",\"description\":\"Adrian Slazok Photography\",\"potentialAction\":[{\"@type\":\"SearchAction\",\"target\":{\"@type\":\"EntryPoint\",\"urlTemplate\":\"https:\\\/\\\/foto.chorzow.pl\\\/?s={search_term_string}\"},\"query-input\":{\"@type\":\"PropertyValueSpecification\",\"valueRequired\":true,\"valueName\":\"search_term_string\"}}],\"inLanguage\":\"pl-PL\"}]}<\/script>\n<!-- \/ Yoast SEO plugin. -->","yoast_head_json":{"title":"BO\u017bE CIA\u0141O - Adrian \u015al\u0105zok Fotografia","robots":{"index":"index","follow":"follow","max-snippet":"max-snippet:-1","max-image-preview":"max-image-preview:large","max-video-preview":"max-video-preview:-1"},"canonical":"https:\/\/foto.chorzow.pl\/?page_id=39","og_locale":"pl_PL","og_type":"article","og_title":"BO\u017bE CIA\u0141O - Adrian \u015al\u0105zok Fotografia","og_description":"Czerwiec 2010 roku. \u015awi\u0119toch\u0142owice, Lipiny. Co roku podczas Bo\u017cego Cia\u0142a mieszka\u0144cy dzielnicy przygotowuj\u0105 uroczyst\u0105 opraw\u0119 procesji, zgodnie ze \u015bl\u0105sk\u0105 tradycj\u0105.","og_url":"https:\/\/foto.chorzow.pl\/?page_id=39","og_site_name":"Adrian \u015al\u0105zok Fotografia","article_modified_time":"2021-10-14T11:13:20+00:00","og_image":[{"url":"https:\/\/foto.chorzow.pl\/wp-content\/uploads\/2021\/10\/1.jpg","type":"","width":"","height":""}],"twitter_card":"summary_large_image","twitter_misc":{"Szacowany czas czytania":"2 minuty"},"schema":{"@context":"https:\/\/schema.org","@graph":[{"@type":"WebPage","@id":"https:\/\/foto.chorzow.pl\/?page_id=39","url":"https:\/\/foto.chorzow.pl\/?page_id=39","name":"BO\u017bE CIA\u0141O - Adrian \u015al\u0105zok Fotografia","isPartOf":{"@id":"https:\/\/foto.chorzow.pl\/#website"},"primaryImageOfPage":{"@id":"https:\/\/foto.chorzow.pl\/?page_id=39#primaryimage"},"image":{"@id":"https:\/\/foto.chorzow.pl\/?page_id=39#primaryimage"},"thumbnailUrl":"https:\/\/foto.chorzow.pl\/wp-content\/uploads\/2021\/10\/1.jpg","datePublished":"2021-03-09T18:07:05+00:00","dateModified":"2021-10-14T11:13:20+00:00","breadcrumb":{"@id":"https:\/\/foto.chorzow.pl\/?page_id=39#breadcrumb"},"inLanguage":"pl-PL","potentialAction":[{"@type":"ReadAction","target":["https:\/\/foto.chorzow.pl\/?page_id=39"]}]},{"@type":"ImageObject","inLanguage":"pl-PL","@id":"https:\/\/foto.chorzow.pl\/?page_id=39#primaryimage","url":"https:\/\/foto.chorzow.pl\/wp-content\/uploads\/2021\/10\/1.jpg","contentUrl":"https:\/\/foto.chorzow.pl\/wp-content\/uploads\/2021\/10\/1.jpg","width":500,"height":333,"caption":"03.06.2010 Swietochlowice Lipiny . Boze Cialo N\/z Dziecko w drodze do kosciola fot. Adrian Slazok\/REPORTER"},{"@type":"BreadcrumbList","@id":"https:\/\/foto.chorzow.pl\/?page_id=39#breadcrumb","itemListElement":[{"@type":"ListItem","position":1,"name":"Strona g\u0142\u00f3wna","item":"https:\/\/foto.chorzow.pl\/"},{"@type":"ListItem","position":2,"name":"BO\u017bE CIA\u0141O"}]},{"@type":"WebSite","@id":"https:\/\/foto.chorzow.pl\/#website","url":"https:\/\/foto.chorzow.pl\/","name":"Adrian \u015al\u0105zok Fotografia","description":"Adrian Slazok Photography","potentialAction":[{"@type":"SearchAction","target":{"@type":"EntryPoint","urlTemplate":"https:\/\/foto.chorzow.pl\/?s={search_term_string}"},"query-input":{"@type":"PropertyValueSpecification","valueRequired":true,"valueName":"search_term_string"}}],"inLanguage":"pl-PL"}]}},"_links":{"self":[{"href":"https:\/\/foto.chorzow.pl\/index.php?rest_route=\/wp\/v2\/pages\/39","targetHints":{"allow":["GET"]}}],"collection":[{"href":"https:\/\/foto.chorzow.pl\/index.php?rest_route=\/wp\/v2\/pages"}],"about":[{"href":"https:\/\/foto.chorzow.pl\/index.php?rest_route=\/wp\/v2\/types\/page"}],"author":[{"embeddable":true,"href":"https:\/\/foto.chorzow.pl\/index.php?rest_route=\/wp\/v2\/users\/1"}],"replies":[{"embeddable":true,"href":"https:\/\/foto.chorzow.pl\/index.php?rest_route=%2Fwp%2Fv2%2Fcomments&post=39"}],"version-history":[{"count":2,"href":"https:\/\/foto.chorzow.pl\/index.php?rest_route=\/wp\/v2\/pages\/39\/revisions"}],"predecessor-version":[{"id":540,"href":"https:\/\/foto.chorzow.pl\/index.php?rest_route=\/wp\/v2\/pages\/39\/revisions\/540"}],"wp:attachment":[{"href":"https:\/\/foto.chorzow.pl\/index.php?rest_route=%2Fwp%2Fv2%2Fmedia&parent=39"}],"curies":[{"name":"wp","href":"https:\/\/api.w.org\/{rel}","templated":true}]}}