{"id":45,"date":"2021-03-09T18:11:04","date_gmt":"2021-03-09T18:11:04","guid":{"rendered":"https:\/\/foto.chorzow.pl\/?page_id=45"},"modified":"2021-10-14T11:38:52","modified_gmt":"2021-10-14T11:38:52","slug":"droga-krzyzowa","status":"publish","type":"page","link":"https:\/\/foto.chorzow.pl\/?page_id=45","title":{"rendered":"DROGA KRZY\u017bOWA"},"content":{"rendered":"\n<p>03.04.2015, Kalwaria Panewnicka w Katowicach. Wielkanoc to najwa\u017cniejsze \u015bwi\u0119to chrze\u015bcija\u0144skie. W Wielki Pi\u0105tek w katowickich Panewnikach odbywaj\u0105 si\u0119 tradycyjnie uroczysto\u015bci drogi krzy\u017cowej po zmroku z pochodniami. W nabo\u017ce\u0144stwie bior\u0105 udzia\u0142 t\u0142umy wiernych.&nbsp;<\/p>\n\n\n\n<figure class=\"wp-block-image size-full\"><img loading=\"lazy\" decoding=\"async\" width=\"500\" height=\"375\" src=\"https:\/\/foto.chorzow.pl\/wp-content\/uploads\/2021\/10\/IMG_7733.jpg\" alt=\"\" class=\"wp-image-566\" srcset=\"https:\/\/foto.chorzow.pl\/wp-content\/uploads\/2021\/10\/IMG_7733.jpg 500w, https:\/\/foto.chorzow.pl\/wp-content\/uploads\/2021\/10\/IMG_7733-300x225.jpg 300w, https:\/\/foto.chorzow.pl\/wp-content\/uploads\/2021\/10\/IMG_7733-400x300.jpg 400w\" sizes=\"auto, (max-width: 500px) 100vw, 500px\" \/><\/figure>\n\n\n\n<figure class=\"wp-block-image size-full\"><img loading=\"lazy\" decoding=\"async\" width=\"500\" height=\"375\" src=\"https:\/\/foto.chorzow.pl\/wp-content\/uploads\/2021\/10\/IMG_7742.jpg\" alt=\"\" class=\"wp-image-567\" srcset=\"https:\/\/foto.chorzow.pl\/wp-content\/uploads\/2021\/10\/IMG_7742.jpg 500w, https:\/\/foto.chorzow.pl\/wp-content\/uploads\/2021\/10\/IMG_7742-300x225.jpg 300w, https:\/\/foto.chorzow.pl\/wp-content\/uploads\/2021\/10\/IMG_7742-400x300.jpg 400w\" sizes=\"auto, (max-width: 500px) 100vw, 500px\" \/><\/figure>\n\n\n\n<figure class=\"wp-block-image size-full\"><img loading=\"lazy\" decoding=\"async\" width=\"500\" height=\"375\" src=\"https:\/\/foto.chorzow.pl\/wp-content\/uploads\/2021\/10\/IMG_7743.jpg\" alt=\"\" class=\"wp-image-568\" srcset=\"https:\/\/foto.chorzow.pl\/wp-content\/uploads\/2021\/10\/IMG_7743.jpg 500w, https:\/\/foto.chorzow.pl\/wp-content\/uploads\/2021\/10\/IMG_7743-300x225.jpg 300w, https:\/\/foto.chorzow.pl\/wp-content\/uploads\/2021\/10\/IMG_7743-400x300.jpg 400w\" sizes=\"auto, (max-width: 500px) 100vw, 500px\" \/><\/figure>\n\n\n\n<figure class=\"wp-block-image size-full\"><img loading=\"lazy\" decoding=\"async\" width=\"500\" height=\"375\" src=\"https:\/\/foto.chorzow.pl\/wp-content\/uploads\/2021\/10\/IMG_7746.jpg\" alt=\"\" class=\"wp-image-570\" srcset=\"https:\/\/foto.chorzow.pl\/wp-content\/uploads\/2021\/10\/IMG_7746.jpg 500w, https:\/\/foto.chorzow.pl\/wp-content\/uploads\/2021\/10\/IMG_7746-300x225.jpg 300w, https:\/\/foto.chorzow.pl\/wp-content\/uploads\/2021\/10\/IMG_7746-400x300.jpg 400w\" sizes=\"auto, (max-width: 500px) 100vw, 500px\" \/><\/figure>\n\n\n\n<figure class=\"wp-block-image size-full\"><img loading=\"lazy\" decoding=\"async\" width=\"500\" height=\"375\" src=\"https:\/\/foto.chorzow.pl\/wp-content\/uploads\/2021\/10\/IMG_7759.jpg\" alt=\"\" class=\"wp-image-571\" srcset=\"https:\/\/foto.chorzow.pl\/wp-content\/uploads\/2021\/10\/IMG_7759.jpg 500w, https:\/\/foto.chorzow.pl\/wp-content\/uploads\/2021\/10\/IMG_7759-300x225.jpg 300w, https:\/\/foto.chorzow.pl\/wp-content\/uploads\/2021\/10\/IMG_7759-400x300.jpg 400w\" sizes=\"auto, (max-width: 500px) 100vw, 500px\" \/><\/figure>\n\n\n\n<figure class=\"wp-block-image size-full\"><img loading=\"lazy\" decoding=\"async\" width=\"500\" height=\"375\" src=\"https:\/\/foto.chorzow.pl\/wp-content\/uploads\/2021\/10\/IMG_7778.jpg\" alt=\"\" class=\"wp-image-572\" srcset=\"https:\/\/foto.chorzow.pl\/wp-content\/uploads\/2021\/10\/IMG_7778.jpg 500w, https:\/\/foto.chorzow.pl\/wp-content\/uploads\/2021\/10\/IMG_7778-300x225.jpg 300w, https:\/\/foto.chorzow.pl\/wp-content\/uploads\/2021\/10\/IMG_7778-400x300.jpg 400w\" sizes=\"auto, (max-width: 500px) 100vw, 500px\" \/><\/figure>\n\n\n\n<figure class=\"wp-block-image size-full\"><img loading=\"lazy\" decoding=\"async\" width=\"500\" height=\"375\" src=\"https:\/\/foto.chorzow.pl\/wp-content\/uploads\/2021\/10\/IMG_7804.jpg\" alt=\"\" class=\"wp-image-573\" srcset=\"https:\/\/foto.chorzow.pl\/wp-content\/uploads\/2021\/10\/IMG_7804.jpg 500w, https:\/\/foto.chorzow.pl\/wp-content\/uploads\/2021\/10\/IMG_7804-300x225.jpg 300w, https:\/\/foto.chorzow.pl\/wp-content\/uploads\/2021\/10\/IMG_7804-400x300.jpg 400w\" sizes=\"auto, (max-width: 500px) 100vw, 500px\" \/><\/figure>\n\n\n\n<figure class=\"wp-block-image size-full\"><img loading=\"lazy\" decoding=\"async\" width=\"500\" height=\"375\" src=\"https:\/\/foto.chorzow.pl\/wp-content\/uploads\/2021\/10\/IMG_7816.jpg\" alt=\"\" class=\"wp-image-574\" srcset=\"https:\/\/foto.chorzow.pl\/wp-content\/uploads\/2021\/10\/IMG_7816.jpg 500w, https:\/\/foto.chorzow.pl\/wp-content\/uploads\/2021\/10\/IMG_7816-300x225.jpg 300w, https:\/\/foto.chorzow.pl\/wp-content\/uploads\/2021\/10\/IMG_7816-400x300.jpg 400w\" sizes=\"auto, (max-width: 500px) 100vw, 500px\" \/><\/figure>\n\n\n\n<figure class=\"wp-block-image size-full\"><img loading=\"lazy\" decoding=\"async\" width=\"500\" height=\"375\" src=\"https:\/\/foto.chorzow.pl\/wp-content\/uploads\/2021\/10\/IMG_78001.jpg\" alt=\"\" class=\"wp-image-575\" srcset=\"https:\/\/foto.chorzow.pl\/wp-content\/uploads\/2021\/10\/IMG_78001.jpg 500w, https:\/\/foto.chorzow.pl\/wp-content\/uploads\/2021\/10\/IMG_78001-300x225.jpg 300w, https:\/\/foto.chorzow.pl\/wp-content\/uploads\/2021\/10\/IMG_78001-400x300.jpg 400w\" sizes=\"auto, (max-width: 500px) 100vw, 500px\" \/><\/figure>\n","protected":false},"excerpt":{"rendered":"<p>03.04.2015, Kalwaria Panewnicka w Katowicach. Wielkanoc to najwa\u017cniejsze \u015bwi\u0119to chrze\u015bcija\u0144skie. W Wielki Pi\u0105tek w katowickich Panewnikach odbywaj\u0105 si\u0119 tradycyjnie uroczysto\u015bci drogi krzy\u017cowej po zmroku z pochodniami. W nabo\u017ce\u0144stwie bior\u0105 udzia\u0142 t\u0142umy wiernych.&nbsp;<\/p>\n","protected":false},"author":1,"featured_media":0,"parent":0,"menu_order":0,"comment_status":"closed","ping_status":"closed","template":"","meta":{"footnotes":""},"class_list":["post-45","page","type-page","status-publish","hentry"],"yoast_head":"<!-- This site is optimized with the Yoast SEO plugin v27.5 - https:\/\/yoast.com\/product\/yoast-seo-wordpress\/ -->\n<title>DROGA KRZY\u017bOWA - Adrian \u015al\u0105zok Fotografia<\/title>\n<meta name=\"robots\" content=\"index, follow, max-snippet:-1, max-image-preview:large, max-video-preview:-1\" \/>\n<link rel=\"canonical\" href=\"https:\/\/foto.chorzow.pl\/?page_id=45\" \/>\n<meta property=\"og:locale\" content=\"pl_PL\" \/>\n<meta property=\"og:type\" content=\"article\" \/>\n<meta property=\"og:title\" content=\"DROGA KRZY\u017bOWA - Adrian \u015al\u0105zok Fotografia\" \/>\n<meta property=\"og:description\" content=\"03.04.2015, Kalwaria Panewnicka w Katowicach. Wielkanoc to najwa\u017cniejsze \u015bwi\u0119to chrze\u015bcija\u0144skie. W Wielki Pi\u0105tek w katowickich Panewnikach odbywaj\u0105 si\u0119 tradycyjnie uroczysto\u015bci drogi krzy\u017cowej po zmroku z pochodniami. W nabo\u017ce\u0144stwie bior\u0105 udzia\u0142 t\u0142umy wiernych.&nbsp;\" \/>\n<meta property=\"og:url\" content=\"https:\/\/foto.chorzow.pl\/?page_id=45\" \/>\n<meta property=\"og:site_name\" content=\"Adrian \u015al\u0105zok Fotografia\" \/>\n<meta property=\"article:modified_time\" content=\"2021-10-14T11:38:52+00:00\" \/>\n<meta property=\"og:image\" content=\"https:\/\/foto.chorzow.pl\/wp-content\/uploads\/2021\/10\/IMG_7733.jpg\" \/>\n<meta name=\"twitter:card\" content=\"summary_large_image\" \/>\n<meta name=\"twitter:label1\" content=\"Szacowany czas czytania\" \/>\n\t<meta name=\"twitter:data1\" content=\"2 minuty\" \/>\n<script type=\"application\/ld+json\" class=\"yoast-schema-graph\">{\"@context\":\"https:\\\/\\\/schema.org\",\"@graph\":[{\"@type\":\"WebPage\",\"@id\":\"https:\\\/\\\/foto.chorzow.pl\\\/?page_id=45\",\"url\":\"https:\\\/\\\/foto.chorzow.pl\\\/?page_id=45\",\"name\":\"DROGA KRZY\u017bOWA - Adrian \u015al\u0105zok Fotografia\",\"isPartOf\":{\"@id\":\"https:\\\/\\\/foto.chorzow.pl\\\/#website\"},\"primaryImageOfPage\":{\"@id\":\"https:\\\/\\\/foto.chorzow.pl\\\/?page_id=45#primaryimage\"},\"image\":{\"@id\":\"https:\\\/\\\/foto.chorzow.pl\\\/?page_id=45#primaryimage\"},\"thumbnailUrl\":\"https:\\\/\\\/foto.chorzow.pl\\\/wp-content\\\/uploads\\\/2021\\\/10\\\/IMG_7733.jpg\",\"datePublished\":\"2021-03-09T18:11:04+00:00\",\"dateModified\":\"2021-10-14T11:38:52+00:00\",\"breadcrumb\":{\"@id\":\"https:\\\/\\\/foto.chorzow.pl\\\/?page_id=45#breadcrumb\"},\"inLanguage\":\"pl-PL\",\"potentialAction\":[{\"@type\":\"ReadAction\",\"target\":[\"https:\\\/\\\/foto.chorzow.pl\\\/?page_id=45\"]}]},{\"@type\":\"ImageObject\",\"inLanguage\":\"pl-PL\",\"@id\":\"https:\\\/\\\/foto.chorzow.pl\\\/?page_id=45#primaryimage\",\"url\":\"https:\\\/\\\/foto.chorzow.pl\\\/wp-content\\\/uploads\\\/2021\\\/10\\\/IMG_7733.jpg\",\"contentUrl\":\"https:\\\/\\\/foto.chorzow.pl\\\/wp-content\\\/uploads\\\/2021\\\/10\\\/IMG_7733.jpg\",\"width\":500,\"height\":375,\"caption\":\"03.04.2015 Katowice Panewniki , Kalwaria panewnicka , Bazylika sw. Ludwika Krola i Wniebowziecia NMP \u0096 kosciol klasztorny franciszkanow n\\\/z Wielki Piatek - Droga krzyzowa po zmroku Fot: Adrian Slazok\\\/REPORTER\"},{\"@type\":\"BreadcrumbList\",\"@id\":\"https:\\\/\\\/foto.chorzow.pl\\\/?page_id=45#breadcrumb\",\"itemListElement\":[{\"@type\":\"ListItem\",\"position\":1,\"name\":\"Strona g\u0142\u00f3wna\",\"item\":\"https:\\\/\\\/foto.chorzow.pl\\\/\"},{\"@type\":\"ListItem\",\"position\":2,\"name\":\"DROGA KRZY\u017bOWA\"}]},{\"@type\":\"WebSite\",\"@id\":\"https:\\\/\\\/foto.chorzow.pl\\\/#website\",\"url\":\"https:\\\/\\\/foto.chorzow.pl\\\/\",\"name\":\"Adrian \u015al\u0105zok Fotografia\",\"description\":\"Adrian Slazok Photography\",\"potentialAction\":[{\"@type\":\"SearchAction\",\"target\":{\"@type\":\"EntryPoint\",\"urlTemplate\":\"https:\\\/\\\/foto.chorzow.pl\\\/?s={search_term_string}\"},\"query-input\":{\"@type\":\"PropertyValueSpecification\",\"valueRequired\":true,\"valueName\":\"search_term_string\"}}],\"inLanguage\":\"pl-PL\"}]}<\/script>\n<!-- \/ Yoast SEO plugin. -->","yoast_head_json":{"title":"DROGA KRZY\u017bOWA - Adrian \u015al\u0105zok Fotografia","robots":{"index":"index","follow":"follow","max-snippet":"max-snippet:-1","max-image-preview":"max-image-preview:large","max-video-preview":"max-video-preview:-1"},"canonical":"https:\/\/foto.chorzow.pl\/?page_id=45","og_locale":"pl_PL","og_type":"article","og_title":"DROGA KRZY\u017bOWA - Adrian \u015al\u0105zok Fotografia","og_description":"03.04.2015, Kalwaria Panewnicka w Katowicach. Wielkanoc to najwa\u017cniejsze \u015bwi\u0119to chrze\u015bcija\u0144skie. W Wielki Pi\u0105tek w katowickich Panewnikach odbywaj\u0105 si\u0119 tradycyjnie uroczysto\u015bci drogi krzy\u017cowej po zmroku z pochodniami. W nabo\u017ce\u0144stwie bior\u0105 udzia\u0142 t\u0142umy wiernych.&nbsp;","og_url":"https:\/\/foto.chorzow.pl\/?page_id=45","og_site_name":"Adrian \u015al\u0105zok Fotografia","article_modified_time":"2021-10-14T11:38:52+00:00","og_image":[{"url":"https:\/\/foto.chorzow.pl\/wp-content\/uploads\/2021\/10\/IMG_7733.jpg","type":"","width":"","height":""}],"twitter_card":"summary_large_image","twitter_misc":{"Szacowany czas czytania":"2 minuty"},"schema":{"@context":"https:\/\/schema.org","@graph":[{"@type":"WebPage","@id":"https:\/\/foto.chorzow.pl\/?page_id=45","url":"https:\/\/foto.chorzow.pl\/?page_id=45","name":"DROGA KRZY\u017bOWA - Adrian \u015al\u0105zok Fotografia","isPartOf":{"@id":"https:\/\/foto.chorzow.pl\/#website"},"primaryImageOfPage":{"@id":"https:\/\/foto.chorzow.pl\/?page_id=45#primaryimage"},"image":{"@id":"https:\/\/foto.chorzow.pl\/?page_id=45#primaryimage"},"thumbnailUrl":"https:\/\/foto.chorzow.pl\/wp-content\/uploads\/2021\/10\/IMG_7733.jpg","datePublished":"2021-03-09T18:11:04+00:00","dateModified":"2021-10-14T11:38:52+00:00","breadcrumb":{"@id":"https:\/\/foto.chorzow.pl\/?page_id=45#breadcrumb"},"inLanguage":"pl-PL","potentialAction":[{"@type":"ReadAction","target":["https:\/\/foto.chorzow.pl\/?page_id=45"]}]},{"@type":"ImageObject","inLanguage":"pl-PL","@id":"https:\/\/foto.chorzow.pl\/?page_id=45#primaryimage","url":"https:\/\/foto.chorzow.pl\/wp-content\/uploads\/2021\/10\/IMG_7733.jpg","contentUrl":"https:\/\/foto.chorzow.pl\/wp-content\/uploads\/2021\/10\/IMG_7733.jpg","width":500,"height":375,"caption":"03.04.2015 Katowice Panewniki , Kalwaria panewnicka , Bazylika sw. Ludwika Krola i Wniebowziecia NMP \u0096 kosciol klasztorny franciszkanow n\/z Wielki Piatek - Droga krzyzowa po zmroku Fot: Adrian Slazok\/REPORTER"},{"@type":"BreadcrumbList","@id":"https:\/\/foto.chorzow.pl\/?page_id=45#breadcrumb","itemListElement":[{"@type":"ListItem","position":1,"name":"Strona g\u0142\u00f3wna","item":"https:\/\/foto.chorzow.pl\/"},{"@type":"ListItem","position":2,"name":"DROGA KRZY\u017bOWA"}]},{"@type":"WebSite","@id":"https:\/\/foto.chorzow.pl\/#website","url":"https:\/\/foto.chorzow.pl\/","name":"Adrian \u015al\u0105zok Fotografia","description":"Adrian Slazok Photography","potentialAction":[{"@type":"SearchAction","target":{"@type":"EntryPoint","urlTemplate":"https:\/\/foto.chorzow.pl\/?s={search_term_string}"},"query-input":{"@type":"PropertyValueSpecification","valueRequired":true,"valueName":"search_term_string"}}],"inLanguage":"pl-PL"}]}},"_links":{"self":[{"href":"https:\/\/foto.chorzow.pl\/index.php?rest_route=\/wp\/v2\/pages\/45","targetHints":{"allow":["GET"]}}],"collection":[{"href":"https:\/\/foto.chorzow.pl\/index.php?rest_route=\/wp\/v2\/pages"}],"about":[{"href":"https:\/\/foto.chorzow.pl\/index.php?rest_route=\/wp\/v2\/types\/page"}],"author":[{"embeddable":true,"href":"https:\/\/foto.chorzow.pl\/index.php?rest_route=\/wp\/v2\/users\/1"}],"replies":[{"embeddable":true,"href":"https:\/\/foto.chorzow.pl\/index.php?rest_route=%2Fwp%2Fv2%2Fcomments&post=45"}],"version-history":[{"count":2,"href":"https:\/\/foto.chorzow.pl\/index.php?rest_route=\/wp\/v2\/pages\/45\/revisions"}],"predecessor-version":[{"id":576,"href":"https:\/\/foto.chorzow.pl\/index.php?rest_route=\/wp\/v2\/pages\/45\/revisions\/576"}],"wp:attachment":[{"href":"https:\/\/foto.chorzow.pl\/index.php?rest_route=%2Fwp%2Fv2%2Fmedia&parent=45"}],"curies":[{"name":"wp","href":"https:\/\/api.w.org\/{rel}","templated":true}]}}