{"id":47,"date":"2021-03-09T18:12:12","date_gmt":"2021-03-09T18:12:12","guid":{"rendered":"https:\/\/foto.chorzow.pl\/?page_id=47"},"modified":"2021-10-14T11:44:55","modified_gmt":"2021-10-14T11:44:55","slug":"mp-chippendales","status":"publish","type":"page","link":"https:\/\/foto.chorzow.pl\/?page_id=47","title":{"rendered":"MP CHIPPENDALES"},"content":{"rendered":"\n<p>14.11.2015 Club Variete w Katowicach by\u0142 aren\u0105 niecodziennego wydarzenia &#8211; Mistrzostw Polski Chippendales Pro Masters.<\/p>\n\n\n\n<div class=\"wp-block-image\"><figure class=\"aligncenter size-full\"><img loading=\"lazy\" decoding=\"async\" width=\"660\" height=\"440\" src=\"https:\/\/foto.chorzow.pl\/wp-content\/uploads\/2021\/10\/adokmpc1.jpg\" alt=\"\" class=\"wp-image-577\" srcset=\"https:\/\/foto.chorzow.pl\/wp-content\/uploads\/2021\/10\/adokmpc1.jpg 660w, https:\/\/foto.chorzow.pl\/wp-content\/uploads\/2021\/10\/adokmpc1-300x200.jpg 300w, https:\/\/foto.chorzow.pl\/wp-content\/uploads\/2021\/10\/adokmpc1-450x300.jpg 450w\" sizes=\"auto, (max-width: 660px) 100vw, 660px\" \/><\/figure><\/div>\n\n\n\n<div class=\"wp-block-image\"><figure class=\"aligncenter size-full\"><img loading=\"lazy\" decoding=\"async\" width=\"660\" height=\"440\" src=\"https:\/\/foto.chorzow.pl\/wp-content\/uploads\/2021\/10\/adokmpc2.jpg\" alt=\"\" class=\"wp-image-578\" srcset=\"https:\/\/foto.chorzow.pl\/wp-content\/uploads\/2021\/10\/adokmpc2.jpg 660w, https:\/\/foto.chorzow.pl\/wp-content\/uploads\/2021\/10\/adokmpc2-300x200.jpg 300w, https:\/\/foto.chorzow.pl\/wp-content\/uploads\/2021\/10\/adokmpc2-450x300.jpg 450w\" sizes=\"auto, (max-width: 660px) 100vw, 660px\" \/><\/figure><\/div>\n\n\n\n<div class=\"wp-block-image\"><figure class=\"aligncenter size-full\"><img loading=\"lazy\" decoding=\"async\" width=\"440\" height=\"660\" src=\"https:\/\/foto.chorzow.pl\/wp-content\/uploads\/2021\/10\/adokmpc3.jpg\" alt=\"\" class=\"wp-image-579\" srcset=\"https:\/\/foto.chorzow.pl\/wp-content\/uploads\/2021\/10\/adokmpc3.jpg 440w, https:\/\/foto.chorzow.pl\/wp-content\/uploads\/2021\/10\/adokmpc3-200x300.jpg 200w\" sizes=\"auto, (max-width: 440px) 100vw, 440px\" \/><\/figure><\/div>\n\n\n\n<div class=\"wp-block-image\"><figure class=\"aligncenter size-full\"><img loading=\"lazy\" decoding=\"async\" width=\"660\" height=\"440\" src=\"https:\/\/foto.chorzow.pl\/wp-content\/uploads\/2021\/10\/adokmpc4.jpg\" alt=\"\" class=\"wp-image-581\" srcset=\"https:\/\/foto.chorzow.pl\/wp-content\/uploads\/2021\/10\/adokmpc4.jpg 660w, https:\/\/foto.chorzow.pl\/wp-content\/uploads\/2021\/10\/adokmpc4-300x200.jpg 300w, https:\/\/foto.chorzow.pl\/wp-content\/uploads\/2021\/10\/adokmpc4-450x300.jpg 450w\" sizes=\"auto, (max-width: 660px) 100vw, 660px\" \/><\/figure><\/div>\n\n\n\n<div class=\"wp-block-image\"><figure class=\"aligncenter size-full\"><img loading=\"lazy\" decoding=\"async\" width=\"660\" height=\"440\" src=\"https:\/\/foto.chorzow.pl\/wp-content\/uploads\/2021\/10\/adokmpc5.jpg\" alt=\"\" class=\"wp-image-582\" srcset=\"https:\/\/foto.chorzow.pl\/wp-content\/uploads\/2021\/10\/adokmpc5.jpg 660w, https:\/\/foto.chorzow.pl\/wp-content\/uploads\/2021\/10\/adokmpc5-300x200.jpg 300w, https:\/\/foto.chorzow.pl\/wp-content\/uploads\/2021\/10\/adokmpc5-450x300.jpg 450w\" sizes=\"auto, (max-width: 660px) 100vw, 660px\" \/><\/figure><\/div>\n\n\n\n<div class=\"wp-block-image\"><figure class=\"aligncenter size-full\"><img loading=\"lazy\" decoding=\"async\" width=\"660\" height=\"440\" src=\"https:\/\/foto.chorzow.pl\/wp-content\/uploads\/2021\/10\/adokmpc6.jpg\" alt=\"\" class=\"wp-image-583\" srcset=\"https:\/\/foto.chorzow.pl\/wp-content\/uploads\/2021\/10\/adokmpc6.jpg 660w, https:\/\/foto.chorzow.pl\/wp-content\/uploads\/2021\/10\/adokmpc6-300x200.jpg 300w, https:\/\/foto.chorzow.pl\/wp-content\/uploads\/2021\/10\/adokmpc6-450x300.jpg 450w\" sizes=\"auto, (max-width: 660px) 100vw, 660px\" \/><\/figure><\/div>\n\n\n\n<div class=\"wp-block-image\"><figure class=\"aligncenter size-full\"><img loading=\"lazy\" decoding=\"async\" width=\"660\" height=\"440\" src=\"https:\/\/foto.chorzow.pl\/wp-content\/uploads\/2021\/10\/adokmpc7.jpg\" alt=\"\" class=\"wp-image-584\" srcset=\"https:\/\/foto.chorzow.pl\/wp-content\/uploads\/2021\/10\/adokmpc7.jpg 660w, https:\/\/foto.chorzow.pl\/wp-content\/uploads\/2021\/10\/adokmpc7-300x200.jpg 300w, https:\/\/foto.chorzow.pl\/wp-content\/uploads\/2021\/10\/adokmpc7-450x300.jpg 450w\" sizes=\"auto, (max-width: 660px) 100vw, 660px\" \/><\/figure><\/div>\n\n\n\n<div class=\"wp-block-image\"><figure class=\"aligncenter size-full\"><img loading=\"lazy\" decoding=\"async\" width=\"660\" height=\"440\" src=\"https:\/\/foto.chorzow.pl\/wp-content\/uploads\/2021\/10\/adokmpc8.jpg\" alt=\"\" class=\"wp-image-585\" srcset=\"https:\/\/foto.chorzow.pl\/wp-content\/uploads\/2021\/10\/adokmpc8.jpg 660w, https:\/\/foto.chorzow.pl\/wp-content\/uploads\/2021\/10\/adokmpc8-300x200.jpg 300w, https:\/\/foto.chorzow.pl\/wp-content\/uploads\/2021\/10\/adokmpc8-450x300.jpg 450w\" sizes=\"auto, (max-width: 660px) 100vw, 660px\" \/><\/figure><\/div>\n\n\n\n<div class=\"wp-block-image\"><figure class=\"aligncenter size-full\"><img loading=\"lazy\" decoding=\"async\" width=\"440\" height=\"660\" src=\"https:\/\/foto.chorzow.pl\/wp-content\/uploads\/2021\/10\/adokmpc9.jpg\" alt=\"\" class=\"wp-image-586\" srcset=\"https:\/\/foto.chorzow.pl\/wp-content\/uploads\/2021\/10\/adokmpc9.jpg 440w, https:\/\/foto.chorzow.pl\/wp-content\/uploads\/2021\/10\/adokmpc9-200x300.jpg 200w\" sizes=\"auto, (max-width: 440px) 100vw, 440px\" \/><\/figure><\/div>\n\n\n\n<p><\/p>\n","protected":false},"excerpt":{"rendered":"<p>14.11.2015 Club Variete w Katowicach by\u0142 aren\u0105 niecodziennego wydarzenia &#8211; Mistrzostw Polski Chippendales Pro Masters.<\/p>\n","protected":false},"author":1,"featured_media":0,"parent":0,"menu_order":0,"comment_status":"closed","ping_status":"closed","template":"","meta":{"footnotes":""},"class_list":["post-47","page","type-page","status-publish","hentry"],"yoast_head":"<!-- This site is optimized with the Yoast SEO plugin v27.5 - https:\/\/yoast.com\/product\/yoast-seo-wordpress\/ -->\n<title>MP CHIPPENDALES - Adrian \u015al\u0105zok Fotografia<\/title>\n<meta name=\"robots\" content=\"index, follow, max-snippet:-1, max-image-preview:large, max-video-preview:-1\" \/>\n<link rel=\"canonical\" href=\"https:\/\/foto.chorzow.pl\/?page_id=47\" \/>\n<meta property=\"og:locale\" content=\"pl_PL\" \/>\n<meta property=\"og:type\" content=\"article\" \/>\n<meta property=\"og:title\" content=\"MP CHIPPENDALES - Adrian \u015al\u0105zok Fotografia\" \/>\n<meta property=\"og:description\" content=\"14.11.2015 Club Variete w Katowicach by\u0142 aren\u0105 niecodziennego wydarzenia &#8211; Mistrzostw Polski Chippendales Pro Masters.\" \/>\n<meta property=\"og:url\" content=\"https:\/\/foto.chorzow.pl\/?page_id=47\" \/>\n<meta property=\"og:site_name\" content=\"Adrian \u015al\u0105zok Fotografia\" \/>\n<meta property=\"article:modified_time\" content=\"2021-10-14T11:44:55+00:00\" \/>\n<meta property=\"og:image\" content=\"https:\/\/foto.chorzow.pl\/wp-content\/uploads\/2021\/10\/adokmpc1.jpg\" \/>\n<meta name=\"twitter:card\" content=\"summary_large_image\" \/>\n<meta name=\"twitter:label1\" content=\"Szacowany czas czytania\" \/>\n\t<meta name=\"twitter:data1\" content=\"2 minuty\" \/>\n<script type=\"application\/ld+json\" class=\"yoast-schema-graph\">{\"@context\":\"https:\\\/\\\/schema.org\",\"@graph\":[{\"@type\":\"WebPage\",\"@id\":\"https:\\\/\\\/foto.chorzow.pl\\\/?page_id=47\",\"url\":\"https:\\\/\\\/foto.chorzow.pl\\\/?page_id=47\",\"name\":\"MP CHIPPENDALES - Adrian \u015al\u0105zok Fotografia\",\"isPartOf\":{\"@id\":\"https:\\\/\\\/foto.chorzow.pl\\\/#website\"},\"primaryImageOfPage\":{\"@id\":\"https:\\\/\\\/foto.chorzow.pl\\\/?page_id=47#primaryimage\"},\"image\":{\"@id\":\"https:\\\/\\\/foto.chorzow.pl\\\/?page_id=47#primaryimage\"},\"thumbnailUrl\":\"https:\\\/\\\/foto.chorzow.pl\\\/wp-content\\\/uploads\\\/2021\\\/10\\\/adokmpc1.jpg\",\"datePublished\":\"2021-03-09T18:12:12+00:00\",\"dateModified\":\"2021-10-14T11:44:55+00:00\",\"breadcrumb\":{\"@id\":\"https:\\\/\\\/foto.chorzow.pl\\\/?page_id=47#breadcrumb\"},\"inLanguage\":\"pl-PL\",\"potentialAction\":[{\"@type\":\"ReadAction\",\"target\":[\"https:\\\/\\\/foto.chorzow.pl\\\/?page_id=47\"]}]},{\"@type\":\"ImageObject\",\"inLanguage\":\"pl-PL\",\"@id\":\"https:\\\/\\\/foto.chorzow.pl\\\/?page_id=47#primaryimage\",\"url\":\"https:\\\/\\\/foto.chorzow.pl\\\/wp-content\\\/uploads\\\/2021\\\/10\\\/adokmpc1.jpg\",\"contentUrl\":\"https:\\\/\\\/foto.chorzow.pl\\\/wp-content\\\/uploads\\\/2021\\\/10\\\/adokmpc1.jpg\",\"width\":660,\"height\":440},{\"@type\":\"BreadcrumbList\",\"@id\":\"https:\\\/\\\/foto.chorzow.pl\\\/?page_id=47#breadcrumb\",\"itemListElement\":[{\"@type\":\"ListItem\",\"position\":1,\"name\":\"Strona g\u0142\u00f3wna\",\"item\":\"https:\\\/\\\/foto.chorzow.pl\\\/\"},{\"@type\":\"ListItem\",\"position\":2,\"name\":\"MP CHIPPENDALES\"}]},{\"@type\":\"WebSite\",\"@id\":\"https:\\\/\\\/foto.chorzow.pl\\\/#website\",\"url\":\"https:\\\/\\\/foto.chorzow.pl\\\/\",\"name\":\"Adrian \u015al\u0105zok Fotografia\",\"description\":\"Adrian Slazok Photography\",\"potentialAction\":[{\"@type\":\"SearchAction\",\"target\":{\"@type\":\"EntryPoint\",\"urlTemplate\":\"https:\\\/\\\/foto.chorzow.pl\\\/?s={search_term_string}\"},\"query-input\":{\"@type\":\"PropertyValueSpecification\",\"valueRequired\":true,\"valueName\":\"search_term_string\"}}],\"inLanguage\":\"pl-PL\"}]}<\/script>\n<!-- \/ Yoast SEO plugin. -->","yoast_head_json":{"title":"MP CHIPPENDALES - Adrian \u015al\u0105zok Fotografia","robots":{"index":"index","follow":"follow","max-snippet":"max-snippet:-1","max-image-preview":"max-image-preview:large","max-video-preview":"max-video-preview:-1"},"canonical":"https:\/\/foto.chorzow.pl\/?page_id=47","og_locale":"pl_PL","og_type":"article","og_title":"MP CHIPPENDALES - Adrian \u015al\u0105zok Fotografia","og_description":"14.11.2015 Club Variete w Katowicach by\u0142 aren\u0105 niecodziennego wydarzenia &#8211; Mistrzostw Polski Chippendales Pro Masters.","og_url":"https:\/\/foto.chorzow.pl\/?page_id=47","og_site_name":"Adrian \u015al\u0105zok Fotografia","article_modified_time":"2021-10-14T11:44:55+00:00","og_image":[{"url":"https:\/\/foto.chorzow.pl\/wp-content\/uploads\/2021\/10\/adokmpc1.jpg","type":"","width":"","height":""}],"twitter_card":"summary_large_image","twitter_misc":{"Szacowany czas czytania":"2 minuty"},"schema":{"@context":"https:\/\/schema.org","@graph":[{"@type":"WebPage","@id":"https:\/\/foto.chorzow.pl\/?page_id=47","url":"https:\/\/foto.chorzow.pl\/?page_id=47","name":"MP CHIPPENDALES - Adrian \u015al\u0105zok Fotografia","isPartOf":{"@id":"https:\/\/foto.chorzow.pl\/#website"},"primaryImageOfPage":{"@id":"https:\/\/foto.chorzow.pl\/?page_id=47#primaryimage"},"image":{"@id":"https:\/\/foto.chorzow.pl\/?page_id=47#primaryimage"},"thumbnailUrl":"https:\/\/foto.chorzow.pl\/wp-content\/uploads\/2021\/10\/adokmpc1.jpg","datePublished":"2021-03-09T18:12:12+00:00","dateModified":"2021-10-14T11:44:55+00:00","breadcrumb":{"@id":"https:\/\/foto.chorzow.pl\/?page_id=47#breadcrumb"},"inLanguage":"pl-PL","potentialAction":[{"@type":"ReadAction","target":["https:\/\/foto.chorzow.pl\/?page_id=47"]}]},{"@type":"ImageObject","inLanguage":"pl-PL","@id":"https:\/\/foto.chorzow.pl\/?page_id=47#primaryimage","url":"https:\/\/foto.chorzow.pl\/wp-content\/uploads\/2021\/10\/adokmpc1.jpg","contentUrl":"https:\/\/foto.chorzow.pl\/wp-content\/uploads\/2021\/10\/adokmpc1.jpg","width":660,"height":440},{"@type":"BreadcrumbList","@id":"https:\/\/foto.chorzow.pl\/?page_id=47#breadcrumb","itemListElement":[{"@type":"ListItem","position":1,"name":"Strona g\u0142\u00f3wna","item":"https:\/\/foto.chorzow.pl\/"},{"@type":"ListItem","position":2,"name":"MP CHIPPENDALES"}]},{"@type":"WebSite","@id":"https:\/\/foto.chorzow.pl\/#website","url":"https:\/\/foto.chorzow.pl\/","name":"Adrian \u015al\u0105zok Fotografia","description":"Adrian Slazok Photography","potentialAction":[{"@type":"SearchAction","target":{"@type":"EntryPoint","urlTemplate":"https:\/\/foto.chorzow.pl\/?s={search_term_string}"},"query-input":{"@type":"PropertyValueSpecification","valueRequired":true,"valueName":"search_term_string"}}],"inLanguage":"pl-PL"}]}},"_links":{"self":[{"href":"https:\/\/foto.chorzow.pl\/index.php?rest_route=\/wp\/v2\/pages\/47","targetHints":{"allow":["GET"]}}],"collection":[{"href":"https:\/\/foto.chorzow.pl\/index.php?rest_route=\/wp\/v2\/pages"}],"about":[{"href":"https:\/\/foto.chorzow.pl\/index.php?rest_route=\/wp\/v2\/types\/page"}],"author":[{"embeddable":true,"href":"https:\/\/foto.chorzow.pl\/index.php?rest_route=\/wp\/v2\/users\/1"}],"replies":[{"embeddable":true,"href":"https:\/\/foto.chorzow.pl\/index.php?rest_route=%2Fwp%2Fv2%2Fcomments&post=47"}],"version-history":[{"count":2,"href":"https:\/\/foto.chorzow.pl\/index.php?rest_route=\/wp\/v2\/pages\/47\/revisions"}],"predecessor-version":[{"id":587,"href":"https:\/\/foto.chorzow.pl\/index.php?rest_route=\/wp\/v2\/pages\/47\/revisions\/587"}],"wp:attachment":[{"href":"https:\/\/foto.chorzow.pl\/index.php?rest_route=%2Fwp%2Fv2%2Fmedia&parent=47"}],"curies":[{"name":"wp","href":"https:\/\/api.w.org\/{rel}","templated":true}]}}