{"id":55,"date":"2021-03-09T18:17:11","date_gmt":"2021-03-09T18:17:11","guid":{"rendered":"https:\/\/foto.chorzow.pl\/?page_id=55"},"modified":"2021-10-13T09:29:49","modified_gmt":"2021-10-13T09:29:49","slug":"cicha6","status":"publish","type":"page","link":"https:\/\/foto.chorzow.pl\/?page_id=55","title":{"rendered":"CICHA6"},"content":{"rendered":"\n<figure class=\"wp-block-image size-full\"><img loading=\"lazy\" decoding=\"async\" width=\"300\" height=\"300\" src=\"https:\/\/foto.chorzow.pl\/wp-content\/uploads\/2021\/10\/cover_cicha.jpg\" alt=\"\" class=\"wp-image-434\" srcset=\"https:\/\/foto.chorzow.pl\/wp-content\/uploads\/2021\/10\/cover_cicha.jpg 300w, https:\/\/foto.chorzow.pl\/wp-content\/uploads\/2021\/10\/cover_cicha-150x150.jpg 150w\" sizes=\"auto, (max-width: 300px) 100vw, 300px\" \/><\/figure>\n\n\n\n<p>Album fotograficzny &#8222;CICHA6&#8221; wydany w 2014 roku jest subiektywnym spojrzeniem autora na ostatnie 10 lat historii Stadionu Miejskiego przy ul. Cichej 6 w Chorzowie. Zdj\u0119cia przypominaj\u0105 sukcesy, emocje i najwi\u0119ksze postaci zwi\u0105zane z tym magicznym miejscem.<\/p>\n\n\n\n<p>Ksi\u0105\u017cka dostarczy czytelnikom wielu wzrusze\u0144 pozwalaj\u0105c raz jeszcze prze\u017cy\u0107 msz\u0119 \u015bwi\u0119t\u0105 w intencji Jana Paw\u0142a II, powr\u00f3t Ruchu Chorz\u00f3w do ekstraklasy w 2007 roku, mecz charytatywny Polska \u2013 G\u00f3rny \u015al\u0105sk, benefisy Krzysztofa Warzychy oraz Dariusza G\u0119siora, czy wreszcie po\u017cegnanie Gerarda Cie\u015blika. Zdj\u0119cia z tych wydarze\u0144 znalaz\u0142y si\u0119 w pierwszym rozdziale.<\/p>\n\n\n\n<p>Stadion to nie tylko budowla. Niezwyk\u0142y klimat miejsca tworz\u0105 ludzie. Publiczno\u015b\u0107 wsp\u00f3\u0142tworzy widowisko na r\u00f3wni z zawodnikami. Dlatego dwa kolejne rozdzia\u0142y prezentuj\u0105 kibic\u00f3w oraz kilku wybitnych pi\u0142karzy, kt\u00f3rych nazwiska przesz\u0142y do historii.<\/p>\n\n\n\n<p>Ostatni rozdzia\u0142 \u201eCiekawostki\u201d tworz\u0105 natomiast zdj\u0119cia ukazuj\u0105ce stadion z innej perspektywy. Pokazuj\u0105 kulisy oraz mniej znane fakty. S\u0105 tu r\u00f3wnie\u017c fotografie w kreatywny spos\u00f3b wykorzystuj\u0105ce bry\u0142\u0119 architektoniczn\u0105 stadionu do stworzenia efektu estetycznego.<\/p>\n\n\n\n<p>Autorem zdj\u0119\u0107 oraz pomys\u0142odawc\u0105 albumu fotograficznego \u201eCICHA6\u201d jest Adrian \u015al\u0105zok. Przez ostatnie kilkana\u015bcie lat pracowa\u0142 jako dziennikarz i fotoreporter dla prasy lokalnej (\u201eChorzowianin\u201d), regionalnej (\u201eSport\u201d), oraz og\u00f3lnopolskiej (Agencja Fotograficzna REPORTER) zawsze pozostaj\u0105c w centrum wydarze\u0144 rozgrywaj\u0105cych si\u0119 przy ul. Cichej 6. Dzi\u0119ki wsp\u00f3\u0142pracy z klubem Ruch Chorz\u00f3w oraz z Miejskim O\u015brodkiem Rekreacji i Sportu w Chorzowie mia\u0142 okazj\u0119 wykona\u0107 wiele unikalnych uj\u0119\u0107 w czasie gdy stadionowe jupitery zosta\u0142y wy\u0142\u0105czone.<\/p>\n\n\n\n<p>\u2013&nbsp;<em>Jestem pewien, \u017ce ten efektowny, bardzo ciekawy, i dopracowany w szczeg\u00f3\u0142ach album b\u0119dzie pozycj\u0105, kt\u00f3r\u0105 ka\u017cdy prawdziwy kibic Ruchu powinien mie\u0107 na swojej p\u00f3\u0142ce<\/em>&nbsp;\u2013 m\u00f3wi o ksi\u0105\u017cce Wojciech Grzyb, kt\u00f3ry napisa\u0142 do niej s\u0142owo wst\u0119pne. \u201eCICHA6\u201d zapewne zainteresuje osoby, kt\u00f3rych serca s\u0105 niebieskie, ale te\u017c chorzowian ciekawych swojego miasta i mi\u0142o\u015bnik\u00f3w dobrej fotografii.&nbsp;Ksi\u0105\u017cka obj\u0119ta patronatem przez Urz\u0105d Miasta Chorz\u00f3w, Niebiescy.pl oraz Chorzowianin.pl&nbsp;ukaza\u0142a si\u0119 jesieni\u0105 2014 roku.<\/p>\n\n\n\n<p>Osoby zainteresowane albumem mog\u0105 kontaktowa\u0107 si\u0119 z autorem pod adresem&nbsp;<a href=\"mailto:adok1@wp.pl\">adok1@wp.pl<\/a>&nbsp;.<\/p>\n\n\n\n<p>Przyk\u0142adowe rozk\u0142ad\u00f3wki:<\/p>\n\n\n\n<figure class=\"wp-block-image size-full is-resized\"><img loading=\"lazy\" decoding=\"async\" src=\"https:\/\/foto.chorzow.pl\/wp-content\/uploads\/2021\/10\/cicha61.jpg\" alt=\"\" class=\"wp-image-435\" width=\"614\" height=\"307\" srcset=\"https:\/\/foto.chorzow.pl\/wp-content\/uploads\/2021\/10\/cicha61.jpg 660w, https:\/\/foto.chorzow.pl\/wp-content\/uploads\/2021\/10\/cicha61-300x150.jpg 300w, https:\/\/foto.chorzow.pl\/wp-content\/uploads\/2021\/10\/cicha61-500x250.jpg 500w\" sizes=\"auto, (max-width: 614px) 100vw, 614px\" \/><\/figure>\n\n\n\n<figure class=\"wp-block-image size-full\"><img loading=\"lazy\" decoding=\"async\" width=\"660\" height=\"330\" src=\"https:\/\/foto.chorzow.pl\/wp-content\/uploads\/2021\/10\/cicha62.jpg\" alt=\"\" class=\"wp-image-437\" srcset=\"https:\/\/foto.chorzow.pl\/wp-content\/uploads\/2021\/10\/cicha62.jpg 660w, https:\/\/foto.chorzow.pl\/wp-content\/uploads\/2021\/10\/cicha62-300x150.jpg 300w, https:\/\/foto.chorzow.pl\/wp-content\/uploads\/2021\/10\/cicha62-500x250.jpg 500w\" sizes=\"auto, (max-width: 660px) 100vw, 660px\" \/><\/figure>\n\n\n\n<figure class=\"wp-block-image size-full\"><img loading=\"lazy\" decoding=\"async\" width=\"660\" height=\"330\" src=\"https:\/\/foto.chorzow.pl\/wp-content\/uploads\/2021\/10\/cicha63.jpg\" alt=\"\" class=\"wp-image-438\" srcset=\"https:\/\/foto.chorzow.pl\/wp-content\/uploads\/2021\/10\/cicha63.jpg 660w, https:\/\/foto.chorzow.pl\/wp-content\/uploads\/2021\/10\/cicha63-300x150.jpg 300w, https:\/\/foto.chorzow.pl\/wp-content\/uploads\/2021\/10\/cicha63-500x250.jpg 500w\" sizes=\"auto, (max-width: 660px) 100vw, 660px\" \/><\/figure>\n\n\n\n<figure class=\"wp-block-image size-full\"><img loading=\"lazy\" decoding=\"async\" width=\"660\" height=\"330\" src=\"https:\/\/foto.chorzow.pl\/wp-content\/uploads\/2021\/10\/cicha64.jpg\" alt=\"\" class=\"wp-image-439\" srcset=\"https:\/\/foto.chorzow.pl\/wp-content\/uploads\/2021\/10\/cicha64.jpg 660w, https:\/\/foto.chorzow.pl\/wp-content\/uploads\/2021\/10\/cicha64-300x150.jpg 300w, https:\/\/foto.chorzow.pl\/wp-content\/uploads\/2021\/10\/cicha64-500x250.jpg 500w\" sizes=\"auto, (max-width: 660px) 100vw, 660px\" \/><\/figure>\n\n\n\n<figure class=\"wp-block-image size-full\"><img loading=\"lazy\" decoding=\"async\" width=\"660\" height=\"330\" src=\"https:\/\/foto.chorzow.pl\/wp-content\/uploads\/2021\/10\/cicha65.jpg\" alt=\"\" class=\"wp-image-440\" srcset=\"https:\/\/foto.chorzow.pl\/wp-content\/uploads\/2021\/10\/cicha65.jpg 660w, https:\/\/foto.chorzow.pl\/wp-content\/uploads\/2021\/10\/cicha65-300x150.jpg 300w, https:\/\/foto.chorzow.pl\/wp-content\/uploads\/2021\/10\/cicha65-500x250.jpg 500w\" sizes=\"auto, (max-width: 660px) 100vw, 660px\" \/><\/figure>\n\n\n\n<figure class=\"wp-block-image size-full\"><img loading=\"lazy\" decoding=\"async\" width=\"660\" height=\"330\" src=\"https:\/\/foto.chorzow.pl\/wp-content\/uploads\/2021\/10\/cicha66.jpg\" alt=\"\" class=\"wp-image-441\" srcset=\"https:\/\/foto.chorzow.pl\/wp-content\/uploads\/2021\/10\/cicha66.jpg 660w, https:\/\/foto.chorzow.pl\/wp-content\/uploads\/2021\/10\/cicha66-300x150.jpg 300w, https:\/\/foto.chorzow.pl\/wp-content\/uploads\/2021\/10\/cicha66-500x250.jpg 500w\" sizes=\"auto, (max-width: 660px) 100vw, 660px\" \/><\/figure>\n\n\n\n<figure class=\"wp-block-image size-full\"><img loading=\"lazy\" decoding=\"async\" width=\"660\" height=\"330\" src=\"https:\/\/foto.chorzow.pl\/wp-content\/uploads\/2021\/10\/cicha67.jpg\" alt=\"\" class=\"wp-image-442\" srcset=\"https:\/\/foto.chorzow.pl\/wp-content\/uploads\/2021\/10\/cicha67.jpg 660w, https:\/\/foto.chorzow.pl\/wp-content\/uploads\/2021\/10\/cicha67-300x150.jpg 300w, https:\/\/foto.chorzow.pl\/wp-content\/uploads\/2021\/10\/cicha67-500x250.jpg 500w\" sizes=\"auto, (max-width: 660px) 100vw, 660px\" \/><\/figure>\n\n\n\n<figure class=\"wp-block-image size-full\"><img loading=\"lazy\" decoding=\"async\" width=\"660\" height=\"330\" src=\"https:\/\/foto.chorzow.pl\/wp-content\/uploads\/2021\/10\/cicha68.jpg\" alt=\"\" class=\"wp-image-443\" srcset=\"https:\/\/foto.chorzow.pl\/wp-content\/uploads\/2021\/10\/cicha68.jpg 660w, https:\/\/foto.chorzow.pl\/wp-content\/uploads\/2021\/10\/cicha68-300x150.jpg 300w, https:\/\/foto.chorzow.pl\/wp-content\/uploads\/2021\/10\/cicha68-500x250.jpg 500w\" sizes=\"auto, (max-width: 660px) 100vw, 660px\" \/><\/figure>\n\n\n\n<figure class=\"wp-block-image size-full\"><img loading=\"lazy\" decoding=\"async\" width=\"660\" height=\"330\" src=\"https:\/\/foto.chorzow.pl\/wp-content\/uploads\/2021\/10\/cicha69.jpg\" alt=\"\" class=\"wp-image-444\" srcset=\"https:\/\/foto.chorzow.pl\/wp-content\/uploads\/2021\/10\/cicha69.jpg 660w, https:\/\/foto.chorzow.pl\/wp-content\/uploads\/2021\/10\/cicha69-300x150.jpg 300w, https:\/\/foto.chorzow.pl\/wp-content\/uploads\/2021\/10\/cicha69-500x250.jpg 500w\" sizes=\"auto, (max-width: 660px) 100vw, 660px\" \/><\/figure>\n\n\n\n<figure class=\"wp-block-image size-full\"><img loading=\"lazy\" decoding=\"async\" width=\"660\" height=\"330\" src=\"https:\/\/foto.chorzow.pl\/wp-content\/uploads\/2021\/10\/cicha600.jpg\" alt=\"\" class=\"wp-image-445\" srcset=\"https:\/\/foto.chorzow.pl\/wp-content\/uploads\/2021\/10\/cicha600.jpg 660w, https:\/\/foto.chorzow.pl\/wp-content\/uploads\/2021\/10\/cicha600-300x150.jpg 300w, https:\/\/foto.chorzow.pl\/wp-content\/uploads\/2021\/10\/cicha600-500x250.jpg 500w\" sizes=\"auto, (max-width: 660px) 100vw, 660px\" \/><\/figure>\n","protected":false},"excerpt":{"rendered":"<p>Album fotograficzny &#8222;CICHA6&#8221; wydany w 2014 roku jest subiektywnym spojrzeniem autora na ostatnie 10 lat historii Stadionu Miejskiego przy ul. Cichej 6 w Chorzowie. Zdj\u0119cia przypominaj\u0105 sukcesy, emocje i najwi\u0119ksze postaci zwi\u0105zane z tym magicznym miejscem. Ksi\u0105\u017cka dostarczy czytelnikom wielu &hellip; <a href=\"https:\/\/foto.chorzow.pl\/?page_id=55\">Czytaj dalej <span class=\"meta-nav\">&rarr;<\/span><\/a><\/p>\n","protected":false},"author":1,"featured_media":0,"parent":0,"menu_order":0,"comment_status":"closed","ping_status":"closed","template":"","meta":{"footnotes":""},"class_list":["post-55","page","type-page","status-publish","hentry"],"yoast_head":"<!-- This site is optimized with the Yoast SEO plugin v27.5 - https:\/\/yoast.com\/product\/yoast-seo-wordpress\/ -->\n<title>CICHA6 - Adrian \u015al\u0105zok Fotografia<\/title>\n<meta name=\"robots\" content=\"index, follow, max-snippet:-1, max-image-preview:large, max-video-preview:-1\" \/>\n<link rel=\"canonical\" href=\"https:\/\/foto.chorzow.pl\/?page_id=55\" \/>\n<meta property=\"og:locale\" content=\"pl_PL\" \/>\n<meta property=\"og:type\" content=\"article\" \/>\n<meta property=\"og:title\" content=\"CICHA6 - Adrian \u015al\u0105zok Fotografia\" \/>\n<meta property=\"og:description\" content=\"Album fotograficzny &#8222;CICHA6&#8221; wydany w 2014 roku jest subiektywnym spojrzeniem autora na ostatnie 10 lat historii Stadionu Miejskiego przy ul. Cichej 6 w Chorzowie. Zdj\u0119cia przypominaj\u0105 sukcesy, emocje i najwi\u0119ksze postaci zwi\u0105zane z tym magicznym miejscem. Ksi\u0105\u017cka dostarczy czytelnikom wielu &hellip; Czytaj dalej &rarr;\" \/>\n<meta property=\"og:url\" content=\"https:\/\/foto.chorzow.pl\/?page_id=55\" \/>\n<meta property=\"og:site_name\" content=\"Adrian \u015al\u0105zok Fotografia\" \/>\n<meta property=\"article:modified_time\" content=\"2021-10-13T09:29:49+00:00\" \/>\n<meta property=\"og:image\" content=\"https:\/\/foto.chorzow.pl\/wp-content\/uploads\/2021\/10\/cover_cicha.jpg\" \/>\n<meta name=\"twitter:card\" content=\"summary_large_image\" \/>\n<meta name=\"twitter:label1\" content=\"Szacowany czas czytania\" \/>\n\t<meta name=\"twitter:data1\" content=\"4 minuty\" \/>\n<script type=\"application\/ld+json\" class=\"yoast-schema-graph\">{\"@context\":\"https:\\\/\\\/schema.org\",\"@graph\":[{\"@type\":\"WebPage\",\"@id\":\"https:\\\/\\\/foto.chorzow.pl\\\/?page_id=55\",\"url\":\"https:\\\/\\\/foto.chorzow.pl\\\/?page_id=55\",\"name\":\"CICHA6 - Adrian \u015al\u0105zok Fotografia\",\"isPartOf\":{\"@id\":\"https:\\\/\\\/foto.chorzow.pl\\\/#website\"},\"primaryImageOfPage\":{\"@id\":\"https:\\\/\\\/foto.chorzow.pl\\\/?page_id=55#primaryimage\"},\"image\":{\"@id\":\"https:\\\/\\\/foto.chorzow.pl\\\/?page_id=55#primaryimage\"},\"thumbnailUrl\":\"https:\\\/\\\/foto.chorzow.pl\\\/wp-content\\\/uploads\\\/2021\\\/10\\\/cover_cicha.jpg\",\"datePublished\":\"2021-03-09T18:17:11+00:00\",\"dateModified\":\"2021-10-13T09:29:49+00:00\",\"breadcrumb\":{\"@id\":\"https:\\\/\\\/foto.chorzow.pl\\\/?page_id=55#breadcrumb\"},\"inLanguage\":\"pl-PL\",\"potentialAction\":[{\"@type\":\"ReadAction\",\"target\":[\"https:\\\/\\\/foto.chorzow.pl\\\/?page_id=55\"]}]},{\"@type\":\"ImageObject\",\"inLanguage\":\"pl-PL\",\"@id\":\"https:\\\/\\\/foto.chorzow.pl\\\/?page_id=55#primaryimage\",\"url\":\"https:\\\/\\\/foto.chorzow.pl\\\/wp-content\\\/uploads\\\/2021\\\/10\\\/cover_cicha.jpg\",\"contentUrl\":\"https:\\\/\\\/foto.chorzow.pl\\\/wp-content\\\/uploads\\\/2021\\\/10\\\/cover_cicha.jpg\",\"width\":300,\"height\":300},{\"@type\":\"BreadcrumbList\",\"@id\":\"https:\\\/\\\/foto.chorzow.pl\\\/?page_id=55#breadcrumb\",\"itemListElement\":[{\"@type\":\"ListItem\",\"position\":1,\"name\":\"Strona g\u0142\u00f3wna\",\"item\":\"https:\\\/\\\/foto.chorzow.pl\\\/\"},{\"@type\":\"ListItem\",\"position\":2,\"name\":\"CICHA6\"}]},{\"@type\":\"WebSite\",\"@id\":\"https:\\\/\\\/foto.chorzow.pl\\\/#website\",\"url\":\"https:\\\/\\\/foto.chorzow.pl\\\/\",\"name\":\"Adrian \u015al\u0105zok Fotografia\",\"description\":\"Adrian Slazok Photography\",\"potentialAction\":[{\"@type\":\"SearchAction\",\"target\":{\"@type\":\"EntryPoint\",\"urlTemplate\":\"https:\\\/\\\/foto.chorzow.pl\\\/?s={search_term_string}\"},\"query-input\":{\"@type\":\"PropertyValueSpecification\",\"valueRequired\":true,\"valueName\":\"search_term_string\"}}],\"inLanguage\":\"pl-PL\"}]}<\/script>\n<!-- \/ Yoast SEO plugin. -->","yoast_head_json":{"title":"CICHA6 - Adrian \u015al\u0105zok Fotografia","robots":{"index":"index","follow":"follow","max-snippet":"max-snippet:-1","max-image-preview":"max-image-preview:large","max-video-preview":"max-video-preview:-1"},"canonical":"https:\/\/foto.chorzow.pl\/?page_id=55","og_locale":"pl_PL","og_type":"article","og_title":"CICHA6 - Adrian \u015al\u0105zok Fotografia","og_description":"Album fotograficzny &#8222;CICHA6&#8221; wydany w 2014 roku jest subiektywnym spojrzeniem autora na ostatnie 10 lat historii Stadionu Miejskiego przy ul. Cichej 6 w Chorzowie. Zdj\u0119cia przypominaj\u0105 sukcesy, emocje i najwi\u0119ksze postaci zwi\u0105zane z tym magicznym miejscem. Ksi\u0105\u017cka dostarczy czytelnikom wielu &hellip; Czytaj dalej &rarr;","og_url":"https:\/\/foto.chorzow.pl\/?page_id=55","og_site_name":"Adrian \u015al\u0105zok Fotografia","article_modified_time":"2021-10-13T09:29:49+00:00","og_image":[{"url":"https:\/\/foto.chorzow.pl\/wp-content\/uploads\/2021\/10\/cover_cicha.jpg","type":"","width":"","height":""}],"twitter_card":"summary_large_image","twitter_misc":{"Szacowany czas czytania":"4 minuty"},"schema":{"@context":"https:\/\/schema.org","@graph":[{"@type":"WebPage","@id":"https:\/\/foto.chorzow.pl\/?page_id=55","url":"https:\/\/foto.chorzow.pl\/?page_id=55","name":"CICHA6 - Adrian \u015al\u0105zok Fotografia","isPartOf":{"@id":"https:\/\/foto.chorzow.pl\/#website"},"primaryImageOfPage":{"@id":"https:\/\/foto.chorzow.pl\/?page_id=55#primaryimage"},"image":{"@id":"https:\/\/foto.chorzow.pl\/?page_id=55#primaryimage"},"thumbnailUrl":"https:\/\/foto.chorzow.pl\/wp-content\/uploads\/2021\/10\/cover_cicha.jpg","datePublished":"2021-03-09T18:17:11+00:00","dateModified":"2021-10-13T09:29:49+00:00","breadcrumb":{"@id":"https:\/\/foto.chorzow.pl\/?page_id=55#breadcrumb"},"inLanguage":"pl-PL","potentialAction":[{"@type":"ReadAction","target":["https:\/\/foto.chorzow.pl\/?page_id=55"]}]},{"@type":"ImageObject","inLanguage":"pl-PL","@id":"https:\/\/foto.chorzow.pl\/?page_id=55#primaryimage","url":"https:\/\/foto.chorzow.pl\/wp-content\/uploads\/2021\/10\/cover_cicha.jpg","contentUrl":"https:\/\/foto.chorzow.pl\/wp-content\/uploads\/2021\/10\/cover_cicha.jpg","width":300,"height":300},{"@type":"BreadcrumbList","@id":"https:\/\/foto.chorzow.pl\/?page_id=55#breadcrumb","itemListElement":[{"@type":"ListItem","position":1,"name":"Strona g\u0142\u00f3wna","item":"https:\/\/foto.chorzow.pl\/"},{"@type":"ListItem","position":2,"name":"CICHA6"}]},{"@type":"WebSite","@id":"https:\/\/foto.chorzow.pl\/#website","url":"https:\/\/foto.chorzow.pl\/","name":"Adrian \u015al\u0105zok Fotografia","description":"Adrian Slazok Photography","potentialAction":[{"@type":"SearchAction","target":{"@type":"EntryPoint","urlTemplate":"https:\/\/foto.chorzow.pl\/?s={search_term_string}"},"query-input":{"@type":"PropertyValueSpecification","valueRequired":true,"valueName":"search_term_string"}}],"inLanguage":"pl-PL"}]}},"_links":{"self":[{"href":"https:\/\/foto.chorzow.pl\/index.php?rest_route=\/wp\/v2\/pages\/55","targetHints":{"allow":["GET"]}}],"collection":[{"href":"https:\/\/foto.chorzow.pl\/index.php?rest_route=\/wp\/v2\/pages"}],"about":[{"href":"https:\/\/foto.chorzow.pl\/index.php?rest_route=\/wp\/v2\/types\/page"}],"author":[{"embeddable":true,"href":"https:\/\/foto.chorzow.pl\/index.php?rest_route=\/wp\/v2\/users\/1"}],"replies":[{"embeddable":true,"href":"https:\/\/foto.chorzow.pl\/index.php?rest_route=%2Fwp%2Fv2%2Fcomments&post=55"}],"version-history":[{"count":2,"href":"https:\/\/foto.chorzow.pl\/index.php?rest_route=\/wp\/v2\/pages\/55\/revisions"}],"predecessor-version":[{"id":446,"href":"https:\/\/foto.chorzow.pl\/index.php?rest_route=\/wp\/v2\/pages\/55\/revisions\/446"}],"wp:attachment":[{"href":"https:\/\/foto.chorzow.pl\/index.php?rest_route=%2Fwp%2Fv2%2Fmedia&parent=55"}],"curies":[{"name":"wp","href":"https:\/\/api.w.org\/{rel}","templated":true}]}}