{"id":6,"date":"2021-03-09T10:39:21","date_gmt":"2021-03-09T10:39:21","guid":{"rendered":"https:\/\/foto.chorzow.pl\/?page_id=6"},"modified":"2026-01-10T17:55:38","modified_gmt":"2026-01-10T17:55:38","slug":"fotorys","status":"publish","type":"page","link":"https:\/\/foto.chorzow.pl\/","title":{"rendered":"FOTORYS"},"content":{"rendered":"\n<p class=\"has-text-align-left\">Fotografi\u0105 zajmuj\u0119 si\u0119 od 2001 roku. Realizuj\u0119 r\u00f3\u017cne zlecenia, przewa\u017cnie na potrzeby prasy. Interesuje mnie fotografia przyrodnicza oraz akt. Z moich zdj\u0119\u0107 korzysta\u0142y liczne instytucje, mi\u0119dzy innymi L\u2019Or\u00e9al Professionnel, Adidas Polska, T-Mobile, Praktiker Polska, PTWP Event Center, DOMBUD SA, Pentax Polska, Wielka Orkiestra \u015awi\u0105tecznej Pomocy, Polski Zwi\u0105zek Pi\u0142ki No\u017cnej, Zwi\u0105zek Pi\u0142ki R\u0119cznej w Polsce, Narodowy Instytut Konserwacji Zabytk\u00f3w, Urz\u0105d Marsza\u0142kowski w Katowicach, Uniwersytet Gda\u0144ski, WOKiS Stadion \u015al\u0105ski, Teatr Rozrywki w Chorzowie, Urz\u0105d Miasta Chorz\u00f3w, IPN Katowice, agencja ochrony FOSA, Ruch Chorz\u00f3w. Obs\u0142ugiwa\u0142em wiele wa\u017cnych wydarze\u0144: proces w sprawie pacyfikacji kopal\u0144 Wujek i Manifest Lipcowy, katastrof\u0119 budowlan\u0105 MTK, Igrzyska Europejskie Krak\u00f3w 2023, UEFA EURO 2012, EUROBASKET 2009 i 2025, ME kobiet w siatk\u00f3wce 2009, kilkakrotnie&nbsp;Tour de Pologne,&nbsp;gale bokserskie z udzia\u0142em Tomasza Adamka, Andrzeja Go\u0142oty i &#8222;Diablo&#8221; W\u0142odarczyka, mecze reprezentacji Polski w pi\u0142ce no\u017cnej, futsalu, hokeju, siatk\u00f3wce, pi\u0142ce r\u0119cznej, kilkakrotnie Speedway Euro Championship, du\u017ce mityngi lekkoatletyczne (m. in. M\u015a sztafet 2021, Dru\u017cynowe ME 2021 i 2023, Diamentowa Liga 2022, 2023 i 2024 w Chorzowie),&nbsp;koncerty gwiazd takich jak Sting, Ozzy Osbourne, Jean Michel Jarre, Leonard Cohen, Rammstein, Iron Maiden\u2026<\/p>\n\n\n\n<p>Najcz\u0119stszym odbiorc\u0105 moich zdj\u0119\u0107 s\u0105 media. Publikowane by\u0142y w przyk\u0142adowych tytu\u0142ach: Newsweek, Polityka, Wprost, Przekr\u00f3j, Przegl\u0105d, Forbes, Puls Biznesu, Tygodnik Powszechny, Bloomberg Businessweek, Press, Playboy, National Geographic, Vogue, Elle, Gazeta Wyborcza, Rzeczpospolita, Polska The Times, Gazeta Prawna, Przegl\u0105d Sportowy, \u017bycie Warszawy, Onet, Wirtualna Polska, Interia, TVP, TVN, TVN24, Polsat, Polsat News, Polskie Radio, RMF, RMF MAXX, Radio ZET, Eska, Antyradio, a tak\u017ce za granic\u0105, na przyk\u0142ad The Times, BBC, SKY News, CNN, USA Today, People, Yahoo, MSN, AOL, Daily Mail, ABC Australia, Business Insider, Ming Pao, \u041a\u043e\u043c\u0441\u043e\u043c\u043e\u043b\u044c\u0441\u043a\u0430\u044f \u043f\u0440\u0430\u0432\u0434\u0430, \u0418\u0437\u0432\u0435\u0441\u0442\u0438\u044f, Berliner Zeitung, Stern, Bild, RTL.&nbsp;<\/p>\n\n\n\n<p>Fotografie mojego autorstwa by\u0142y r\u00f3wnie\u017c wykorzystywane na rynku wydawniczym, przez nast\u0119puj\u0105ce wydawnictwa: WSiP, Znak, Pr\u00f3szy\u0144ski Media, Press, Nowa Era, Agora, Publicat, Arena, Prasa i Ksi\u0105\u017cka, Zagroda, MediaL, Centrum Edukacji Dzieci\u0119cej, JUT, Multico, c2, Dom Wydawniczy Rafael i inne.<\/p>\n\n\n\n<p>Obecnie wykonuj\u0119 zdj\u0119cia dla Agencji Fotograficznej REPORTER i nadal wsp\u00f3\u0142pracuj\u0119 z Chorzowianinem, w kt\u00f3rym stawia\u0142em pierwsze kroki jako fotoreporter. W roku akademickim 2016-2017 prowadzi\u0142em zaj\u0119cia nt. fotografii w Wy\u017cszej Szkole Zarz\u0105dzania Ochron\u0105&nbsp;Pracy w Katowicach, a w sezonie 2005-2006 by\u0142em klubowym fotografem Ruchu Chorz\u00f3w.<\/p>\n","protected":false},"excerpt":{"rendered":"<p>Fotografi\u0105 zajmuj\u0119 si\u0119 od 2001 roku. Realizuj\u0119 r\u00f3\u017cne zlecenia, przewa\u017cnie na potrzeby prasy. Interesuje mnie fotografia przyrodnicza oraz akt. Z moich zdj\u0119\u0107 korzysta\u0142y liczne instytucje, mi\u0119dzy innymi L\u2019Or\u00e9al Professionnel, Adidas Polska, T-Mobile, Praktiker Polska, PTWP Event Center, DOMBUD SA, Pentax &hellip; <a href=\"https:\/\/foto.chorzow.pl\/\">Czytaj dalej <span class=\"meta-nav\">&rarr;<\/span><\/a><\/p>\n","protected":false},"author":1,"featured_media":0,"parent":0,"menu_order":0,"comment_status":"closed","ping_status":"closed","template":"","meta":{"footnotes":""},"class_list":["post-6","page","type-page","status-publish","hentry"],"yoast_head":"<!-- This site is optimized with the Yoast SEO plugin v27.6 - https:\/\/yoast.com\/product\/yoast-seo-wordpress\/ -->\n<title>FOTORYS - Adrian \u015al\u0105zok Fotografia<\/title>\n<meta name=\"description\" content=\"Strona internetowa fotografa Adriana \u015al\u0105zoka.\" \/>\n<meta name=\"robots\" content=\"index, follow, max-snippet:-1, max-image-preview:large, max-video-preview:-1\" \/>\n<link rel=\"canonical\" href=\"https:\/\/foto.chorzow.pl\/\" \/>\n<meta property=\"og:locale\" content=\"pl_PL\" \/>\n<meta property=\"og:type\" content=\"article\" \/>\n<meta property=\"og:title\" content=\"FOTORYS - Adrian \u015al\u0105zok Fotografia\" \/>\n<meta property=\"og:description\" content=\"Strona internetowa fotografa Adriana \u015al\u0105zoka.\" \/>\n<meta property=\"og:url\" content=\"https:\/\/foto.chorzow.pl\/\" \/>\n<meta property=\"og:site_name\" content=\"Adrian \u015al\u0105zok Fotografia\" \/>\n<meta property=\"article:modified_time\" content=\"2026-01-10T17:55:38+00:00\" \/>\n<meta name=\"twitter:card\" content=\"summary_large_image\" \/>\n<meta name=\"twitter:label1\" content=\"Szacowany czas czytania\" \/>\n\t<meta name=\"twitter:data1\" content=\"3 minuty\" \/>\n<script type=\"application\/ld+json\" class=\"yoast-schema-graph\">{\"@context\":\"https:\\\/\\\/schema.org\",\"@graph\":[{\"@type\":\"WebPage\",\"@id\":\"https:\\\/\\\/foto.chorzow.pl\\\/\",\"url\":\"https:\\\/\\\/foto.chorzow.pl\\\/\",\"name\":\"FOTORYS - Adrian \u015al\u0105zok Fotografia\",\"isPartOf\":{\"@id\":\"https:\\\/\\\/foto.chorzow.pl\\\/#website\"},\"datePublished\":\"2021-03-09T10:39:21+00:00\",\"dateModified\":\"2026-01-10T17:55:38+00:00\",\"description\":\"Strona internetowa fotografa Adriana \u015al\u0105zoka.\",\"breadcrumb\":{\"@id\":\"https:\\\/\\\/foto.chorzow.pl\\\/#breadcrumb\"},\"inLanguage\":\"pl-PL\",\"potentialAction\":[{\"@type\":\"ReadAction\",\"target\":[\"https:\\\/\\\/foto.chorzow.pl\\\/\"]}]},{\"@type\":\"BreadcrumbList\",\"@id\":\"https:\\\/\\\/foto.chorzow.pl\\\/#breadcrumb\",\"itemListElement\":[{\"@type\":\"ListItem\",\"position\":1,\"name\":\"Strona g\u0142\u00f3wna\",\"item\":\"https:\\\/\\\/foto.chorzow.pl\\\/\"},{\"@type\":\"ListItem\",\"position\":2,\"name\":\"FOTORYS\"}]},{\"@type\":\"WebSite\",\"@id\":\"https:\\\/\\\/foto.chorzow.pl\\\/#website\",\"url\":\"https:\\\/\\\/foto.chorzow.pl\\\/\",\"name\":\"Adrian \u015al\u0105zok Fotografia\",\"description\":\"Adrian Slazok Photography\",\"potentialAction\":[{\"@type\":\"SearchAction\",\"target\":{\"@type\":\"EntryPoint\",\"urlTemplate\":\"https:\\\/\\\/foto.chorzow.pl\\\/?s={search_term_string}\"},\"query-input\":{\"@type\":\"PropertyValueSpecification\",\"valueRequired\":true,\"valueName\":\"search_term_string\"}}],\"inLanguage\":\"pl-PL\"}]}<\/script>\n<!-- \/ Yoast SEO plugin. -->","yoast_head_json":{"title":"FOTORYS - Adrian \u015al\u0105zok Fotografia","description":"Strona internetowa fotografa Adriana \u015al\u0105zoka.","robots":{"index":"index","follow":"follow","max-snippet":"max-snippet:-1","max-image-preview":"max-image-preview:large","max-video-preview":"max-video-preview:-1"},"canonical":"https:\/\/foto.chorzow.pl\/","og_locale":"pl_PL","og_type":"article","og_title":"FOTORYS - Adrian \u015al\u0105zok Fotografia","og_description":"Strona internetowa fotografa Adriana \u015al\u0105zoka.","og_url":"https:\/\/foto.chorzow.pl\/","og_site_name":"Adrian \u015al\u0105zok Fotografia","article_modified_time":"2026-01-10T17:55:38+00:00","twitter_card":"summary_large_image","twitter_misc":{"Szacowany czas czytania":"3 minuty"},"schema":{"@context":"https:\/\/schema.org","@graph":[{"@type":"WebPage","@id":"https:\/\/foto.chorzow.pl\/","url":"https:\/\/foto.chorzow.pl\/","name":"FOTORYS - Adrian \u015al\u0105zok Fotografia","isPartOf":{"@id":"https:\/\/foto.chorzow.pl\/#website"},"datePublished":"2021-03-09T10:39:21+00:00","dateModified":"2026-01-10T17:55:38+00:00","description":"Strona internetowa fotografa Adriana \u015al\u0105zoka.","breadcrumb":{"@id":"https:\/\/foto.chorzow.pl\/#breadcrumb"},"inLanguage":"pl-PL","potentialAction":[{"@type":"ReadAction","target":["https:\/\/foto.chorzow.pl\/"]}]},{"@type":"BreadcrumbList","@id":"https:\/\/foto.chorzow.pl\/#breadcrumb","itemListElement":[{"@type":"ListItem","position":1,"name":"Strona g\u0142\u00f3wna","item":"https:\/\/foto.chorzow.pl\/"},{"@type":"ListItem","position":2,"name":"FOTORYS"}]},{"@type":"WebSite","@id":"https:\/\/foto.chorzow.pl\/#website","url":"https:\/\/foto.chorzow.pl\/","name":"Adrian \u015al\u0105zok Fotografia","description":"Adrian Slazok Photography","potentialAction":[{"@type":"SearchAction","target":{"@type":"EntryPoint","urlTemplate":"https:\/\/foto.chorzow.pl\/?s={search_term_string}"},"query-input":{"@type":"PropertyValueSpecification","valueRequired":true,"valueName":"search_term_string"}}],"inLanguage":"pl-PL"}]}},"_links":{"self":[{"href":"https:\/\/foto.chorzow.pl\/index.php?rest_route=\/wp\/v2\/pages\/6","targetHints":{"allow":["GET"]}}],"collection":[{"href":"https:\/\/foto.chorzow.pl\/index.php?rest_route=\/wp\/v2\/pages"}],"about":[{"href":"https:\/\/foto.chorzow.pl\/index.php?rest_route=\/wp\/v2\/types\/page"}],"author":[{"embeddable":true,"href":"https:\/\/foto.chorzow.pl\/index.php?rest_route=\/wp\/v2\/users\/1"}],"replies":[{"embeddable":true,"href":"https:\/\/foto.chorzow.pl\/index.php?rest_route=%2Fwp%2Fv2%2Fcomments&post=6"}],"version-history":[{"count":32,"href":"https:\/\/foto.chorzow.pl\/index.php?rest_route=\/wp\/v2\/pages\/6\/revisions"}],"predecessor-version":[{"id":1362,"href":"https:\/\/foto.chorzow.pl\/index.php?rest_route=\/wp\/v2\/pages\/6\/revisions\/1362"}],"wp:attachment":[{"href":"https:\/\/foto.chorzow.pl\/index.php?rest_route=%2Fwp%2Fv2%2Fmedia&parent=6"}],"curies":[{"name":"wp","href":"https:\/\/api.w.org\/{rel}","templated":true}]}}