{"id":764,"date":"2023-11-20T19:16:22","date_gmt":"2023-11-20T19:16:22","guid":{"rendered":"https:\/\/foto.chorzow.pl\/?page_id=764"},"modified":"2023-11-20T19:19:30","modified_gmt":"2023-11-20T19:19:30","slug":"pow-oow","status":"publish","type":"page","link":"https:\/\/foto.chorzow.pl\/?page_id=764","title":{"rendered":"POW WOW"},"content":{"rendered":"\n<p>18.11.2023, Kompleks Sportowy &#8222;Hajduki&#8221;. Pow wow to tradycyjne zebranie Indian Ameryki P\u00f3\u0142nocnej lub jak w tym przypadku mi\u0142o\u015bnik\u00f3w ich kultury, s\u0142u\u017c\u0105ce spotkaniom towarzyskim, zabawie i wymianie do\u015bwiadcze\u0144.<\/p>\n\n\n<div class=\"wp-block-image\">\n<figure class=\"aligncenter size-full\"><img loading=\"lazy\" decoding=\"async\" width=\"900\" height=\"600\" src=\"https:\/\/foto.chorzow.pl\/wp-content\/uploads\/2023\/11\/adokpowwow1.jpg\" alt=\"\" class=\"wp-image-765\" srcset=\"https:\/\/foto.chorzow.pl\/wp-content\/uploads\/2023\/11\/adokpowwow1.jpg 900w, https:\/\/foto.chorzow.pl\/wp-content\/uploads\/2023\/11\/adokpowwow1-300x200.jpg 300w, https:\/\/foto.chorzow.pl\/wp-content\/uploads\/2023\/11\/adokpowwow1-768x512.jpg 768w, https:\/\/foto.chorzow.pl\/wp-content\/uploads\/2023\/11\/adokpowwow1-450x300.jpg 450w\" sizes=\"auto, (max-width: 900px) 100vw, 900px\" \/><\/figure>\n<\/div>\n\n<div class=\"wp-block-image\">\n<figure class=\"aligncenter size-full\"><img loading=\"lazy\" decoding=\"async\" width=\"900\" height=\"600\" src=\"https:\/\/foto.chorzow.pl\/wp-content\/uploads\/2023\/11\/adokpowwow2.jpg\" alt=\"\" class=\"wp-image-766\" srcset=\"https:\/\/foto.chorzow.pl\/wp-content\/uploads\/2023\/11\/adokpowwow2.jpg 900w, https:\/\/foto.chorzow.pl\/wp-content\/uploads\/2023\/11\/adokpowwow2-300x200.jpg 300w, https:\/\/foto.chorzow.pl\/wp-content\/uploads\/2023\/11\/adokpowwow2-768x512.jpg 768w, https:\/\/foto.chorzow.pl\/wp-content\/uploads\/2023\/11\/adokpowwow2-450x300.jpg 450w\" sizes=\"auto, (max-width: 900px) 100vw, 900px\" \/><\/figure>\n<\/div>\n\n<div class=\"wp-block-image\">\n<figure class=\"aligncenter size-full\"><img loading=\"lazy\" decoding=\"async\" width=\"900\" height=\"600\" src=\"https:\/\/foto.chorzow.pl\/wp-content\/uploads\/2023\/11\/adokpowwow3.jpg\" alt=\"\" class=\"wp-image-767\" srcset=\"https:\/\/foto.chorzow.pl\/wp-content\/uploads\/2023\/11\/adokpowwow3.jpg 900w, https:\/\/foto.chorzow.pl\/wp-content\/uploads\/2023\/11\/adokpowwow3-300x200.jpg 300w, https:\/\/foto.chorzow.pl\/wp-content\/uploads\/2023\/11\/adokpowwow3-768x512.jpg 768w, https:\/\/foto.chorzow.pl\/wp-content\/uploads\/2023\/11\/adokpowwow3-450x300.jpg 450w\" sizes=\"auto, (max-width: 900px) 100vw, 900px\" \/><\/figure>\n<\/div>\n\n<div class=\"wp-block-image\">\n<figure class=\"aligncenter size-full\"><img loading=\"lazy\" decoding=\"async\" width=\"900\" height=\"600\" src=\"https:\/\/foto.chorzow.pl\/wp-content\/uploads\/2023\/11\/adokpowwow4.jpg\" alt=\"\" class=\"wp-image-768\" srcset=\"https:\/\/foto.chorzow.pl\/wp-content\/uploads\/2023\/11\/adokpowwow4.jpg 900w, https:\/\/foto.chorzow.pl\/wp-content\/uploads\/2023\/11\/adokpowwow4-300x200.jpg 300w, https:\/\/foto.chorzow.pl\/wp-content\/uploads\/2023\/11\/adokpowwow4-768x512.jpg 768w, https:\/\/foto.chorzow.pl\/wp-content\/uploads\/2023\/11\/adokpowwow4-450x300.jpg 450w\" sizes=\"auto, (max-width: 900px) 100vw, 900px\" \/><\/figure>\n<\/div>\n\n<div class=\"wp-block-image\">\n<figure class=\"aligncenter size-full\"><img loading=\"lazy\" decoding=\"async\" width=\"900\" height=\"600\" src=\"https:\/\/foto.chorzow.pl\/wp-content\/uploads\/2023\/11\/adokpowwow5.jpg\" alt=\"\" class=\"wp-image-769\" srcset=\"https:\/\/foto.chorzow.pl\/wp-content\/uploads\/2023\/11\/adokpowwow5.jpg 900w, https:\/\/foto.chorzow.pl\/wp-content\/uploads\/2023\/11\/adokpowwow5-300x200.jpg 300w, https:\/\/foto.chorzow.pl\/wp-content\/uploads\/2023\/11\/adokpowwow5-768x512.jpg 768w, https:\/\/foto.chorzow.pl\/wp-content\/uploads\/2023\/11\/adokpowwow5-450x300.jpg 450w\" sizes=\"auto, (max-width: 900px) 100vw, 900px\" \/><\/figure>\n<\/div>\n\n<div class=\"wp-block-image\">\n<figure class=\"aligncenter size-full\"><img loading=\"lazy\" decoding=\"async\" width=\"900\" height=\"600\" src=\"https:\/\/foto.chorzow.pl\/wp-content\/uploads\/2023\/11\/adokpowwow6.jpg\" alt=\"\" class=\"wp-image-770\" srcset=\"https:\/\/foto.chorzow.pl\/wp-content\/uploads\/2023\/11\/adokpowwow6.jpg 900w, https:\/\/foto.chorzow.pl\/wp-content\/uploads\/2023\/11\/adokpowwow6-300x200.jpg 300w, https:\/\/foto.chorzow.pl\/wp-content\/uploads\/2023\/11\/adokpowwow6-768x512.jpg 768w, https:\/\/foto.chorzow.pl\/wp-content\/uploads\/2023\/11\/adokpowwow6-450x300.jpg 450w\" sizes=\"auto, (max-width: 900px) 100vw, 900px\" \/><\/figure>\n<\/div>\n\n<div class=\"wp-block-image\">\n<figure class=\"aligncenter size-full\"><img loading=\"lazy\" decoding=\"async\" width=\"900\" height=\"600\" src=\"https:\/\/foto.chorzow.pl\/wp-content\/uploads\/2023\/11\/adokpowwow7.jpg\" alt=\"\" class=\"wp-image-771\" srcset=\"https:\/\/foto.chorzow.pl\/wp-content\/uploads\/2023\/11\/adokpowwow7.jpg 900w, https:\/\/foto.chorzow.pl\/wp-content\/uploads\/2023\/11\/adokpowwow7-300x200.jpg 300w, https:\/\/foto.chorzow.pl\/wp-content\/uploads\/2023\/11\/adokpowwow7-768x512.jpg 768w, https:\/\/foto.chorzow.pl\/wp-content\/uploads\/2023\/11\/adokpowwow7-450x300.jpg 450w\" sizes=\"auto, (max-width: 900px) 100vw, 900px\" \/><\/figure>\n<\/div>\n\n<div class=\"wp-block-image\">\n<figure class=\"aligncenter size-full\"><img loading=\"lazy\" decoding=\"async\" width=\"900\" height=\"600\" src=\"https:\/\/foto.chorzow.pl\/wp-content\/uploads\/2023\/11\/adokpowwow8.jpg\" alt=\"\" class=\"wp-image-772\" srcset=\"https:\/\/foto.chorzow.pl\/wp-content\/uploads\/2023\/11\/adokpowwow8.jpg 900w, https:\/\/foto.chorzow.pl\/wp-content\/uploads\/2023\/11\/adokpowwow8-300x200.jpg 300w, https:\/\/foto.chorzow.pl\/wp-content\/uploads\/2023\/11\/adokpowwow8-768x512.jpg 768w, https:\/\/foto.chorzow.pl\/wp-content\/uploads\/2023\/11\/adokpowwow8-450x300.jpg 450w\" sizes=\"auto, (max-width: 900px) 100vw, 900px\" \/><\/figure>\n<\/div>\n\n<div class=\"wp-block-image\">\n<figure class=\"aligncenter size-full\"><img loading=\"lazy\" decoding=\"async\" width=\"900\" height=\"600\" src=\"https:\/\/foto.chorzow.pl\/wp-content\/uploads\/2023\/11\/adokpowwow9.jpg\" alt=\"\" class=\"wp-image-773\" srcset=\"https:\/\/foto.chorzow.pl\/wp-content\/uploads\/2023\/11\/adokpowwow9.jpg 900w, https:\/\/foto.chorzow.pl\/wp-content\/uploads\/2023\/11\/adokpowwow9-300x200.jpg 300w, https:\/\/foto.chorzow.pl\/wp-content\/uploads\/2023\/11\/adokpowwow9-768x512.jpg 768w, https:\/\/foto.chorzow.pl\/wp-content\/uploads\/2023\/11\/adokpowwow9-450x300.jpg 450w\" sizes=\"auto, (max-width: 900px) 100vw, 900px\" \/><\/figure>\n<\/div>","protected":false},"excerpt":{"rendered":"<p>18.11.2023, Kompleks Sportowy &#8222;Hajduki&#8221;. Pow wow to tradycyjne zebranie Indian Ameryki P\u00f3\u0142nocnej lub jak w tym przypadku mi\u0142o\u015bnik\u00f3w ich kultury, s\u0142u\u017c\u0105ce spotkaniom towarzyskim, zabawie i wymianie do\u015bwiadcze\u0144.<\/p>\n","protected":false},"author":1,"featured_media":0,"parent":0,"menu_order":0,"comment_status":"closed","ping_status":"closed","template":"","meta":{"footnotes":""},"class_list":["post-764","page","type-page","status-publish","hentry"],"yoast_head":"<!-- This site is optimized with the Yoast SEO plugin v27.5 - https:\/\/yoast.com\/product\/yoast-seo-wordpress\/ -->\n<title>POW WOW - Adrian \u015al\u0105zok Fotografia<\/title>\n<meta name=\"robots\" content=\"index, follow, max-snippet:-1, max-image-preview:large, max-video-preview:-1\" \/>\n<link rel=\"canonical\" href=\"https:\/\/foto.chorzow.pl\/?page_id=764\" \/>\n<meta property=\"og:locale\" content=\"pl_PL\" \/>\n<meta property=\"og:type\" content=\"article\" \/>\n<meta property=\"og:title\" content=\"POW WOW - Adrian \u015al\u0105zok Fotografia\" \/>\n<meta property=\"og:description\" content=\"18.11.2023, Kompleks Sportowy &#8222;Hajduki&#8221;. Pow wow to tradycyjne zebranie Indian Ameryki P\u00f3\u0142nocnej lub jak w tym przypadku mi\u0142o\u015bnik\u00f3w ich kultury, s\u0142u\u017c\u0105ce spotkaniom towarzyskim, zabawie i wymianie do\u015bwiadcze\u0144.\" \/>\n<meta property=\"og:url\" content=\"https:\/\/foto.chorzow.pl\/?page_id=764\" \/>\n<meta property=\"og:site_name\" content=\"Adrian \u015al\u0105zok Fotografia\" \/>\n<meta property=\"article:modified_time\" content=\"2023-11-20T19:19:30+00:00\" \/>\n<meta property=\"og:image\" content=\"https:\/\/foto.chorzow.pl\/wp-content\/uploads\/2023\/11\/adokpowwow1.jpg\" \/>\n<meta name=\"twitter:card\" content=\"summary_large_image\" \/>\n<meta name=\"twitter:label1\" content=\"Szacowany czas czytania\" \/>\n\t<meta name=\"twitter:data1\" content=\"2 minuty\" \/>\n<script type=\"application\/ld+json\" class=\"yoast-schema-graph\">{\"@context\":\"https:\\\/\\\/schema.org\",\"@graph\":[{\"@type\":\"WebPage\",\"@id\":\"https:\\\/\\\/foto.chorzow.pl\\\/?page_id=764\",\"url\":\"https:\\\/\\\/foto.chorzow.pl\\\/?page_id=764\",\"name\":\"POW WOW - Adrian \u015al\u0105zok Fotografia\",\"isPartOf\":{\"@id\":\"https:\\\/\\\/foto.chorzow.pl\\\/#website\"},\"primaryImageOfPage\":{\"@id\":\"https:\\\/\\\/foto.chorzow.pl\\\/?page_id=764#primaryimage\"},\"image\":{\"@id\":\"https:\\\/\\\/foto.chorzow.pl\\\/?page_id=764#primaryimage\"},\"thumbnailUrl\":\"https:\\\/\\\/foto.chorzow.pl\\\/wp-content\\\/uploads\\\/2023\\\/11\\\/adokpowwow1.jpg\",\"datePublished\":\"2023-11-20T19:16:22+00:00\",\"dateModified\":\"2023-11-20T19:19:30+00:00\",\"breadcrumb\":{\"@id\":\"https:\\\/\\\/foto.chorzow.pl\\\/?page_id=764#breadcrumb\"},\"inLanguage\":\"pl-PL\",\"potentialAction\":[{\"@type\":\"ReadAction\",\"target\":[\"https:\\\/\\\/foto.chorzow.pl\\\/?page_id=764\"]}]},{\"@type\":\"ImageObject\",\"inLanguage\":\"pl-PL\",\"@id\":\"https:\\\/\\\/foto.chorzow.pl\\\/?page_id=764#primaryimage\",\"url\":\"https:\\\/\\\/foto.chorzow.pl\\\/wp-content\\\/uploads\\\/2023\\\/11\\\/adokpowwow1.jpg\",\"contentUrl\":\"https:\\\/\\\/foto.chorzow.pl\\\/wp-content\\\/uploads\\\/2023\\\/11\\\/adokpowwow1.jpg\",\"width\":900,\"height\":600,\"caption\":\"18.11.2023 Chorzow, Pow Wow fot. Adrian Slazok\\\/REPORTER\"},{\"@type\":\"BreadcrumbList\",\"@id\":\"https:\\\/\\\/foto.chorzow.pl\\\/?page_id=764#breadcrumb\",\"itemListElement\":[{\"@type\":\"ListItem\",\"position\":1,\"name\":\"Strona g\u0142\u00f3wna\",\"item\":\"https:\\\/\\\/foto.chorzow.pl\\\/\"},{\"@type\":\"ListItem\",\"position\":2,\"name\":\"POW WOW\"}]},{\"@type\":\"WebSite\",\"@id\":\"https:\\\/\\\/foto.chorzow.pl\\\/#website\",\"url\":\"https:\\\/\\\/foto.chorzow.pl\\\/\",\"name\":\"Adrian \u015al\u0105zok Fotografia\",\"description\":\"Adrian Slazok Photography\",\"potentialAction\":[{\"@type\":\"SearchAction\",\"target\":{\"@type\":\"EntryPoint\",\"urlTemplate\":\"https:\\\/\\\/foto.chorzow.pl\\\/?s={search_term_string}\"},\"query-input\":{\"@type\":\"PropertyValueSpecification\",\"valueRequired\":true,\"valueName\":\"search_term_string\"}}],\"inLanguage\":\"pl-PL\"}]}<\/script>\n<!-- \/ Yoast SEO plugin. -->","yoast_head_json":{"title":"POW WOW - Adrian \u015al\u0105zok Fotografia","robots":{"index":"index","follow":"follow","max-snippet":"max-snippet:-1","max-image-preview":"max-image-preview:large","max-video-preview":"max-video-preview:-1"},"canonical":"https:\/\/foto.chorzow.pl\/?page_id=764","og_locale":"pl_PL","og_type":"article","og_title":"POW WOW - Adrian \u015al\u0105zok Fotografia","og_description":"18.11.2023, Kompleks Sportowy &#8222;Hajduki&#8221;. Pow wow to tradycyjne zebranie Indian Ameryki P\u00f3\u0142nocnej lub jak w tym przypadku mi\u0142o\u015bnik\u00f3w ich kultury, s\u0142u\u017c\u0105ce spotkaniom towarzyskim, zabawie i wymianie do\u015bwiadcze\u0144.","og_url":"https:\/\/foto.chorzow.pl\/?page_id=764","og_site_name":"Adrian \u015al\u0105zok Fotografia","article_modified_time":"2023-11-20T19:19:30+00:00","og_image":[{"url":"https:\/\/foto.chorzow.pl\/wp-content\/uploads\/2023\/11\/adokpowwow1.jpg","type":"","width":"","height":""}],"twitter_card":"summary_large_image","twitter_misc":{"Szacowany czas czytania":"2 minuty"},"schema":{"@context":"https:\/\/schema.org","@graph":[{"@type":"WebPage","@id":"https:\/\/foto.chorzow.pl\/?page_id=764","url":"https:\/\/foto.chorzow.pl\/?page_id=764","name":"POW WOW - Adrian \u015al\u0105zok Fotografia","isPartOf":{"@id":"https:\/\/foto.chorzow.pl\/#website"},"primaryImageOfPage":{"@id":"https:\/\/foto.chorzow.pl\/?page_id=764#primaryimage"},"image":{"@id":"https:\/\/foto.chorzow.pl\/?page_id=764#primaryimage"},"thumbnailUrl":"https:\/\/foto.chorzow.pl\/wp-content\/uploads\/2023\/11\/adokpowwow1.jpg","datePublished":"2023-11-20T19:16:22+00:00","dateModified":"2023-11-20T19:19:30+00:00","breadcrumb":{"@id":"https:\/\/foto.chorzow.pl\/?page_id=764#breadcrumb"},"inLanguage":"pl-PL","potentialAction":[{"@type":"ReadAction","target":["https:\/\/foto.chorzow.pl\/?page_id=764"]}]},{"@type":"ImageObject","inLanguage":"pl-PL","@id":"https:\/\/foto.chorzow.pl\/?page_id=764#primaryimage","url":"https:\/\/foto.chorzow.pl\/wp-content\/uploads\/2023\/11\/adokpowwow1.jpg","contentUrl":"https:\/\/foto.chorzow.pl\/wp-content\/uploads\/2023\/11\/adokpowwow1.jpg","width":900,"height":600,"caption":"18.11.2023 Chorzow, Pow Wow fot. Adrian Slazok\/REPORTER"},{"@type":"BreadcrumbList","@id":"https:\/\/foto.chorzow.pl\/?page_id=764#breadcrumb","itemListElement":[{"@type":"ListItem","position":1,"name":"Strona g\u0142\u00f3wna","item":"https:\/\/foto.chorzow.pl\/"},{"@type":"ListItem","position":2,"name":"POW WOW"}]},{"@type":"WebSite","@id":"https:\/\/foto.chorzow.pl\/#website","url":"https:\/\/foto.chorzow.pl\/","name":"Adrian \u015al\u0105zok Fotografia","description":"Adrian Slazok Photography","potentialAction":[{"@type":"SearchAction","target":{"@type":"EntryPoint","urlTemplate":"https:\/\/foto.chorzow.pl\/?s={search_term_string}"},"query-input":{"@type":"PropertyValueSpecification","valueRequired":true,"valueName":"search_term_string"}}],"inLanguage":"pl-PL"}]}},"_links":{"self":[{"href":"https:\/\/foto.chorzow.pl\/index.php?rest_route=\/wp\/v2\/pages\/764","targetHints":{"allow":["GET"]}}],"collection":[{"href":"https:\/\/foto.chorzow.pl\/index.php?rest_route=\/wp\/v2\/pages"}],"about":[{"href":"https:\/\/foto.chorzow.pl\/index.php?rest_route=\/wp\/v2\/types\/page"}],"author":[{"embeddable":true,"href":"https:\/\/foto.chorzow.pl\/index.php?rest_route=\/wp\/v2\/users\/1"}],"replies":[{"embeddable":true,"href":"https:\/\/foto.chorzow.pl\/index.php?rest_route=%2Fwp%2Fv2%2Fcomments&post=764"}],"version-history":[{"count":2,"href":"https:\/\/foto.chorzow.pl\/index.php?rest_route=\/wp\/v2\/pages\/764\/revisions"}],"predecessor-version":[{"id":776,"href":"https:\/\/foto.chorzow.pl\/index.php?rest_route=\/wp\/v2\/pages\/764\/revisions\/776"}],"wp:attachment":[{"href":"https:\/\/foto.chorzow.pl\/index.php?rest_route=%2Fwp%2Fv2%2Fmedia&parent=764"}],"curies":[{"name":"wp","href":"https:\/\/api.w.org\/{rel}","templated":true}]}}