{"id":777,"date":"2023-11-24T07:27:00","date_gmt":"2023-11-24T07:27:00","guid":{"rendered":"https:\/\/foto.chorzow.pl\/?page_id=777"},"modified":"2023-11-24T07:37:28","modified_gmt":"2023-11-24T07:37:28","slug":"podczas-igrzysk-europejskich-krakow-malopolska-odbywajacych-sie-na-przelomie-czerwca-i-lipca-2023-roku-kajakarze-gorscy-rywalizowali-w-centrum-sportu-kolna-dla-mnie-byla","status":"publish","type":"page","link":"https:\/\/foto.chorzow.pl\/?page_id=777","title":{"rendered":"KAJAKARSTWO G\u00d3RSKIE"},"content":{"rendered":"\n<p>Podczas Igrzysk Europejskich Krak\u00f3w \u2013 Ma\u0142opolska, odbywaj\u0105cych si\u0119 na prze\u0142omie czerwca i lipca 2023 roku, kajakarze g\u00f3rscy rywalizowali w Centrum Sportu \u201eKolna\u201d. Dla mnie by\u0142a to okazja do wykonania \u201emokrych portret\u00f3w\u201d w tej widowiskowej dyscyplinie sportu.<\/p>\n\n\n<div class=\"wp-block-image\">\n<figure class=\"aligncenter size-full\"><img loading=\"lazy\" decoding=\"async\" width=\"900\" height=\"600\" src=\"https:\/\/foto.chorzow.pl\/wp-content\/uploads\/2023\/11\/ADOKkg1.jpg\" alt=\"\" class=\"wp-image-778\" srcset=\"https:\/\/foto.chorzow.pl\/wp-content\/uploads\/2023\/11\/ADOKkg1.jpg 900w, https:\/\/foto.chorzow.pl\/wp-content\/uploads\/2023\/11\/ADOKkg1-300x200.jpg 300w, https:\/\/foto.chorzow.pl\/wp-content\/uploads\/2023\/11\/ADOKkg1-768x512.jpg 768w, https:\/\/foto.chorzow.pl\/wp-content\/uploads\/2023\/11\/ADOKkg1-450x300.jpg 450w\" sizes=\"auto, (max-width: 900px) 100vw, 900px\" \/><\/figure>\n<\/div>\n\n<div class=\"wp-block-image\">\n<figure class=\"aligncenter size-full\"><img loading=\"lazy\" decoding=\"async\" width=\"900\" height=\"600\" src=\"https:\/\/foto.chorzow.pl\/wp-content\/uploads\/2023\/11\/ADOKkg2.jpg\" alt=\"\" class=\"wp-image-779\" srcset=\"https:\/\/foto.chorzow.pl\/wp-content\/uploads\/2023\/11\/ADOKkg2.jpg 900w, https:\/\/foto.chorzow.pl\/wp-content\/uploads\/2023\/11\/ADOKkg2-300x200.jpg 300w, https:\/\/foto.chorzow.pl\/wp-content\/uploads\/2023\/11\/ADOKkg2-768x512.jpg 768w, https:\/\/foto.chorzow.pl\/wp-content\/uploads\/2023\/11\/ADOKkg2-450x300.jpg 450w\" sizes=\"auto, (max-width: 900px) 100vw, 900px\" \/><\/figure>\n<\/div>\n\n<div class=\"wp-block-image\">\n<figure class=\"aligncenter size-full\"><img loading=\"lazy\" decoding=\"async\" width=\"900\" height=\"600\" src=\"https:\/\/foto.chorzow.pl\/wp-content\/uploads\/2023\/11\/ADOKkg3.jpg\" alt=\"\" class=\"wp-image-780\" srcset=\"https:\/\/foto.chorzow.pl\/wp-content\/uploads\/2023\/11\/ADOKkg3.jpg 900w, https:\/\/foto.chorzow.pl\/wp-content\/uploads\/2023\/11\/ADOKkg3-300x200.jpg 300w, https:\/\/foto.chorzow.pl\/wp-content\/uploads\/2023\/11\/ADOKkg3-768x512.jpg 768w, https:\/\/foto.chorzow.pl\/wp-content\/uploads\/2023\/11\/ADOKkg3-450x300.jpg 450w\" sizes=\"auto, (max-width: 900px) 100vw, 900px\" \/><\/figure>\n<\/div>\n\n<div class=\"wp-block-image\">\n<figure class=\"aligncenter size-full\"><img loading=\"lazy\" decoding=\"async\" width=\"900\" height=\"600\" src=\"https:\/\/foto.chorzow.pl\/wp-content\/uploads\/2023\/11\/ADOKkg4.jpg\" alt=\"\" class=\"wp-image-781\" srcset=\"https:\/\/foto.chorzow.pl\/wp-content\/uploads\/2023\/11\/ADOKkg4.jpg 900w, https:\/\/foto.chorzow.pl\/wp-content\/uploads\/2023\/11\/ADOKkg4-300x200.jpg 300w, https:\/\/foto.chorzow.pl\/wp-content\/uploads\/2023\/11\/ADOKkg4-768x512.jpg 768w, https:\/\/foto.chorzow.pl\/wp-content\/uploads\/2023\/11\/ADOKkg4-450x300.jpg 450w\" sizes=\"auto, (max-width: 900px) 100vw, 900px\" \/><\/figure>\n<\/div>\n\n<div class=\"wp-block-image\">\n<figure class=\"alignleft size-full\"><img loading=\"lazy\" decoding=\"async\" width=\"900\" height=\"600\" src=\"https:\/\/foto.chorzow.pl\/wp-content\/uploads\/2023\/11\/ADOKkg5.jpg\" alt=\"\" class=\"wp-image-782\" srcset=\"https:\/\/foto.chorzow.pl\/wp-content\/uploads\/2023\/11\/ADOKkg5.jpg 900w, https:\/\/foto.chorzow.pl\/wp-content\/uploads\/2023\/11\/ADOKkg5-300x200.jpg 300w, https:\/\/foto.chorzow.pl\/wp-content\/uploads\/2023\/11\/ADOKkg5-768x512.jpg 768w, https:\/\/foto.chorzow.pl\/wp-content\/uploads\/2023\/11\/ADOKkg5-450x300.jpg 450w\" sizes=\"auto, (max-width: 900px) 100vw, 900px\" \/><\/figure>\n<\/div>\n\n<div class=\"wp-block-image\">\n<figure class=\"aligncenter size-full\"><img loading=\"lazy\" decoding=\"async\" width=\"900\" height=\"600\" src=\"https:\/\/foto.chorzow.pl\/wp-content\/uploads\/2023\/11\/ADOKkg6.jpg\" alt=\"\" class=\"wp-image-783\" srcset=\"https:\/\/foto.chorzow.pl\/wp-content\/uploads\/2023\/11\/ADOKkg6.jpg 900w, https:\/\/foto.chorzow.pl\/wp-content\/uploads\/2023\/11\/ADOKkg6-300x200.jpg 300w, https:\/\/foto.chorzow.pl\/wp-content\/uploads\/2023\/11\/ADOKkg6-768x512.jpg 768w, https:\/\/foto.chorzow.pl\/wp-content\/uploads\/2023\/11\/ADOKkg6-450x300.jpg 450w\" sizes=\"auto, (max-width: 900px) 100vw, 900px\" \/><\/figure>\n<\/div>\n\n<div class=\"wp-block-image\">\n<figure class=\"aligncenter size-full\"><img loading=\"lazy\" decoding=\"async\" width=\"900\" height=\"600\" src=\"https:\/\/foto.chorzow.pl\/wp-content\/uploads\/2023\/11\/ADOKkg7.jpg\" alt=\"\" class=\"wp-image-784\" srcset=\"https:\/\/foto.chorzow.pl\/wp-content\/uploads\/2023\/11\/ADOKkg7.jpg 900w, https:\/\/foto.chorzow.pl\/wp-content\/uploads\/2023\/11\/ADOKkg7-300x200.jpg 300w, https:\/\/foto.chorzow.pl\/wp-content\/uploads\/2023\/11\/ADOKkg7-768x512.jpg 768w, https:\/\/foto.chorzow.pl\/wp-content\/uploads\/2023\/11\/ADOKkg7-450x300.jpg 450w\" sizes=\"auto, (max-width: 900px) 100vw, 900px\" \/><\/figure>\n<\/div>\n\n<div class=\"wp-block-image\">\n<figure class=\"aligncenter size-full\"><img loading=\"lazy\" decoding=\"async\" width=\"900\" height=\"600\" src=\"https:\/\/foto.chorzow.pl\/wp-content\/uploads\/2023\/11\/ADOKkg8.jpg\" alt=\"\" class=\"wp-image-785\" srcset=\"https:\/\/foto.chorzow.pl\/wp-content\/uploads\/2023\/11\/ADOKkg8.jpg 900w, https:\/\/foto.chorzow.pl\/wp-content\/uploads\/2023\/11\/ADOKkg8-300x200.jpg 300w, https:\/\/foto.chorzow.pl\/wp-content\/uploads\/2023\/11\/ADOKkg8-768x512.jpg 768w, https:\/\/foto.chorzow.pl\/wp-content\/uploads\/2023\/11\/ADOKkg8-450x300.jpg 450w\" sizes=\"auto, (max-width: 900px) 100vw, 900px\" \/><\/figure>\n<\/div>\n\n<div class=\"wp-block-image\">\n<figure class=\"aligncenter size-full\"><img loading=\"lazy\" decoding=\"async\" width=\"900\" height=\"600\" src=\"https:\/\/foto.chorzow.pl\/wp-content\/uploads\/2023\/11\/ADOKkg9.jpg\" alt=\"\" class=\"wp-image-786\" srcset=\"https:\/\/foto.chorzow.pl\/wp-content\/uploads\/2023\/11\/ADOKkg9.jpg 900w, https:\/\/foto.chorzow.pl\/wp-content\/uploads\/2023\/11\/ADOKkg9-300x200.jpg 300w, https:\/\/foto.chorzow.pl\/wp-content\/uploads\/2023\/11\/ADOKkg9-768x512.jpg 768w, https:\/\/foto.chorzow.pl\/wp-content\/uploads\/2023\/11\/ADOKkg9-450x300.jpg 450w\" sizes=\"auto, (max-width: 900px) 100vw, 900px\" \/><\/figure>\n<\/div>","protected":false},"excerpt":{"rendered":"<p>Podczas Igrzysk Europejskich Krak\u00f3w \u2013 Ma\u0142opolska, odbywaj\u0105cych si\u0119 na prze\u0142omie czerwca i lipca 2023 roku, kajakarze g\u00f3rscy rywalizowali w Centrum Sportu \u201eKolna\u201d. Dla mnie by\u0142a to okazja do wykonania \u201emokrych portret\u00f3w\u201d w tej widowiskowej dyscyplinie sportu.<\/p>\n","protected":false},"author":1,"featured_media":0,"parent":0,"menu_order":0,"comment_status":"closed","ping_status":"closed","template":"","meta":{"footnotes":""},"class_list":["post-777","page","type-page","status-publish","hentry"],"yoast_head":"<!-- This site is optimized with the Yoast SEO plugin v27.6 - https:\/\/yoast.com\/product\/yoast-seo-wordpress\/ -->\n<title>KAJAKARSTWO G\u00d3RSKIE - Adrian \u015al\u0105zok Fotografia<\/title>\n<meta name=\"robots\" content=\"index, follow, max-snippet:-1, max-image-preview:large, max-video-preview:-1\" \/>\n<link rel=\"canonical\" href=\"https:\/\/foto.chorzow.pl\/?page_id=777\" \/>\n<meta property=\"og:locale\" content=\"pl_PL\" \/>\n<meta property=\"og:type\" content=\"article\" \/>\n<meta property=\"og:title\" content=\"KAJAKARSTWO G\u00d3RSKIE - Adrian \u015al\u0105zok Fotografia\" \/>\n<meta property=\"og:description\" content=\"Podczas Igrzysk Europejskich Krak\u00f3w \u2013 Ma\u0142opolska, odbywaj\u0105cych si\u0119 na prze\u0142omie czerwca i lipca 2023 roku, kajakarze g\u00f3rscy rywalizowali w Centrum Sportu \u201eKolna\u201d. Dla mnie by\u0142a to okazja do wykonania \u201emokrych portret\u00f3w\u201d w tej widowiskowej dyscyplinie sportu.\" \/>\n<meta property=\"og:url\" content=\"https:\/\/foto.chorzow.pl\/?page_id=777\" \/>\n<meta property=\"og:site_name\" content=\"Adrian \u015al\u0105zok Fotografia\" \/>\n<meta property=\"article:modified_time\" content=\"2023-11-24T07:37:28+00:00\" \/>\n<meta property=\"og:image\" content=\"https:\/\/foto.chorzow.pl\/wp-content\/uploads\/2023\/11\/ADOKkg1.jpg\" \/>\n<meta name=\"twitter:card\" content=\"summary_large_image\" \/>\n<meta name=\"twitter:label1\" content=\"Szacowany czas czytania\" \/>\n\t<meta name=\"twitter:data1\" content=\"3 minuty\" \/>\n<script type=\"application\/ld+json\" class=\"yoast-schema-graph\">{\"@context\":\"https:\\\/\\\/schema.org\",\"@graph\":[{\"@type\":\"WebPage\",\"@id\":\"https:\\\/\\\/foto.chorzow.pl\\\/?page_id=777\",\"url\":\"https:\\\/\\\/foto.chorzow.pl\\\/?page_id=777\",\"name\":\"KAJAKARSTWO G\u00d3RSKIE - Adrian \u015al\u0105zok Fotografia\",\"isPartOf\":{\"@id\":\"https:\\\/\\\/foto.chorzow.pl\\\/#website\"},\"primaryImageOfPage\":{\"@id\":\"https:\\\/\\\/foto.chorzow.pl\\\/?page_id=777#primaryimage\"},\"image\":{\"@id\":\"https:\\\/\\\/foto.chorzow.pl\\\/?page_id=777#primaryimage\"},\"thumbnailUrl\":\"https:\\\/\\\/foto.chorzow.pl\\\/wp-content\\\/uploads\\\/2023\\\/11\\\/ADOKkg1.jpg\",\"datePublished\":\"2023-11-24T07:27:00+00:00\",\"dateModified\":\"2023-11-24T07:37:28+00:00\",\"breadcrumb\":{\"@id\":\"https:\\\/\\\/foto.chorzow.pl\\\/?page_id=777#breadcrumb\"},\"inLanguage\":\"pl-PL\",\"potentialAction\":[{\"@type\":\"ReadAction\",\"target\":[\"https:\\\/\\\/foto.chorzow.pl\\\/?page_id=777\"]}]},{\"@type\":\"ImageObject\",\"inLanguage\":\"pl-PL\",\"@id\":\"https:\\\/\\\/foto.chorzow.pl\\\/?page_id=777#primaryimage\",\"url\":\"https:\\\/\\\/foto.chorzow.pl\\\/wp-content\\\/uploads\\\/2023\\\/11\\\/ADOKkg1.jpg\",\"contentUrl\":\"https:\\\/\\\/foto.chorzow.pl\\\/wp-content\\\/uploads\\\/2023\\\/11\\\/ADOKkg1.jpg\",\"width\":900,\"height\":600,\"caption\":\"2.07.2023 Krakow, Centrum Sportu Kolna, Igrzyska Europejskie Krakow - Malopolska 2023, kajakarstwo slalomowe, mezczyzni C1 n\\\/z Tor kajakarski fot. Adrian Slazok\\\/REPORTER ---------------==========--------------- European Games Krakow - Malopolska 2023 on July 2, 2023, Cracow, Sports Center Kolna, Poland, canoe slalom, men's C1 photo: Adrian Slazok\\\/REPORTER\"},{\"@type\":\"BreadcrumbList\",\"@id\":\"https:\\\/\\\/foto.chorzow.pl\\\/?page_id=777#breadcrumb\",\"itemListElement\":[{\"@type\":\"ListItem\",\"position\":1,\"name\":\"Strona g\u0142\u00f3wna\",\"item\":\"https:\\\/\\\/foto.chorzow.pl\\\/\"},{\"@type\":\"ListItem\",\"position\":2,\"name\":\"KAJAKARSTWO G\u00d3RSKIE\"}]},{\"@type\":\"WebSite\",\"@id\":\"https:\\\/\\\/foto.chorzow.pl\\\/#website\",\"url\":\"https:\\\/\\\/foto.chorzow.pl\\\/\",\"name\":\"Adrian \u015al\u0105zok Fotografia\",\"description\":\"Adrian Slazok Photography\",\"potentialAction\":[{\"@type\":\"SearchAction\",\"target\":{\"@type\":\"EntryPoint\",\"urlTemplate\":\"https:\\\/\\\/foto.chorzow.pl\\\/?s={search_term_string}\"},\"query-input\":{\"@type\":\"PropertyValueSpecification\",\"valueRequired\":true,\"valueName\":\"search_term_string\"}}],\"inLanguage\":\"pl-PL\"}]}<\/script>\n<!-- \/ Yoast SEO plugin. -->","yoast_head_json":{"title":"KAJAKARSTWO G\u00d3RSKIE - Adrian \u015al\u0105zok Fotografia","robots":{"index":"index","follow":"follow","max-snippet":"max-snippet:-1","max-image-preview":"max-image-preview:large","max-video-preview":"max-video-preview:-1"},"canonical":"https:\/\/foto.chorzow.pl\/?page_id=777","og_locale":"pl_PL","og_type":"article","og_title":"KAJAKARSTWO G\u00d3RSKIE - Adrian \u015al\u0105zok Fotografia","og_description":"Podczas Igrzysk Europejskich Krak\u00f3w \u2013 Ma\u0142opolska, odbywaj\u0105cych si\u0119 na prze\u0142omie czerwca i lipca 2023 roku, kajakarze g\u00f3rscy rywalizowali w Centrum Sportu \u201eKolna\u201d. Dla mnie by\u0142a to okazja do wykonania \u201emokrych portret\u00f3w\u201d w tej widowiskowej dyscyplinie sportu.","og_url":"https:\/\/foto.chorzow.pl\/?page_id=777","og_site_name":"Adrian \u015al\u0105zok Fotografia","article_modified_time":"2023-11-24T07:37:28+00:00","og_image":[{"url":"https:\/\/foto.chorzow.pl\/wp-content\/uploads\/2023\/11\/ADOKkg1.jpg","type":"","width":"","height":""}],"twitter_card":"summary_large_image","twitter_misc":{"Szacowany czas czytania":"3 minuty"},"schema":{"@context":"https:\/\/schema.org","@graph":[{"@type":"WebPage","@id":"https:\/\/foto.chorzow.pl\/?page_id=777","url":"https:\/\/foto.chorzow.pl\/?page_id=777","name":"KAJAKARSTWO G\u00d3RSKIE - Adrian \u015al\u0105zok Fotografia","isPartOf":{"@id":"https:\/\/foto.chorzow.pl\/#website"},"primaryImageOfPage":{"@id":"https:\/\/foto.chorzow.pl\/?page_id=777#primaryimage"},"image":{"@id":"https:\/\/foto.chorzow.pl\/?page_id=777#primaryimage"},"thumbnailUrl":"https:\/\/foto.chorzow.pl\/wp-content\/uploads\/2023\/11\/ADOKkg1.jpg","datePublished":"2023-11-24T07:27:00+00:00","dateModified":"2023-11-24T07:37:28+00:00","breadcrumb":{"@id":"https:\/\/foto.chorzow.pl\/?page_id=777#breadcrumb"},"inLanguage":"pl-PL","potentialAction":[{"@type":"ReadAction","target":["https:\/\/foto.chorzow.pl\/?page_id=777"]}]},{"@type":"ImageObject","inLanguage":"pl-PL","@id":"https:\/\/foto.chorzow.pl\/?page_id=777#primaryimage","url":"https:\/\/foto.chorzow.pl\/wp-content\/uploads\/2023\/11\/ADOKkg1.jpg","contentUrl":"https:\/\/foto.chorzow.pl\/wp-content\/uploads\/2023\/11\/ADOKkg1.jpg","width":900,"height":600,"caption":"2.07.2023 Krakow, Centrum Sportu Kolna, Igrzyska Europejskie Krakow - Malopolska 2023, kajakarstwo slalomowe, mezczyzni C1 n\/z Tor kajakarski fot. Adrian Slazok\/REPORTER ---------------==========--------------- European Games Krakow - Malopolska 2023 on July 2, 2023, Cracow, Sports Center Kolna, Poland, canoe slalom, men's C1 photo: Adrian Slazok\/REPORTER"},{"@type":"BreadcrumbList","@id":"https:\/\/foto.chorzow.pl\/?page_id=777#breadcrumb","itemListElement":[{"@type":"ListItem","position":1,"name":"Strona g\u0142\u00f3wna","item":"https:\/\/foto.chorzow.pl\/"},{"@type":"ListItem","position":2,"name":"KAJAKARSTWO G\u00d3RSKIE"}]},{"@type":"WebSite","@id":"https:\/\/foto.chorzow.pl\/#website","url":"https:\/\/foto.chorzow.pl\/","name":"Adrian \u015al\u0105zok Fotografia","description":"Adrian Slazok Photography","potentialAction":[{"@type":"SearchAction","target":{"@type":"EntryPoint","urlTemplate":"https:\/\/foto.chorzow.pl\/?s={search_term_string}"},"query-input":{"@type":"PropertyValueSpecification","valueRequired":true,"valueName":"search_term_string"}}],"inLanguage":"pl-PL"}]}},"_links":{"self":[{"href":"https:\/\/foto.chorzow.pl\/index.php?rest_route=\/wp\/v2\/pages\/777","targetHints":{"allow":["GET"]}}],"collection":[{"href":"https:\/\/foto.chorzow.pl\/index.php?rest_route=\/wp\/v2\/pages"}],"about":[{"href":"https:\/\/foto.chorzow.pl\/index.php?rest_route=\/wp\/v2\/types\/page"}],"author":[{"embeddable":true,"href":"https:\/\/foto.chorzow.pl\/index.php?rest_route=\/wp\/v2\/users\/1"}],"replies":[{"embeddable":true,"href":"https:\/\/foto.chorzow.pl\/index.php?rest_route=%2Fwp%2Fv2%2Fcomments&post=777"}],"version-history":[{"count":3,"href":"https:\/\/foto.chorzow.pl\/index.php?rest_route=\/wp\/v2\/pages\/777\/revisions"}],"predecessor-version":[{"id":792,"href":"https:\/\/foto.chorzow.pl\/index.php?rest_route=\/wp\/v2\/pages\/777\/revisions\/792"}],"wp:attachment":[{"href":"https:\/\/foto.chorzow.pl\/index.php?rest_route=%2Fwp%2Fv2%2Fmedia&parent=777"}],"curies":[{"name":"wp","href":"https:\/\/api.w.org\/{rel}","templated":true}]}}